{"id":1865,"date":"2022-10-19T14:51:14","date_gmt":"2022-10-19T14:51:14","guid":{"rendered":"https:\/\/admisiones.ufm.edu\/site\/?page_id=1865"},"modified":"2025-01-24T08:49:46","modified_gmt":"2025-01-24T14:49:46","slug":"ufm-madrid","status":"publish","type":"page","link":"https:\/\/admisiones.ufm.edu\/site\/ufm-madrid\/","title":{"rendered":"UFM Madrid"},"content":{"rendered":"\n<h2>\n\t\tUFM Madrid, en 120 segundos\n\t<\/h2>\n  <iframe src=\"https:\/\/www.youtube.com\/embed\/0hUHug9J_rA?rel=0&#038;autoplay=0\" title=\"YouTube video player\" allow=\"accelerometer; autoplay; clipboard-write; encrypted-media; gyroscope; picture-in-picture\" allowfullscreen><\/iframe>\n<h2>\n\t\t\u00bfPor qu\u00e9 UFM Madrid?\n\t<\/h2>\n\t<p>UFM Madrid nace con la misi\u00f3n de ofrecer en Espa\u00f1a un modelo educativo de calidad excepcional, fundamentado en las humanidades, pero tambi\u00e9n disruptivo e innovador, situando al alumno en el centro de su proceso de aprendizaje.<\/p>\n<p>Estudiar en Madrid te dar\u00e1 la oportunidad de disfrutar de una ciudad \u00fanica, din\u00e1mica y vibrante, con una vida cultural y social inolvidable. Entrar\u00e1s en contacto con el entramado empresarial y emprendedor de Madrid, que ser\u00e1 la plataforma para tu futuro profesional.<\/p>\n\t\t\t<a href=\"https:\/\/admisiones.ufm.edu\/aplica\/\" target=\"_blank\" role=\"button\" rel=\"noopener\">\n\t\t\t\t\t\t\tAPLICA AHORA \n\t\t\t\t\t<\/a>\n<h2>\n\t\t\u00bfQu\u00e9 podr\u00e1s estudiar en UFM Madrid?\n\t<\/h2>\n<h3>\n\t\tEn UFM Madrid tendr\u00e1s la opci\u00f3n de estudiar dos licenciaturas:\n\t<\/h3>\n<h3>\n\t\tLicenciatura en Administraci\u00f3n de Empresas\n\t<\/h3>\n\t\t\t\t<img decoding=\"async\" src=\"https:\/\/res.cloudinary.com\/ufmedu\/image\/upload\/v1668205882\/UFM-Madrid-clase-scaled_wixtde.jpg\" alt=\"UFM Madrid clase\" itemprop=\"image\" title=\"UFM Madrid clase\" onerror=\"this.style.display='none'\"  \/>\n\t<p>Te formar\u00e1s como un profesional con visi\u00f3n empresarial y estrat\u00e9gica, fortalecer\u00e1s tus habilidades a trav\u00e9s del pensamiento disruptivo y un enfoque multidisciplinario hacia la resoluci\u00f3n de problemas, lo cual te permitir\u00e1 competir al m\u00e1s alto nivel. Podr\u00e1s especializarte en Nuevas Finanzas, Marketing Digital o Emprendimiento Internacional.<\/p>\n<p>Utilizar\u00e1s metodolog\u00edas disruptivas de <i>active learning<\/i>, di\u00e1logos socr\u00e1ticos y proyectos transversales en nuestro Colab.<\/p>\n<p>Inversi\u00f3n: 13,131 euros\/a\u00f1o (seg\u00fan la carga acad\u00e9mica del alumno).<\/p>\n\t\t\t<a href=\"https:\/\/madrid.ufm.edu\/ade\/\" target=\"_blank\" role=\"button\" rel=\"noopener\">\n\t\t\t\t\t\t\tM\u00c1S INFORMACI\u00d3N AQU\u00cd \n\t\t\t\t\t<\/a>\n<h3>\n\t\tLicenciatura en Entrepreneurship\n\t<\/h3>\n\t\t\t\t<img decoding=\"async\" src=\"https:\/\/res.cloudinary.com\/ufmedu\/image\/upload\/v1668205881\/UFM-Madrid-Entrepreneurship_doffyt.jpg\" alt=\"UFM Madrid Entrepreneurship\" itemprop=\"image\" title=\"UFM Madrid Entrepreneurship\" onerror=\"this.style.display='none'\"  \/>\n\t<p>Desarrollar\u00e1s las habilidades necesarias para construir tu carrera como emprendedor y crear tu propia empresa. Aprender\u00e1s a detectar nuevas oportunidades para desarrollar modelos de negocio y validarlas con tus clientes, y crear\u00e1s estrategias para lanzar tus emprendimientos.<\/p>\n<p>Tendr\u00e1s una formaci\u00f3n acompa\u00f1ada de <i>mentoring<\/i> de inversionistas y obtendr\u00e1s relaciones internacionales a trav\u00e9s del <i>networking. <\/i>Participar\u00e1s local e internacionalmente en competencias, visitas a empresas, ferias, <i>study tours<\/i>, pr\u00e1cticas y programas de acompa\u00f1amiento a emprendedores que te permitir\u00e1n desarrollar habilidades clave<\/p>\n<p>Inversi\u00f3n: 13,131 euros\/a\u00f1o (seg\u00fan la carga acad\u00e9mica del alumno).<\/p>\n\t\t\t<a href=\"https:\/\/madrid.ufm.edu\/emprendimiento\/\" target=\"_blank\" role=\"button\" rel=\"noopener\">\n\t\t\t\t\t\t\tM\u00c1S INFORMACI\u00d3N AQU\u00cd \n\t\t\t\t\t<\/a>\n\t<p>Con ambas carreras tendr\u00e1s la oportunidad de estudiar en los campus de Guatemala y Madrid, ya sea la carrera completa, un semestre, un a\u00f1o o, solamente cursos de verano. Nuestros programas permiten combinar clases en ambos pa\u00edses para que vivas una experiencia internacional en base a tus intereses.<\/p>\n<h2>\n\t\t\u00bfCu\u00e1nto tiempo podr\u00e1s estudiar en UFM Madrid?\n\t<\/h2>\n\t<p>\u00a0Tendr\u00e1s la opci\u00f3n de elegir un semestre, un a\u00f1o o, incluso, \u00a1cursar toda tu carrera en Espa\u00f1a! Tambi\u00e9n podr\u00e1s disfrutar de esta oportunidad en cursos de verano. Podr\u00e1s vivir en Espa\u00f1a o en Guatemala, estudiando en la misma universidad.<\/p>\n<h2>\n\t\tGALER\u00cdA\n\t<\/h2>\n\t\t\t\t<a\n\t\t\thref=\"https:\/\/admisiones.ufm.edu\/site\/wp-content\/uploads\/2022\/10\/UFM-Madrid-clases-administracion1-1024x768.jpg\"\n\t\t\t\t\t\tdata-fancybox=\"images\" \n\t\t\ttitle=\"UFM Madrid clases administraci\u00f3n(1)\" \n\t\t\t\t\t\tdata-caption=\"\"\n\t\t\t\t\t\tdata-description=\"\" \n\t\t\titemprop=\"contentUrl\">\n\t\t\t<img loading=\"lazy\" decoding=\"async\" src=\"https:\/\/admisiones.ufm.edu\/site\/wp-content\/uploads\/2022\/10\/UFM-Madrid-clases-administracion1-1024x768.jpg\" alt=\"\" data-no-lazy=\"1\" itemprop=\"thumbnail\" width=\"1024\" height=\"768\" \/>\n\t\t\t<!-- Overlay Wrapper -->\n\t\t\t <!-- Overlay Wrapper Closed -->\n\t\t\t\t<\/a>\n\t\t\t\t\t\t\t<meta itemprop=\"width\" content=\"1024\" \/>\n\t\t\t<meta itemprop=\"height\" content=\"768\" \/>\n\t\t\t\t<a\n\t\t\thref=\"https:\/\/admisiones.ufm.edu\/site\/wp-content\/uploads\/2022\/10\/UFM-Madrid-Entrepreneurship1-1024x768.jpg\"\n\t\t\t\t\t\tdata-fancybox=\"images\" \n\t\t\ttitle=\"UFM Madrid Entrepreneurship(1)\" \n\t\t\t\t\t\tdata-caption=\"\"\n\t\t\t\t\t\tdata-description=\"\" \n\t\t\titemprop=\"contentUrl\">\n\t\t\t<img loading=\"lazy\" decoding=\"async\" src=\"https:\/\/admisiones.ufm.edu\/site\/wp-content\/uploads\/2022\/10\/UFM-Madrid-Entrepreneurship1-1024x768.jpg\" alt=\"\" data-no-lazy=\"1\" itemprop=\"thumbnail\" width=\"1024\" height=\"768\" \/>\n\t\t\t<!-- Overlay Wrapper -->\n\t\t\t <!-- Overlay Wrapper Closed -->\n\t\t\t\t<\/a>\n\t\t\t\t\t\t\t<meta itemprop=\"width\" content=\"1024\" \/>\n\t\t\t<meta itemprop=\"height\" content=\"768\" \/>\n\t\t\t\t<a\n\t\t\thref=\"https:\/\/admisiones.ufm.edu\/site\/wp-content\/uploads\/2022\/10\/UFM-MADRID-Instalaciones-1024x768.jpg\"\n\t\t\t\t\t\tdata-fancybox=\"images\" \n\t\t\ttitle=\"DCIM100GOPROGOPR0814.JPG\" \n\t\t\t\t\t\tdata-caption=\"DCIM100GOPROGOPR0814.JPG\"\n\t\t\t\t\t\tdata-description=\"\" \n\t\t\titemprop=\"contentUrl\">\n\t\t\t<img loading=\"lazy\" decoding=\"async\" src=\"https:\/\/admisiones.ufm.edu\/site\/wp-content\/uploads\/2022\/10\/UFM-MADRID-Instalaciones-1024x768.jpg\" alt=\"\" data-no-lazy=\"1\" itemprop=\"thumbnail\" width=\"1024\" height=\"768\" \/>\n\t\t\t<!-- Overlay Wrapper -->\n\t\t\t <!-- Overlay Wrapper Closed -->\n\t\t\t\t<\/a>\n\t\t\t\t\t\t\t<meta itemprop=\"width\" content=\"1024\" \/>\n\t\t\t<meta itemprop=\"height\" content=\"768\" \/>\n\t\t\t\t<a\n\t\t\thref=\"https:\/\/admisiones.ufm.edu\/site\/wp-content\/uploads\/2022\/10\/UFM-Madrid-tour-1024x768.jpg\"\n\t\t\t\t\t\tdata-fancybox=\"images\" \n\t\t\ttitle=\"UFM Madrid tour\" \n\t\t\t\t\t\tdata-caption=\"\"\n\t\t\t\t\t\tdata-description=\"\" \n\t\t\titemprop=\"contentUrl\">\n\t\t\t<img loading=\"lazy\" decoding=\"async\" src=\"https:\/\/admisiones.ufm.edu\/site\/wp-content\/uploads\/2022\/10\/UFM-Madrid-tour-1024x768.jpg\" alt=\"\" data-no-lazy=\"1\" itemprop=\"thumbnail\" width=\"1024\" height=\"768\" \/>\n\t\t\t<!-- Overlay Wrapper -->\n\t\t\t <!-- Overlay Wrapper Closed -->\n\t\t\t\t<\/a>\n\t\t\t\t\t\t\t<meta itemprop=\"width\" content=\"1024\" \/>\n\t\t\t<meta itemprop=\"height\" content=\"768\" \/>\n\t\t\t\t<a\n\t\t\thref=\"https:\/\/admisiones.ufm.edu\/site\/wp-content\/uploads\/2022\/10\/UFM-Madrid-clase-1-1024x740.jpg\"\n\t\t\t\t\t\tdata-fancybox=\"images\" \n\t\t\ttitle=\"UFM Madrid clase\" \n\t\t\t\t\t\tdata-caption=\"\"\n\t\t\t\t\t\tdata-description=\"\" \n\t\t\titemprop=\"contentUrl\">\n\t\t\t<img loading=\"lazy\" decoding=\"async\" src=\"https:\/\/admisiones.ufm.edu\/site\/wp-content\/uploads\/2022\/10\/UFM-Madrid-clase-1-1024x740.jpg\" alt=\"\" data-no-lazy=\"1\" itemprop=\"thumbnail\" width=\"1024\" height=\"740\" \/>\n\t\t\t<!-- Overlay Wrapper -->\n\t\t\t <!-- Overlay Wrapper Closed -->\n\t\t\t\t<\/a>\n\t\t\t\t\t\t\t<meta itemprop=\"width\" content=\"1024\" \/>\n\t\t\t<meta itemprop=\"height\" content=\"740\" \/>\n\t\t\t\t<a\n\t\t\thref=\"https:\/\/admisiones.ufm.edu\/site\/wp-content\/uploads\/2022\/10\/Galeria-6-1024x768.jpg\"\n\t\t\t\t\t\tdata-fancybox=\"images\" \n\t\t\ttitle=\"Galeria 6\" \n\t\t\t\t\t\tdata-caption=\"\"\n\t\t\t\t\t\tdata-description=\"\" \n\t\t\titemprop=\"contentUrl\">\n\t\t\t<img loading=\"lazy\" decoding=\"async\" src=\"https:\/\/admisiones.ufm.edu\/site\/wp-content\/uploads\/2022\/10\/Galeria-6-1024x768.jpg\" alt=\"\" data-no-lazy=\"1\" itemprop=\"thumbnail\" width=\"1024\" height=\"768\" \/>\n\t\t\t<!-- Overlay Wrapper -->\n\t\t\t <!-- Overlay Wrapper Closed -->\n\t\t\t\t<\/a>\n\t\t\t\t\t\t\t<meta itemprop=\"width\" content=\"1024\" \/>\n\t\t\t<meta itemprop=\"height\" content=\"768\" \/>\n\t\n","protected":false},"excerpt":{"rendered":"<p>UFM Madrid, en 120 segundos \u00bfPor qu\u00e9 UFM Madrid? UFM Madrid nace con la misi\u00f3n de ofrecer en Espa\u00f1a un modelo educativo de calidad excepcional, fundamentado en las humanidades, pero tambi\u00e9n disruptivo e innovador, situando al alumno en el centro de su proceso de aprendizaje. Estudiar en Madrid te dar\u00e1 la oportunidad de disfrutar de&hellip;<\/p>\n","protected":false},"author":1,"featured_media":0,"parent":0,"menu_order":0,"comment_status":"closed","ping_status":"closed","template":"","meta":{"footnotes":""},"class_list":["post-1865","page","type-page","status-publish","hentry"],"yoast_head":"<!-- This site is optimized with the Yoast SEO plugin v19.11 - https:\/\/yoast.com\/wordpress\/plugins\/seo\/ -->\n<title>UFM Madrid - Admisiones<\/title>\n<meta name=\"robots\" content=\"index, follow, max-snippet:-1, max-image-preview:large, max-video-preview:-1\" \/>\n<link rel=\"canonical\" href=\"https:\/\/admisiones.ufm.edu\/site\/ufm-madrid\/\" \/>\n<meta property=\"og:locale\" content=\"es_ES\" \/>\n<meta property=\"og:type\" content=\"article\" \/>\n<meta property=\"og:title\" content=\"UFM Madrid - Admisiones\" \/>\n<meta property=\"og:description\" content=\"UFM Madrid, en 120 segundos \u00bfPor qu\u00e9 UFM Madrid? UFM Madrid nace con la misi\u00f3n de ofrecer en Espa\u00f1a un modelo educativo de calidad excepcional, fundamentado en las humanidades, pero tambi\u00e9n disruptivo e innovador, situando al alumno en el centro de su proceso de aprendizaje. Estudiar en Madrid te dar\u00e1 la oportunidad de disfrutar de&hellip;\" \/>\n<meta property=\"og:url\" content=\"https:\/\/admisiones.ufm.edu\/site\/ufm-madrid\/\" \/>\n<meta property=\"og:site_name\" content=\"Admisiones\" \/>\n<meta property=\"article:modified_time\" content=\"2025-01-24T14:49:46+00:00\" \/>\n<meta property=\"og:image\" content=\"https:\/\/res.cloudinary.com\/ufmedu\/image\/upload\/v1668205882\/UFM-Madrid-clase-scaled_wixtde.jpg\" \/>\n<meta name=\"twitter:card\" content=\"summary_large_image\" \/>\n<script type=\"application\/ld+json\" class=\"yoast-schema-graph\">{\"@context\":\"https:\/\/schema.org\",\"@graph\":[{\"@type\":\"WebPage\",\"@id\":\"https:\/\/admisiones.ufm.edu\/site\/ufm-madrid\/\",\"url\":\"https:\/\/admisiones.ufm.edu\/site\/ufm-madrid\/\",\"name\":\"UFM Madrid - Admisiones\",\"isPartOf\":{\"@id\":\"https:\/\/admisiones.ufm.edu\/site\/#website\"},\"datePublished\":\"2022-10-19T14:51:14+00:00\",\"dateModified\":\"2025-01-24T14:49:46+00:00\",\"breadcrumb\":{\"@id\":\"https:\/\/admisiones.ufm.edu\/site\/ufm-madrid\/#breadcrumb\"},\"inLanguage\":\"es\",\"potentialAction\":[{\"@type\":\"ReadAction\",\"target\":[\"https:\/\/admisiones.ufm.edu\/site\/ufm-madrid\/\"]}]},{\"@type\":\"BreadcrumbList\",\"@id\":\"https:\/\/admisiones.ufm.edu\/site\/ufm-madrid\/#breadcrumb\",\"itemListElement\":[{\"@type\":\"ListItem\",\"position\":1,\"name\":\"Home\",\"item\":\"https:\/\/admisiones.ufm.edu\/site\/\"},{\"@type\":\"ListItem\",\"position\":2,\"name\":\"UFM Madrid\"}]},{\"@type\":\"WebSite\",\"@id\":\"https:\/\/admisiones.ufm.edu\/site\/#website\",\"url\":\"https:\/\/admisiones.ufm.edu\/site\/\",\"name\":\"Admisiones\",\"description\":\"Universidad Francisco Marroqu\u00edn\",\"potentialAction\":[{\"@type\":\"SearchAction\",\"target\":{\"@type\":\"EntryPoint\",\"urlTemplate\":\"https:\/\/admisiones.ufm.edu\/site\/?s={search_term_string}\"},\"query-input\":\"required name=search_term_string\"}],\"inLanguage\":\"es\"}]}<\/script>\n<!-- \/ Yoast SEO plugin. -->","yoast_head_json":{"title":"UFM Madrid - Admisiones","robots":{"index":"index","follow":"follow","max-snippet":"max-snippet:-1","max-image-preview":"max-image-preview:large","max-video-preview":"max-video-preview:-1"},"canonical":"https:\/\/admisiones.ufm.edu\/site\/ufm-madrid\/","og_locale":"es_ES","og_type":"article","og_title":"UFM Madrid - Admisiones","og_description":"UFM Madrid, en 120 segundos \u00bfPor qu\u00e9 UFM Madrid? UFM Madrid nace con la misi\u00f3n de ofrecer en Espa\u00f1a un modelo educativo de calidad excepcional, fundamentado en las humanidades, pero tambi\u00e9n disruptivo e innovador, situando al alumno en el centro de su proceso de aprendizaje. Estudiar en Madrid te dar\u00e1 la oportunidad de disfrutar de&hellip;","og_url":"https:\/\/admisiones.ufm.edu\/site\/ufm-madrid\/","og_site_name":"Admisiones","article_modified_time":"2025-01-24T14:49:46+00:00","og_image":[{"url":"https:\/\/res.cloudinary.com\/ufmedu\/image\/upload\/v1668205882\/UFM-Madrid-clase-scaled_wixtde.jpg"}],"twitter_card":"summary_large_image","schema":{"@context":"https:\/\/schema.org","@graph":[{"@type":"WebPage","@id":"https:\/\/admisiones.ufm.edu\/site\/ufm-madrid\/","url":"https:\/\/admisiones.ufm.edu\/site\/ufm-madrid\/","name":"UFM Madrid - Admisiones","isPartOf":{"@id":"https:\/\/admisiones.ufm.edu\/site\/#website"},"datePublished":"2022-10-19T14:51:14+00:00","dateModified":"2025-01-24T14:49:46+00:00","breadcrumb":{"@id":"https:\/\/admisiones.ufm.edu\/site\/ufm-madrid\/#breadcrumb"},"inLanguage":"es","potentialAction":[{"@type":"ReadAction","target":["https:\/\/admisiones.ufm.edu\/site\/ufm-madrid\/"]}]},{"@type":"BreadcrumbList","@id":"https:\/\/admisiones.ufm.edu\/site\/ufm-madrid\/#breadcrumb","itemListElement":[{"@type":"ListItem","position":1,"name":"Home","item":"https:\/\/admisiones.ufm.edu\/site\/"},{"@type":"ListItem","position":2,"name":"UFM Madrid"}]},{"@type":"WebSite","@id":"https:\/\/admisiones.ufm.edu\/site\/#website","url":"https:\/\/admisiones.ufm.edu\/site\/","name":"Admisiones","description":"Universidad Francisco Marroqu\u00edn","potentialAction":[{"@type":"SearchAction","target":{"@type":"EntryPoint","urlTemplate":"https:\/\/admisiones.ufm.edu\/site\/?s={search_term_string}"},"query-input":"required name=search_term_string"}],"inLanguage":"es"}]}},"meta_box":[],"_links":{"self":[{"href":"https:\/\/admisiones.ufm.edu\/site\/wp-json\/wp\/v2\/pages\/1865","targetHints":{"allow":["GET"]}}],"collection":[{"href":"https:\/\/admisiones.ufm.edu\/site\/wp-json\/wp\/v2\/pages"}],"about":[{"href":"https:\/\/admisiones.ufm.edu\/site\/wp-json\/wp\/v2\/types\/page"}],"author":[{"embeddable":true,"href":"https:\/\/admisiones.ufm.edu\/site\/wp-json\/wp\/v2\/users\/1"}],"replies":[{"embeddable":true,"href":"https:\/\/admisiones.ufm.edu\/site\/wp-json\/wp\/v2\/comments?post=1865"}],"version-history":[{"count":21,"href":"https:\/\/admisiones.ufm.edu\/site\/wp-json\/wp\/v2\/pages\/1865\/revisions"}],"predecessor-version":[{"id":3834,"href":"https:\/\/admisiones.ufm.edu\/site\/wp-json\/wp\/v2\/pages\/1865\/revisions\/3834"}],"wp:attachment":[{"href":"https:\/\/admisiones.ufm.edu\/site\/wp-json\/wp\/v2\/media?parent=1865"}],"curies":[{"name":"wp","href":"https:\/\/api.w.org\/{rel}","templated":true}]}}