{"id":1876,"date":"2022-10-19T16:27:38","date_gmt":"2022-10-19T16:27:38","guid":{"rendered":"https:\/\/admisiones.ufm.edu\/site\/?page_id=1876"},"modified":"2025-09-23T10:36:02","modified_gmt":"2025-09-23T16:36:02","slug":"proceso-de-admision","status":"publish","type":"page","link":"https:\/\/admisiones.ufm.edu\/site\/proceso-de-admision\/","title":{"rendered":"Proceso de admisi\u00f3n"},"content":{"rendered":"\n<h2>\n\t\tProceso de Admisi\u00f3n\n\t<\/h2>\n\t\t\t\t\t\t\t<p>1. Solicitud en L\u00ednea<\/p>\n\t\t\t\t\t\t\t<p><img loading=\"lazy\" decoding=\"async\" src=\"https:\/\/admisiones.ufm.edu\/site\/wp-content\/uploads\/2022\/12\/solicitud.png\" alt=\"\" width=\"119\" height=\"110\" \/><a href=\"https:\/\/admisiones.ufm.edu\/aplica\/\" target=\"_blank\" rel=\"noopener\">Llena el formulario de admisi\u00f3n<\/a><br \/>en l\u00ednea para crear tu usuario.<br \/>Asigna una fecha para realizar las pruebas de admisi\u00f3n.<\/p>\t\t\t\t\t\t\t\t\t\t\t\t\t\n\t\t\t\t\t\t\t<p>2. Pago del proceso de admisi\u00f3n<\/p>\n\t\t\t\t\t\t\t<p>Al completar tu solicitud en l\u00ednea<img loading=\"lazy\" decoding=\"async\" src=\"https:\/\/admisiones.ufm.edu\/site\/wp-content\/uploads\/2022\/12\/pago-300x196.png\" alt=\"\" width=\"149\" height=\"98\" \/><br \/>debes realizar el pago del<br \/>proceso de admisi\u00f3n,<br \/>el cual tiene un costo de Q525 o $65. (No hay reembolso)<\/p>\t\t\t\t\t\t\t\t\t\t\t\t\t\n\t\t\t\t\t\t\t<p>3. Prueba de aptitud acad\u00e9mica<\/p>\n\t\t\t\t\t\t\t<p><img loading=\"lazy\" decoding=\"async\" src=\"https:\/\/admisiones.ufm.edu\/site\/wp-content\/uploads\/2022\/12\/prueba-aptitud-175x300.png\" alt=\"\" width=\"158\" height=\"271\" \/>Haz la Prueba de Aptitud Acad\u00e9mica (PAA) y de Inteligencia General (OTIS) en la fecha que elegiste.<\/p>\n<p>Si ya te sometiste a la PAA o SAT, env\u00edanos tu informe de resultados a <a href=\"mailto:admisiones@ufm.edu\">admisiones@ufm.edu<\/a>, con tu nombre completo y la carrera que te interesa.<\/p>\n<p>AUN CON EL RESULTADO SATISFACTORIO DE LA PRUEBA DE PAA, ES NECESARIO QUE TE ASIGNES UNA FECHA PARA TOMAR TU PRUEBA DE INTELIGENCIA OTIS.<\/p>\n<p><a href=\"https:\/\/admisiones.ufm.edu\/site\/pruebas-de-admision\/\">Pruebas de admisi\u00f3n \u2192<\/a><\/p>\n\t\t\t\t\t\t\t<p>4. Requisitos y pruebas adicionales<\/p>\n\t\t\t\t\t\t\t<p>Dependiendo de la carrera<img loading=\"lazy\" decoding=\"async\" src=\"https:\/\/admisiones.ufm.edu\/site\/wp-content\/uploads\/2022\/12\/requisitos-243x300.png\" alt=\"\" width=\"105\" height=\"130\" \/><br \/>a la que est\u00e1s aplicando tendr\u00e1s<br \/>que realizar pruebas o proyecto<br \/>adicional y agendar tu entrevista.<a href=\"https:\/\/admisiones.ufm.edu\/site\/requisitos-adicionales\/\">Requisitos adicionales \u2192<\/a><\/p>\t\t\t\t\t\t\t\t\t\t\t\t\t\n\t\t\t\t\t\t\t<p>5. Conoce tu resultado e inscr\u00edbete<\/p>\n\t\t\t\t\t\t\t<p><img loading=\"lazy\" decoding=\"async\" src=\"https:\/\/admisiones.ufm.edu\/site\/wp-content\/uploads\/2022\/12\/resultado-238x300.png\" alt=\"\" width=\"103\" height=\"130\" \/>Aproximadamente 1 semana despu\u00e9s de haber realizado todos tus ex\u00e1menes debes llamar a tu unidad acad\u00e9mica de inter\u00e9s y verificar tus resultados. Una vez admitido, podr\u00e1s realizar el pago de inscripci\u00f3n.<\/p>\t\t\t\t\t\t\t\t\t\t\t\t\t\n<h3>\n\t\tAPLICA A TU LICENCIATURA AHORA\n\t<\/h3>\n\t<p><strong>1. CREA TU CUENTA<\/strong><\/p>\nAseg\u00farate de utilizar el mismo correo electr\u00f3nico<br \/>\na lo largo de todo el proceso.\n<p>No uses el correo de tus padres o del colegio.<\/p>\n<h4>\n\t\tREGISTRO\n\t<\/h4>\n\t\t\t<a href=\"https:\/\/admisiones.ufm.edu\/aplica\/\" target=\"_blank\" role=\"button\" rel=\"noopener\">\n\t\t\t\t\t\t\tAPLICA AQU\u00cd \n\t\t\t\t\t<\/a>\n\n","protected":false},"excerpt":{"rendered":"<p>Proceso de Admisi\u00f3n 1. Solicitud en L\u00ednea Llena el formulario de admisi\u00f3nen l\u00ednea para crear tu usuario.Asigna una fecha para realizar las pruebas de admisi\u00f3n. 2. Pago del proceso de admisi\u00f3n Al completar tu solicitud en l\u00edneadebes realizar el pago delproceso de admisi\u00f3n,el cual tiene un costo de Q525 o $65. (No hay reembolso) 3.&hellip;<\/p>\n","protected":false},"author":1,"featured_media":0,"parent":0,"menu_order":0,"comment_status":"closed","ping_status":"closed","template":"","meta":{"footnotes":""},"class_list":["post-1876","page","type-page","status-publish","hentry"],"yoast_head":"<!-- This site is optimized with the Yoast SEO plugin v19.11 - https:\/\/yoast.com\/wordpress\/plugins\/seo\/ -->\n<title>Proceso de admisi\u00f3n - Admisiones<\/title>\n<meta name=\"robots\" content=\"index, follow, max-snippet:-1, max-image-preview:large, max-video-preview:-1\" \/>\n<link rel=\"canonical\" href=\"https:\/\/admisiones.ufm.edu\/site\/proceso-de-admision\/\" \/>\n<meta property=\"og:locale\" content=\"es_ES\" \/>\n<meta property=\"og:type\" content=\"article\" \/>\n<meta property=\"og:title\" content=\"Proceso de admisi\u00f3n - Admisiones\" \/>\n<meta property=\"og:description\" content=\"Proceso de Admisi\u00f3n 1. Solicitud en L\u00ednea Llena el formulario de admisi\u00f3nen l\u00ednea para crear tu usuario.Asigna una fecha para realizar las pruebas de admisi\u00f3n. 2. Pago del proceso de admisi\u00f3n Al completar tu solicitud en l\u00edneadebes realizar el pago delproceso de admisi\u00f3n,el cual tiene un costo de Q525 o $65. (No hay reembolso) 3.&hellip;\" \/>\n<meta property=\"og:url\" content=\"https:\/\/admisiones.ufm.edu\/site\/proceso-de-admision\/\" \/>\n<meta property=\"og:site_name\" content=\"Admisiones\" \/>\n<meta property=\"article:modified_time\" content=\"2025-09-23T16:36:02+00:00\" \/>\n<meta property=\"og:image\" content=\"https:\/\/admisiones.ufm.edu\/site\/wp-content\/uploads\/2022\/12\/solicitud.png\" \/>\n<meta name=\"twitter:card\" content=\"summary_large_image\" \/>\n<script type=\"application\/ld+json\" class=\"yoast-schema-graph\">{\"@context\":\"https:\/\/schema.org\",\"@graph\":[{\"@type\":\"WebPage\",\"@id\":\"https:\/\/admisiones.ufm.edu\/site\/proceso-de-admision\/\",\"url\":\"https:\/\/admisiones.ufm.edu\/site\/proceso-de-admision\/\",\"name\":\"Proceso de admisi\u00f3n - Admisiones\",\"isPartOf\":{\"@id\":\"https:\/\/admisiones.ufm.edu\/site\/#website\"},\"datePublished\":\"2022-10-19T16:27:38+00:00\",\"dateModified\":\"2025-09-23T16:36:02+00:00\",\"breadcrumb\":{\"@id\":\"https:\/\/admisiones.ufm.edu\/site\/proceso-de-admision\/#breadcrumb\"},\"inLanguage\":\"es\",\"potentialAction\":[{\"@type\":\"ReadAction\",\"target\":[\"https:\/\/admisiones.ufm.edu\/site\/proceso-de-admision\/\"]}]},{\"@type\":\"BreadcrumbList\",\"@id\":\"https:\/\/admisiones.ufm.edu\/site\/proceso-de-admision\/#breadcrumb\",\"itemListElement\":[{\"@type\":\"ListItem\",\"position\":1,\"name\":\"Home\",\"item\":\"https:\/\/admisiones.ufm.edu\/site\/\"},{\"@type\":\"ListItem\",\"position\":2,\"name\":\"Proceso de admisi\u00f3n\"}]},{\"@type\":\"WebSite\",\"@id\":\"https:\/\/admisiones.ufm.edu\/site\/#website\",\"url\":\"https:\/\/admisiones.ufm.edu\/site\/\",\"name\":\"Admisiones\",\"description\":\"Universidad Francisco Marroqu\u00edn\",\"potentialAction\":[{\"@type\":\"SearchAction\",\"target\":{\"@type\":\"EntryPoint\",\"urlTemplate\":\"https:\/\/admisiones.ufm.edu\/site\/?s={search_term_string}\"},\"query-input\":\"required name=search_term_string\"}],\"inLanguage\":\"es\"}]}<\/script>\n<!-- \/ Yoast SEO plugin. -->","yoast_head_json":{"title":"Proceso de admisi\u00f3n - Admisiones","robots":{"index":"index","follow":"follow","max-snippet":"max-snippet:-1","max-image-preview":"max-image-preview:large","max-video-preview":"max-video-preview:-1"},"canonical":"https:\/\/admisiones.ufm.edu\/site\/proceso-de-admision\/","og_locale":"es_ES","og_type":"article","og_title":"Proceso de admisi\u00f3n - Admisiones","og_description":"Proceso de Admisi\u00f3n 1. Solicitud en L\u00ednea Llena el formulario de admisi\u00f3nen l\u00ednea para crear tu usuario.Asigna una fecha para realizar las pruebas de admisi\u00f3n. 2. Pago del proceso de admisi\u00f3n Al completar tu solicitud en l\u00edneadebes realizar el pago delproceso de admisi\u00f3n,el cual tiene un costo de Q525 o $65. (No hay reembolso) 3.&hellip;","og_url":"https:\/\/admisiones.ufm.edu\/site\/proceso-de-admision\/","og_site_name":"Admisiones","article_modified_time":"2025-09-23T16:36:02+00:00","og_image":[{"url":"https:\/\/admisiones.ufm.edu\/site\/wp-content\/uploads\/2022\/12\/solicitud.png"}],"twitter_card":"summary_large_image","schema":{"@context":"https:\/\/schema.org","@graph":[{"@type":"WebPage","@id":"https:\/\/admisiones.ufm.edu\/site\/proceso-de-admision\/","url":"https:\/\/admisiones.ufm.edu\/site\/proceso-de-admision\/","name":"Proceso de admisi\u00f3n - Admisiones","isPartOf":{"@id":"https:\/\/admisiones.ufm.edu\/site\/#website"},"datePublished":"2022-10-19T16:27:38+00:00","dateModified":"2025-09-23T16:36:02+00:00","breadcrumb":{"@id":"https:\/\/admisiones.ufm.edu\/site\/proceso-de-admision\/#breadcrumb"},"inLanguage":"es","potentialAction":[{"@type":"ReadAction","target":["https:\/\/admisiones.ufm.edu\/site\/proceso-de-admision\/"]}]},{"@type":"BreadcrumbList","@id":"https:\/\/admisiones.ufm.edu\/site\/proceso-de-admision\/#breadcrumb","itemListElement":[{"@type":"ListItem","position":1,"name":"Home","item":"https:\/\/admisiones.ufm.edu\/site\/"},{"@type":"ListItem","position":2,"name":"Proceso de admisi\u00f3n"}]},{"@type":"WebSite","@id":"https:\/\/admisiones.ufm.edu\/site\/#website","url":"https:\/\/admisiones.ufm.edu\/site\/","name":"Admisiones","description":"Universidad Francisco Marroqu\u00edn","potentialAction":[{"@type":"SearchAction","target":{"@type":"EntryPoint","urlTemplate":"https:\/\/admisiones.ufm.edu\/site\/?s={search_term_string}"},"query-input":"required name=search_term_string"}],"inLanguage":"es"}]}},"meta_box":[],"_links":{"self":[{"href":"https:\/\/admisiones.ufm.edu\/site\/wp-json\/wp\/v2\/pages\/1876","targetHints":{"allow":["GET"]}}],"collection":[{"href":"https:\/\/admisiones.ufm.edu\/site\/wp-json\/wp\/v2\/pages"}],"about":[{"href":"https:\/\/admisiones.ufm.edu\/site\/wp-json\/wp\/v2\/types\/page"}],"author":[{"embeddable":true,"href":"https:\/\/admisiones.ufm.edu\/site\/wp-json\/wp\/v2\/users\/1"}],"replies":[{"embeddable":true,"href":"https:\/\/admisiones.ufm.edu\/site\/wp-json\/wp\/v2\/comments?post=1876"}],"version-history":[{"count":106,"href":"https:\/\/admisiones.ufm.edu\/site\/wp-json\/wp\/v2\/pages\/1876\/revisions"}],"predecessor-version":[{"id":4215,"href":"https:\/\/admisiones.ufm.edu\/site\/wp-json\/wp\/v2\/pages\/1876\/revisions\/4215"}],"wp:attachment":[{"href":"https:\/\/admisiones.ufm.edu\/site\/wp-json\/wp\/v2\/media?parent=1876"}],"curies":[{"name":"wp","href":"https:\/\/api.w.org\/{rel}","templated":true}]}}