{"id":2757,"date":"2023-04-18T09:45:42","date_gmt":"2023-04-18T15:45:42","guid":{"rendered":"https:\/\/admisiones.ufm.edu\/site\/?page_id=2757"},"modified":"2023-04-18T14:47:28","modified_gmt":"2023-04-18T20:47:28","slug":"business-entrepreneurship-global","status":"publish","type":"page","link":"https:\/\/admisiones.ufm.edu\/site\/business-entrepreneurship-global\/","title":{"rendered":"Business &#038; Entrepreneurship Global"},"content":{"rendered":"\n<h2>\n\t\tBusiness &#038; Entrepreneurship Global\n\t<\/h2>\n\t\t\t<a href=\"https:\/\/admisiones.ufm.edu\/site\/#carreras\" target=\"_self\" role=\"button\" rel=\"noopener\">\n\t\t\t\t\t\t\t Regresar\n\t\t\t\t\t<\/a>\n\t\t\t<a href=\"https:\/\/admisiones.ufm.edu\/aplica\/\" target=\"_self\" role=\"button\" rel=\"noopener\">\n\t\t\t\t\t\t\tPROCESO DE ADMISI\u00d3N \n\t\t\t\t\t<\/a>\n\t\t\t<a href=\"https:\/\/fce.ufm.edu\/business-entrepreneurship-global\/\" target=\"_blank\" role=\"button\" rel=\"noopener\">\n\t\t\t\t\t\t\tM\u00c1S INFORMACI\u00d3N \n\t\t\t\t\t<\/a>\n\t<p>El programa global te permitir\u00e1 estudiar la licenciatura en al menos 3 pa\u00edses diferentes.<\/p>\n<table  data-tablesaw-minimap>\n\t\t<thead>\n\t\t<tr>\n\t\t\t<th id=\"pp-table-col-1\" scope=\"col\" data-tablesaw-sortable-col>Costo de la carrera:<\/th><th id=\"pp-table-col-2\" scope=\"col\" data-tablesaw-sortable-col><\/th>\t\t<\/tr>\n\t<\/thead>\n\t\t<tbody>\n\t\t<tr><td>Matr\u00edcula (primer pago)<\/td><td>$ 1,272.60<\/td><\/tr><tr><td>Mensualidad\u00a0 \u00a0<\/td><td>$ 1,018.08<\/td><\/tr><tr><td>Total del semestre<\/td><td>$ 6,363.00<\/td><\/tr>\t<\/tbody>\n<\/table>\n\t<p><i><strong>*Sujeto a cambios.<\/strong> Puede variar dependiendo de la cantidad de cursos asignados.<\/i><\/p>\n\n","protected":false},"excerpt":{"rendered":"<p>Business &#038; Entrepreneurship Global Regresar PROCESO DE ADMISI\u00d3N M\u00c1S INFORMACI\u00d3N El programa global te permitir\u00e1 estudiar la licenciatura en al menos 3 pa\u00edses diferentes. Costo de la carrera: Matr\u00edcula (primer pago) $ 1,272.60 Mensualidad\u00a0 \u00a0 $ 1,018.08 Total del semestre $ 6,363.00 *Sujeto a cambios. Puede variar dependiendo de la cantidad de cursos asignados.<\/p>\n","protected":false},"author":1,"featured_media":0,"parent":0,"menu_order":0,"comment_status":"closed","ping_status":"closed","template":"","meta":{"footnotes":""},"class_list":["post-2757","page","type-page","status-publish","hentry"],"yoast_head":"<!-- This site is optimized with the Yoast SEO plugin v19.11 - https:\/\/yoast.com\/wordpress\/plugins\/seo\/ -->\n<title>Business &amp; Entrepreneurship Global - Admisiones<\/title>\n<meta name=\"robots\" content=\"index, follow, max-snippet:-1, max-image-preview:large, max-video-preview:-1\" \/>\n<link rel=\"canonical\" href=\"https:\/\/admisiones.ufm.edu\/site\/business-entrepreneurship-global\/\" \/>\n<meta property=\"og:locale\" content=\"es_ES\" \/>\n<meta property=\"og:type\" content=\"article\" \/>\n<meta property=\"og:title\" content=\"Business &amp; Entrepreneurship Global - Admisiones\" \/>\n<meta property=\"og:description\" content=\"Business &#038; Entrepreneurship Global Regresar PROCESO DE ADMISI\u00d3N M\u00c1S INFORMACI\u00d3N El programa global te permitir\u00e1 estudiar la licenciatura en al menos 3 pa\u00edses diferentes. Costo de la carrera: Matr\u00edcula (primer pago) $ 1,272.60 Mensualidad\u00a0 \u00a0 $ 1,018.08 Total del semestre $ 6,363.00 *Sujeto a cambios. Puede variar dependiendo de la cantidad de cursos asignados.\" \/>\n<meta property=\"og:url\" content=\"https:\/\/admisiones.ufm.edu\/site\/business-entrepreneurship-global\/\" \/>\n<meta property=\"og:site_name\" content=\"Admisiones\" \/>\n<meta property=\"article:modified_time\" content=\"2023-04-18T20:47:28+00:00\" \/>\n<meta name=\"twitter:card\" content=\"summary_large_image\" \/>\n<meta name=\"twitter:label1\" content=\"Tiempo de lectura\" \/>\n\t<meta name=\"twitter:data1\" content=\"1 minuto\" \/>\n<script type=\"application\/ld+json\" class=\"yoast-schema-graph\">{\"@context\":\"https:\/\/schema.org\",\"@graph\":[{\"@type\":\"WebPage\",\"@id\":\"https:\/\/admisiones.ufm.edu\/site\/business-entrepreneurship-global\/\",\"url\":\"https:\/\/admisiones.ufm.edu\/site\/business-entrepreneurship-global\/\",\"name\":\"Business & Entrepreneurship Global - Admisiones\",\"isPartOf\":{\"@id\":\"https:\/\/admisiones.ufm.edu\/site\/#website\"},\"datePublished\":\"2023-04-18T15:45:42+00:00\",\"dateModified\":\"2023-04-18T20:47:28+00:00\",\"breadcrumb\":{\"@id\":\"https:\/\/admisiones.ufm.edu\/site\/business-entrepreneurship-global\/#breadcrumb\"},\"inLanguage\":\"es\",\"potentialAction\":[{\"@type\":\"ReadAction\",\"target\":[\"https:\/\/admisiones.ufm.edu\/site\/business-entrepreneurship-global\/\"]}]},{\"@type\":\"BreadcrumbList\",\"@id\":\"https:\/\/admisiones.ufm.edu\/site\/business-entrepreneurship-global\/#breadcrumb\",\"itemListElement\":[{\"@type\":\"ListItem\",\"position\":1,\"name\":\"Home\",\"item\":\"https:\/\/admisiones.ufm.edu\/site\/\"},{\"@type\":\"ListItem\",\"position\":2,\"name\":\"Business &#038; Entrepreneurship Global\"}]},{\"@type\":\"WebSite\",\"@id\":\"https:\/\/admisiones.ufm.edu\/site\/#website\",\"url\":\"https:\/\/admisiones.ufm.edu\/site\/\",\"name\":\"Admisiones\",\"description\":\"Universidad Francisco Marroqu\u00edn\",\"potentialAction\":[{\"@type\":\"SearchAction\",\"target\":{\"@type\":\"EntryPoint\",\"urlTemplate\":\"https:\/\/admisiones.ufm.edu\/site\/?s={search_term_string}\"},\"query-input\":\"required name=search_term_string\"}],\"inLanguage\":\"es\"}]}<\/script>\n<!-- \/ Yoast SEO plugin. -->","yoast_head_json":{"title":"Business & Entrepreneurship Global - Admisiones","robots":{"index":"index","follow":"follow","max-snippet":"max-snippet:-1","max-image-preview":"max-image-preview:large","max-video-preview":"max-video-preview:-1"},"canonical":"https:\/\/admisiones.ufm.edu\/site\/business-entrepreneurship-global\/","og_locale":"es_ES","og_type":"article","og_title":"Business & Entrepreneurship Global - Admisiones","og_description":"Business &#038; Entrepreneurship Global Regresar PROCESO DE ADMISI\u00d3N M\u00c1S INFORMACI\u00d3N El programa global te permitir\u00e1 estudiar la licenciatura en al menos 3 pa\u00edses diferentes. Costo de la carrera: Matr\u00edcula (primer pago) $ 1,272.60 Mensualidad\u00a0 \u00a0 $ 1,018.08 Total del semestre $ 6,363.00 *Sujeto a cambios. Puede variar dependiendo de la cantidad de cursos asignados.","og_url":"https:\/\/admisiones.ufm.edu\/site\/business-entrepreneurship-global\/","og_site_name":"Admisiones","article_modified_time":"2023-04-18T20:47:28+00:00","twitter_card":"summary_large_image","twitter_misc":{"Tiempo de lectura":"1 minuto"},"schema":{"@context":"https:\/\/schema.org","@graph":[{"@type":"WebPage","@id":"https:\/\/admisiones.ufm.edu\/site\/business-entrepreneurship-global\/","url":"https:\/\/admisiones.ufm.edu\/site\/business-entrepreneurship-global\/","name":"Business & Entrepreneurship Global - Admisiones","isPartOf":{"@id":"https:\/\/admisiones.ufm.edu\/site\/#website"},"datePublished":"2023-04-18T15:45:42+00:00","dateModified":"2023-04-18T20:47:28+00:00","breadcrumb":{"@id":"https:\/\/admisiones.ufm.edu\/site\/business-entrepreneurship-global\/#breadcrumb"},"inLanguage":"es","potentialAction":[{"@type":"ReadAction","target":["https:\/\/admisiones.ufm.edu\/site\/business-entrepreneurship-global\/"]}]},{"@type":"BreadcrumbList","@id":"https:\/\/admisiones.ufm.edu\/site\/business-entrepreneurship-global\/#breadcrumb","itemListElement":[{"@type":"ListItem","position":1,"name":"Home","item":"https:\/\/admisiones.ufm.edu\/site\/"},{"@type":"ListItem","position":2,"name":"Business &#038; Entrepreneurship Global"}]},{"@type":"WebSite","@id":"https:\/\/admisiones.ufm.edu\/site\/#website","url":"https:\/\/admisiones.ufm.edu\/site\/","name":"Admisiones","description":"Universidad Francisco Marroqu\u00edn","potentialAction":[{"@type":"SearchAction","target":{"@type":"EntryPoint","urlTemplate":"https:\/\/admisiones.ufm.edu\/site\/?s={search_term_string}"},"query-input":"required name=search_term_string"}],"inLanguage":"es"}]}},"meta_box":[],"_links":{"self":[{"href":"https:\/\/admisiones.ufm.edu\/site\/wp-json\/wp\/v2\/pages\/2757","targetHints":{"allow":["GET"]}}],"collection":[{"href":"https:\/\/admisiones.ufm.edu\/site\/wp-json\/wp\/v2\/pages"}],"about":[{"href":"https:\/\/admisiones.ufm.edu\/site\/wp-json\/wp\/v2\/types\/page"}],"author":[{"embeddable":true,"href":"https:\/\/admisiones.ufm.edu\/site\/wp-json\/wp\/v2\/users\/1"}],"replies":[{"embeddable":true,"href":"https:\/\/admisiones.ufm.edu\/site\/wp-json\/wp\/v2\/comments?post=2757"}],"version-history":[{"count":2,"href":"https:\/\/admisiones.ufm.edu\/site\/wp-json\/wp\/v2\/pages\/2757\/revisions"}],"predecessor-version":[{"id":2759,"href":"https:\/\/admisiones.ufm.edu\/site\/wp-json\/wp\/v2\/pages\/2757\/revisions\/2759"}],"wp:attachment":[{"href":"https:\/\/admisiones.ufm.edu\/site\/wp-json\/wp\/v2\/media?parent=2757"}],"curies":[{"name":"wp","href":"https:\/\/api.w.org\/{rel}","templated":true}]}}