{"id":388,"date":"2022-10-06T17:16:56","date_gmt":"2022-10-06T17:16:56","guid":{"rendered":"https:\/\/admisiones.ufm.edu\/site\/?page_id=388"},"modified":"2025-12-08T15:29:22","modified_gmt":"2025-12-08T21:29:22","slug":"economia","status":"publish","type":"page","link":"https:\/\/admisiones.ufm.edu\/site\/economia\/","title":{"rendered":"Econom\u00eda"},"content":{"rendered":"\n<h2>\n\t\tEconom\u00eda\n\t<\/h2>\n\t\t\t<a href=\"https:\/\/admisiones.ufm.edu\/site\/#carreras\" target=\"_self\" role=\"button\">\n\t\t\t\t\t\t\t Regresar\n\t\t\t\t\t<\/a>\n\t<iframe allowfullscreen allow=\"autoplay\" src=\"https:\/\/www.youtube.com\/embed\/_2U8_r6E9I8?feature=oembed&amp;autoplay=1&amp;start&amp;end&amp;wmode=opaque&amp;loop=0&amp;controls=1&amp;mute=0&amp;rel=0&amp;modestbranding=0\"><\/iframe>\t\n\t\t\t<a href=\"https:\/\/admisiones.ufm.edu\/aplica\/\" target=\"_self\" role=\"button\">\n\t\t\t\t\t\t\tPROCESO DE ADMISI\u00d3N \n\t\t\t\t\t<\/a>\n\t\t\t<a href=\"https:\/\/fce.ufm.edu\/economia\/ \" target=\"_blank\" role=\"button\" rel=\"noopener\">\n\t\t\t\t\t\t\tM\u00c1S INFORMACI\u00d3N \n\t\t\t\t\t<\/a>\n\t<p>Estudiando esta carrera descubrir\u00e1s c\u00f3mo abordar cualquier problema desde la perspectiva econ\u00f3mica.<\/p>\n<p>Nuestro p\u00e9nsum te permitir\u00e1 entender los fen\u00f3menos sociales complejos, apoyado con herramientas innovadoras, simuladores y tecnolog\u00eda para enriquecer tu aprendizaje.<\/p>\n<p>Conocer\u00e1s a fondo las tradiciones de la econom\u00eda institucional, austriaca, experimental, monetarista y neocl\u00e1sica, de la mano de profesores internacionales expertos en econom\u00eda.\u00a0<\/p>\n<p>Esta es una carrera integral que te proporcionar\u00e1 todas las herramientas y conocimientos para desenvolverte en cualquier \u00e1mbito.<\/p>\n<p>Duraci\u00f3n: 4 a\u00f1os<\/p>\n<table  data-tablesaw-minimap>\n\t\t<thead>\n\t\t<tr>\n\t\t\t<th id=\"pp-table-col-1\" scope=\"col\" data-tablesaw-sortable-col>COSTO DEL PRIMER SEMESTRE:<\/th><th id=\"pp-table-col-2\" scope=\"col\" data-tablesaw-sortable-col><\/th>\t\t<\/tr>\n\t<\/thead>\n\t\t<tbody>\n\t\t<tr><td>Matr\u00edcula (primer pago)<\/td><td>Q9,020.00<\/td><\/tr><tr><td>Mensualidad\u00a0 \u00a0<\/td><td>Q7,216.00<\/td><\/tr><tr><td>Total del semestre<\/td><td>Q45,100.00<\/td><\/tr>\t<\/tbody>\n<\/table>\n\t<p><i><strong>*Sujeto a cambios.<\/strong> Puede variar dependiendo de la cantidad de cursos asignados.<\/i><\/p>\n\n","protected":false},"excerpt":{"rendered":"<p>Econom\u00eda Regresar PROCESO DE ADMISI\u00d3N M\u00c1S INFORMACI\u00d3N Estudiando esta carrera descubrir\u00e1s c\u00f3mo abordar cualquier problema desde la perspectiva econ\u00f3mica. Nuestro p\u00e9nsum te permitir\u00e1 entender los fen\u00f3menos sociales complejos, apoyado con herramientas innovadoras, simuladores y tecnolog\u00eda para enriquecer tu aprendizaje. Conocer\u00e1s a fondo las tradiciones de la econom\u00eda institucional, austriaca, experimental, monetarista y neocl\u00e1sica, de la&hellip;<\/p>\n","protected":false},"author":1,"featured_media":0,"parent":0,"menu_order":0,"comment_status":"closed","ping_status":"closed","template":"","meta":{"footnotes":""},"class_list":["post-388","page","type-page","status-publish","hentry"],"yoast_head":"<!-- This site is optimized with the Yoast SEO plugin v19.11 - https:\/\/yoast.com\/wordpress\/plugins\/seo\/ -->\n<title>Econom\u00eda - Admisiones<\/title>\n<meta name=\"robots\" content=\"index, follow, max-snippet:-1, max-image-preview:large, max-video-preview:-1\" \/>\n<link rel=\"canonical\" href=\"https:\/\/admisiones.ufm.edu\/site\/economia\/\" \/>\n<meta property=\"og:locale\" content=\"es_ES\" \/>\n<meta property=\"og:type\" content=\"article\" \/>\n<meta property=\"og:title\" content=\"Econom\u00eda - Admisiones\" \/>\n<meta property=\"og:description\" content=\"Econom\u00eda Regresar PROCESO DE ADMISI\u00d3N M\u00c1S INFORMACI\u00d3N Estudiando esta carrera descubrir\u00e1s c\u00f3mo abordar cualquier problema desde la perspectiva econ\u00f3mica. Nuestro p\u00e9nsum te permitir\u00e1 entender los fen\u00f3menos sociales complejos, apoyado con herramientas innovadoras, simuladores y tecnolog\u00eda para enriquecer tu aprendizaje. Conocer\u00e1s a fondo las tradiciones de la econom\u00eda institucional, austriaca, experimental, monetarista y neocl\u00e1sica, de la&hellip;\" \/>\n<meta property=\"og:url\" content=\"https:\/\/admisiones.ufm.edu\/site\/economia\/\" \/>\n<meta property=\"og:site_name\" content=\"Admisiones\" \/>\n<meta property=\"article:modified_time\" content=\"2025-12-08T21:29:22+00:00\" \/>\n<meta name=\"twitter:card\" content=\"summary_large_image\" \/>\n<meta name=\"twitter:label1\" content=\"Tiempo de lectura\" \/>\n\t<meta name=\"twitter:data1\" content=\"1 minuto\" \/>\n<script type=\"application\/ld+json\" class=\"yoast-schema-graph\">{\"@context\":\"https:\/\/schema.org\",\"@graph\":[{\"@type\":\"WebPage\",\"@id\":\"https:\/\/admisiones.ufm.edu\/site\/economia\/\",\"url\":\"https:\/\/admisiones.ufm.edu\/site\/economia\/\",\"name\":\"Econom\u00eda - Admisiones\",\"isPartOf\":{\"@id\":\"https:\/\/admisiones.ufm.edu\/site\/#website\"},\"datePublished\":\"2022-10-06T17:16:56+00:00\",\"dateModified\":\"2025-12-08T21:29:22+00:00\",\"breadcrumb\":{\"@id\":\"https:\/\/admisiones.ufm.edu\/site\/economia\/#breadcrumb\"},\"inLanguage\":\"es\",\"potentialAction\":[{\"@type\":\"ReadAction\",\"target\":[\"https:\/\/admisiones.ufm.edu\/site\/economia\/\"]}]},{\"@type\":\"BreadcrumbList\",\"@id\":\"https:\/\/admisiones.ufm.edu\/site\/economia\/#breadcrumb\",\"itemListElement\":[{\"@type\":\"ListItem\",\"position\":1,\"name\":\"Home\",\"item\":\"https:\/\/admisiones.ufm.edu\/site\/\"},{\"@type\":\"ListItem\",\"position\":2,\"name\":\"Econom\u00eda\"}]},{\"@type\":\"WebSite\",\"@id\":\"https:\/\/admisiones.ufm.edu\/site\/#website\",\"url\":\"https:\/\/admisiones.ufm.edu\/site\/\",\"name\":\"Admisiones\",\"description\":\"Universidad Francisco Marroqu\u00edn\",\"potentialAction\":[{\"@type\":\"SearchAction\",\"target\":{\"@type\":\"EntryPoint\",\"urlTemplate\":\"https:\/\/admisiones.ufm.edu\/site\/?s={search_term_string}\"},\"query-input\":\"required name=search_term_string\"}],\"inLanguage\":\"es\"}]}<\/script>\n<!-- \/ Yoast SEO plugin. -->","yoast_head_json":{"title":"Econom\u00eda - Admisiones","robots":{"index":"index","follow":"follow","max-snippet":"max-snippet:-1","max-image-preview":"max-image-preview:large","max-video-preview":"max-video-preview:-1"},"canonical":"https:\/\/admisiones.ufm.edu\/site\/economia\/","og_locale":"es_ES","og_type":"article","og_title":"Econom\u00eda - Admisiones","og_description":"Econom\u00eda Regresar PROCESO DE ADMISI\u00d3N M\u00c1S INFORMACI\u00d3N Estudiando esta carrera descubrir\u00e1s c\u00f3mo abordar cualquier problema desde la perspectiva econ\u00f3mica. Nuestro p\u00e9nsum te permitir\u00e1 entender los fen\u00f3menos sociales complejos, apoyado con herramientas innovadoras, simuladores y tecnolog\u00eda para enriquecer tu aprendizaje. Conocer\u00e1s a fondo las tradiciones de la econom\u00eda institucional, austriaca, experimental, monetarista y neocl\u00e1sica, de la&hellip;","og_url":"https:\/\/admisiones.ufm.edu\/site\/economia\/","og_site_name":"Admisiones","article_modified_time":"2025-12-08T21:29:22+00:00","twitter_card":"summary_large_image","twitter_misc":{"Tiempo de lectura":"1 minuto"},"schema":{"@context":"https:\/\/schema.org","@graph":[{"@type":"WebPage","@id":"https:\/\/admisiones.ufm.edu\/site\/economia\/","url":"https:\/\/admisiones.ufm.edu\/site\/economia\/","name":"Econom\u00eda - Admisiones","isPartOf":{"@id":"https:\/\/admisiones.ufm.edu\/site\/#website"},"datePublished":"2022-10-06T17:16:56+00:00","dateModified":"2025-12-08T21:29:22+00:00","breadcrumb":{"@id":"https:\/\/admisiones.ufm.edu\/site\/economia\/#breadcrumb"},"inLanguage":"es","potentialAction":[{"@type":"ReadAction","target":["https:\/\/admisiones.ufm.edu\/site\/economia\/"]}]},{"@type":"BreadcrumbList","@id":"https:\/\/admisiones.ufm.edu\/site\/economia\/#breadcrumb","itemListElement":[{"@type":"ListItem","position":1,"name":"Home","item":"https:\/\/admisiones.ufm.edu\/site\/"},{"@type":"ListItem","position":2,"name":"Econom\u00eda"}]},{"@type":"WebSite","@id":"https:\/\/admisiones.ufm.edu\/site\/#website","url":"https:\/\/admisiones.ufm.edu\/site\/","name":"Admisiones","description":"Universidad Francisco Marroqu\u00edn","potentialAction":[{"@type":"SearchAction","target":{"@type":"EntryPoint","urlTemplate":"https:\/\/admisiones.ufm.edu\/site\/?s={search_term_string}"},"query-input":"required name=search_term_string"}],"inLanguage":"es"}]}},"meta_box":[],"_links":{"self":[{"href":"https:\/\/admisiones.ufm.edu\/site\/wp-json\/wp\/v2\/pages\/388","targetHints":{"allow":["GET"]}}],"collection":[{"href":"https:\/\/admisiones.ufm.edu\/site\/wp-json\/wp\/v2\/pages"}],"about":[{"href":"https:\/\/admisiones.ufm.edu\/site\/wp-json\/wp\/v2\/types\/page"}],"author":[{"embeddable":true,"href":"https:\/\/admisiones.ufm.edu\/site\/wp-json\/wp\/v2\/users\/1"}],"replies":[{"embeddable":true,"href":"https:\/\/admisiones.ufm.edu\/site\/wp-json\/wp\/v2\/comments?post=388"}],"version-history":[{"count":19,"href":"https:\/\/admisiones.ufm.edu\/site\/wp-json\/wp\/v2\/pages\/388\/revisions"}],"predecessor-version":[{"id":4341,"href":"https:\/\/admisiones.ufm.edu\/site\/wp-json\/wp\/v2\/pages\/388\/revisions\/4341"}],"wp:attachment":[{"href":"https:\/\/admisiones.ufm.edu\/site\/wp-json\/wp\/v2\/media?parent=388"}],"curies":[{"name":"wp","href":"https:\/\/api.w.org\/{rel}","templated":true}]}}