{"id":399,"date":"2022-10-06T18:05:21","date_gmt":"2022-10-06T18:05:21","guid":{"rendered":"https:\/\/admisiones.ufm.edu\/site\/?page_id=399"},"modified":"2025-12-08T15:34:23","modified_gmt":"2025-12-08T21:34:23","slug":"computer-science","status":"publish","type":"page","link":"https:\/\/admisiones.ufm.edu\/site\/computer-science\/","title":{"rendered":"Ingenier\u00eda en Computer Science"},"content":{"rendered":"\n<h2>\n\t\tIngenier\u00eda en Computer Science\n\t<\/h2>\n\t\t\t<a href=\"https:\/\/admisiones.ufm.edu\/site\/#carreras\" target=\"_self\" role=\"button\">\n\t\t\t\t\t\t\tRegresar\n\t\t\t\t\t<\/a>\n\t<iframe allowfullscreen allow=\"autoplay\" src=\"https:\/\/www.youtube.com\/embed\/_2U8_r6E9I8?feature=oembed&amp;autoplay=1&amp;start&amp;end&amp;wmode=opaque&amp;loop=0&amp;controls=1&amp;mute=0&amp;rel=0&amp;modestbranding=0\"><\/iframe>\t\n\t\t\t<a href=\"https:\/\/admisiones.ufm.edu\/aplica\/\" target=\"_self\" role=\"button\">\n\t\t\t\t\t\t\tPROCESO DE ADMISI\u00d3N \n\t\t\t\t\t<\/a>\n\t\t\t<a href=\"https:\/\/fce.ufm.edu\/computer-science\/\" target=\"_blank\" role=\"button\" rel=\"noopener\">\n\t\t\t\t\t\t\tM\u00c1S INFORMACI\u00d3N \n\t\t\t\t\t<\/a>\n\t<p>La ingenier\u00eda en Computer Science es una evoluci\u00f3n de la tradicional ingenier\u00eda en Sistemas e incorpora elementos de administraci\u00f3n, negocios, econom\u00eda y liderazgo a una s\u00f3lida base de cursos tecnol\u00f3gicos. Esta carrera fue dise\u00f1ada por lideres que trabajan en empresas como LinkedIn, Microsoft, HealthCare.com, entre otras.<\/p>\n<p>Esta ingenier\u00eda te brindar\u00e1 la posibilidad de estudiar un quinto a\u00f1o en la mejor escuela de ingenier\u00eda de Europa, la <em>\u00c9cole Polytechnique<\/em> de Par\u00eds (programa en ingl\u00e9s presencial), y obtener un segundo diploma como ingeniero, emitido por dicha universidad.<\/p>\n<p>Como ingeniero en Computer Science introducir\u00e1s y mantendr\u00e1s la novedad en el mercado y la sociedad, creando, dise\u00f1ando e implementando soluciones tecnol\u00f3gicas a retos y oportunidades, con visi\u00f3n empresarial.<\/p>\n<p><b>Minors disponibles:\u00a0<\/b><\/p>\n<ul>\n<li><i>Data Science<\/i><\/li>\n<li>Dise\u00f1o de Producto<\/li>\n<li>Dise\u00f1o Digital Interactivo<\/li>\n<li><i>Entrepreneurship<\/i><\/li>\n<li>Finanzas<\/li>\n<li>Mercadeo<\/li>\n<li>Operations Management<\/li>\n<li><i>Politics and Philosophy<\/i><\/li>\n<li><i>Design your own minor<\/i><\/li>\n<\/ul>\n<p>Duraci\u00f3n: 4 a\u00f1os<\/p>\n<table  data-tablesaw-minimap>\n\t\t<thead>\n\t\t<tr>\n\t\t\t<th id=\"pp-table-col-1\" scope=\"col\" data-tablesaw-sortable-col>COSTO DEL PRIMER SEMESTRE:<\/th><th id=\"pp-table-col-2\" scope=\"col\" data-tablesaw-sortable-col><\/th>\t\t<\/tr>\n\t<\/thead>\n\t\t<tbody>\n\t\t<tr><td>Matr\u00edcula (primer pago)<\/td><td>Q10,250.00<\/td><\/tr><tr><td>Mensualidad\u00a0 \u00a0<\/td><td>Q8,200.00<\/td><\/tr><tr><td>Total del semestre<\/td><td>Q51,250.00<\/td><\/tr>\t<\/tbody>\n<\/table>\n\t<p><i><strong>*Sujeto a cambios.<\/strong> Puede variar dependiendo de la cantidad de cursos asignados.<\/i><\/p>\n\n","protected":false},"excerpt":{"rendered":"<p>Ingenier\u00eda en Computer Science Regresar PROCESO DE ADMISI\u00d3N M\u00c1S INFORMACI\u00d3N La ingenier\u00eda en Computer Science es una evoluci\u00f3n de la tradicional ingenier\u00eda en Sistemas e incorpora elementos de administraci\u00f3n, negocios, econom\u00eda y liderazgo a una s\u00f3lida base de cursos tecnol\u00f3gicos. Esta carrera fue dise\u00f1ada por lideres que trabajan en empresas como LinkedIn, Microsoft, HealthCare.com, entre&hellip;<\/p>\n","protected":false},"author":1,"featured_media":0,"parent":0,"menu_order":0,"comment_status":"closed","ping_status":"closed","template":"","meta":{"footnotes":""},"class_list":["post-399","page","type-page","status-publish","hentry"],"yoast_head":"<!-- This site is optimized with the Yoast SEO plugin v19.11 - https:\/\/yoast.com\/wordpress\/plugins\/seo\/ -->\n<title>Ingenier\u00eda en Computer Science - Admisiones<\/title>\n<meta name=\"robots\" content=\"index, follow, max-snippet:-1, max-image-preview:large, max-video-preview:-1\" \/>\n<link rel=\"canonical\" href=\"https:\/\/admisiones.ufm.edu\/site\/computer-science\/\" \/>\n<meta property=\"og:locale\" content=\"es_ES\" \/>\n<meta property=\"og:type\" content=\"article\" \/>\n<meta property=\"og:title\" content=\"Ingenier\u00eda en Computer Science - Admisiones\" \/>\n<meta property=\"og:description\" content=\"Ingenier\u00eda en Computer Science Regresar PROCESO DE ADMISI\u00d3N M\u00c1S INFORMACI\u00d3N La ingenier\u00eda en Computer Science es una evoluci\u00f3n de la tradicional ingenier\u00eda en Sistemas e incorpora elementos de administraci\u00f3n, negocios, econom\u00eda y liderazgo a una s\u00f3lida base de cursos tecnol\u00f3gicos. Esta carrera fue dise\u00f1ada por lideres que trabajan en empresas como LinkedIn, Microsoft, HealthCare.com, entre&hellip;\" \/>\n<meta property=\"og:url\" content=\"https:\/\/admisiones.ufm.edu\/site\/computer-science\/\" \/>\n<meta property=\"og:site_name\" content=\"Admisiones\" \/>\n<meta property=\"article:modified_time\" content=\"2025-12-08T21:34:23+00:00\" \/>\n<meta name=\"twitter:card\" content=\"summary_large_image\" \/>\n<meta name=\"twitter:label1\" content=\"Tiempo de lectura\" \/>\n\t<meta name=\"twitter:data1\" content=\"1 minuto\" \/>\n<script type=\"application\/ld+json\" class=\"yoast-schema-graph\">{\"@context\":\"https:\/\/schema.org\",\"@graph\":[{\"@type\":\"WebPage\",\"@id\":\"https:\/\/admisiones.ufm.edu\/site\/computer-science\/\",\"url\":\"https:\/\/admisiones.ufm.edu\/site\/computer-science\/\",\"name\":\"Ingenier\u00eda en Computer Science - Admisiones\",\"isPartOf\":{\"@id\":\"https:\/\/admisiones.ufm.edu\/site\/#website\"},\"datePublished\":\"2022-10-06T18:05:21+00:00\",\"dateModified\":\"2025-12-08T21:34:23+00:00\",\"breadcrumb\":{\"@id\":\"https:\/\/admisiones.ufm.edu\/site\/computer-science\/#breadcrumb\"},\"inLanguage\":\"es\",\"potentialAction\":[{\"@type\":\"ReadAction\",\"target\":[\"https:\/\/admisiones.ufm.edu\/site\/computer-science\/\"]}]},{\"@type\":\"BreadcrumbList\",\"@id\":\"https:\/\/admisiones.ufm.edu\/site\/computer-science\/#breadcrumb\",\"itemListElement\":[{\"@type\":\"ListItem\",\"position\":1,\"name\":\"Home\",\"item\":\"https:\/\/admisiones.ufm.edu\/site\/\"},{\"@type\":\"ListItem\",\"position\":2,\"name\":\"Ingenier\u00eda en Computer Science\"}]},{\"@type\":\"WebSite\",\"@id\":\"https:\/\/admisiones.ufm.edu\/site\/#website\",\"url\":\"https:\/\/admisiones.ufm.edu\/site\/\",\"name\":\"Admisiones\",\"description\":\"Universidad Francisco Marroqu\u00edn\",\"potentialAction\":[{\"@type\":\"SearchAction\",\"target\":{\"@type\":\"EntryPoint\",\"urlTemplate\":\"https:\/\/admisiones.ufm.edu\/site\/?s={search_term_string}\"},\"query-input\":\"required name=search_term_string\"}],\"inLanguage\":\"es\"}]}<\/script>\n<!-- \/ Yoast SEO plugin. -->","yoast_head_json":{"title":"Ingenier\u00eda en Computer Science - Admisiones","robots":{"index":"index","follow":"follow","max-snippet":"max-snippet:-1","max-image-preview":"max-image-preview:large","max-video-preview":"max-video-preview:-1"},"canonical":"https:\/\/admisiones.ufm.edu\/site\/computer-science\/","og_locale":"es_ES","og_type":"article","og_title":"Ingenier\u00eda en Computer Science - Admisiones","og_description":"Ingenier\u00eda en Computer Science Regresar PROCESO DE ADMISI\u00d3N M\u00c1S INFORMACI\u00d3N La ingenier\u00eda en Computer Science es una evoluci\u00f3n de la tradicional ingenier\u00eda en Sistemas e incorpora elementos de administraci\u00f3n, negocios, econom\u00eda y liderazgo a una s\u00f3lida base de cursos tecnol\u00f3gicos. Esta carrera fue dise\u00f1ada por lideres que trabajan en empresas como LinkedIn, Microsoft, HealthCare.com, entre&hellip;","og_url":"https:\/\/admisiones.ufm.edu\/site\/computer-science\/","og_site_name":"Admisiones","article_modified_time":"2025-12-08T21:34:23+00:00","twitter_card":"summary_large_image","twitter_misc":{"Tiempo de lectura":"1 minuto"},"schema":{"@context":"https:\/\/schema.org","@graph":[{"@type":"WebPage","@id":"https:\/\/admisiones.ufm.edu\/site\/computer-science\/","url":"https:\/\/admisiones.ufm.edu\/site\/computer-science\/","name":"Ingenier\u00eda en Computer Science - Admisiones","isPartOf":{"@id":"https:\/\/admisiones.ufm.edu\/site\/#website"},"datePublished":"2022-10-06T18:05:21+00:00","dateModified":"2025-12-08T21:34:23+00:00","breadcrumb":{"@id":"https:\/\/admisiones.ufm.edu\/site\/computer-science\/#breadcrumb"},"inLanguage":"es","potentialAction":[{"@type":"ReadAction","target":["https:\/\/admisiones.ufm.edu\/site\/computer-science\/"]}]},{"@type":"BreadcrumbList","@id":"https:\/\/admisiones.ufm.edu\/site\/computer-science\/#breadcrumb","itemListElement":[{"@type":"ListItem","position":1,"name":"Home","item":"https:\/\/admisiones.ufm.edu\/site\/"},{"@type":"ListItem","position":2,"name":"Ingenier\u00eda en Computer Science"}]},{"@type":"WebSite","@id":"https:\/\/admisiones.ufm.edu\/site\/#website","url":"https:\/\/admisiones.ufm.edu\/site\/","name":"Admisiones","description":"Universidad Francisco Marroqu\u00edn","potentialAction":[{"@type":"SearchAction","target":{"@type":"EntryPoint","urlTemplate":"https:\/\/admisiones.ufm.edu\/site\/?s={search_term_string}"},"query-input":"required name=search_term_string"}],"inLanguage":"es"}]}},"meta_box":[],"_links":{"self":[{"href":"https:\/\/admisiones.ufm.edu\/site\/wp-json\/wp\/v2\/pages\/399","targetHints":{"allow":["GET"]}}],"collection":[{"href":"https:\/\/admisiones.ufm.edu\/site\/wp-json\/wp\/v2\/pages"}],"about":[{"href":"https:\/\/admisiones.ufm.edu\/site\/wp-json\/wp\/v2\/types\/page"}],"author":[{"embeddable":true,"href":"https:\/\/admisiones.ufm.edu\/site\/wp-json\/wp\/v2\/users\/1"}],"replies":[{"embeddable":true,"href":"https:\/\/admisiones.ufm.edu\/site\/wp-json\/wp\/v2\/comments?post=399"}],"version-history":[{"count":19,"href":"https:\/\/admisiones.ufm.edu\/site\/wp-json\/wp\/v2\/pages\/399\/revisions"}],"predecessor-version":[{"id":4345,"href":"https:\/\/admisiones.ufm.edu\/site\/wp-json\/wp\/v2\/pages\/399\/revisions\/4345"}],"wp:attachment":[{"href":"https:\/\/admisiones.ufm.edu\/site\/wp-json\/wp\/v2\/media?parent=399"}],"curies":[{"name":"wp","href":"https:\/\/api.w.org\/{rel}","templated":true}]}}