{"id":4011,"date":"2025-04-24T11:14:07","date_gmt":"2025-04-24T17:14:07","guid":{"rendered":"https:\/\/admisiones.ufm.edu\/site\/?page_id=4011"},"modified":"2025-12-08T15:36:33","modified_gmt":"2025-12-08T21:36:33","slug":"marketing-estrategico","status":"publish","type":"page","link":"https:\/\/admisiones.ufm.edu\/site\/marketing-estrategico\/","title":{"rendered":"Marketing Estrat\u00e9gico"},"content":{"rendered":"\n<h2>\n\t\tMarketing Estrat\u00e9gico\n\t<\/h2>\n\t\t\t<a href=\"https:\/\/admisiones.ufm.edu\/site\/\" target=\"_self\" role=\"button\">\n\t\t\t\t\t\tRegresar\n\t\t\t\t\t<\/a>\n\t\t\t\t<img loading=\"lazy\" decoding=\"async\" src=\"https:\/\/admisiones.ufm.edu\/site\/wp-content\/uploads\/2025\/04\/DSC_8547-1024x683.jpg\" alt=\"DSC_8547\" itemprop=\"image\" height=\"683\" width=\"1024\" title=\"DSC_8547\" onerror=\"this.style.display='none'\"  \/>\n\t\t\t<a href=\"https:\/\/admisiones.ufm.edu\/aplica\/\" target=\"_blank\" role=\"button\" rel=\"noopener\">\n\t\t\t\t\t\t\tPROCESO DE ADMISI\u00d3N\n\t\t\t<\/a>\n\t\t\t<a href=\"https:\/\/fce.ufm.edu\/marketing-estrategico\/\" target=\"_blank\" role=\"button\" rel=\"noopener\">\n\t\t\t\t\t\t\tM\u00c1S INFORMACI\u00d3N\n\t\t\t<\/a>\n\t<p>El marketing se ha convertido en un pilar fundamental para el crecimiento y sostenibilidad de las empresas, en un mundo cada vez m\u00e1s competitivo y digitalizado. Sin importar su tama\u00f1o o industria, las compa\u00f1\u00edas reconocen la necesidad de construir marcas s\u00f3lidas, conectar de la manera m\u00e1s aut\u00e9ntica con sus audiencias y diferenciarse en mercados saturados.<\/p>\n<p>La Universidad Francisco Marroqu\u00edn lanza la licenciatura en Marketing Estrat\u00e9gico, con un enfoque integral, en el que se combinan pensamiento estrat\u00e9gico, innovaci\u00f3n digital y an\u00e1lisis de datos. El estudiante adquirir\u00e1 conocimientos te\u00f3ricos y pr\u00e1cticos, para dise\u00f1ar estrategias de marketing, basadas en un an\u00e1lisis profundo de la informaci\u00f3n y en un entendimiento constante del consumidor.<\/p>\n<p>Duraci\u00f3n: 4 a\u00f1os<\/p>\n<table  data-tablesaw-minimap>\n\t\t<thead>\n\t\t<tr>\n\t\t\t<th id=\"pp-table-col-1\" scope=\"col\" data-tablesaw-sortable-col>COSTO DEL PRIMER SEMESTRE:<\/th><th id=\"pp-table-col-2\" scope=\"col\" data-tablesaw-sortable-col><\/th>\t\t<\/tr>\n\t<\/thead>\n\t\t<tbody>\n\t\t<tr><td>Matr\u00edcula (primer pago)<\/td><td>Q10,455.00<\/td><\/tr><tr><td>Mensualidad\u00a0 \u00a0<\/td><td>Q8,364.00<\/td><\/tr><tr><td>Total del semestre<\/td><td>Q52,275.00<\/td><\/tr>\t<\/tbody>\n<\/table>\n\t<p><i><strong>*Sujeto a cambios.<\/strong> Puede variar dependiendo de la cantidad de cursos asignados.<\/i><\/p>\n\n","protected":false},"excerpt":{"rendered":"<p>Marketing Estrat\u00e9gico Regresar PROCESO DE ADMISI\u00d3N M\u00c1S INFORMACI\u00d3N El marketing se ha convertido en un pilar fundamental para el crecimiento y sostenibilidad de las empresas, en un mundo cada vez m\u00e1s competitivo y digitalizado. Sin importar su tama\u00f1o o industria, las compa\u00f1\u00edas reconocen la necesidad de construir marcas s\u00f3lidas, conectar de la manera m\u00e1s aut\u00e9ntica&hellip;<\/p>\n","protected":false},"author":1,"featured_media":0,"parent":0,"menu_order":0,"comment_status":"closed","ping_status":"closed","template":"","meta":{"footnotes":""},"class_list":["post-4011","page","type-page","status-publish","hentry"],"yoast_head":"<!-- This site is optimized with the Yoast SEO plugin v19.11 - https:\/\/yoast.com\/wordpress\/plugins\/seo\/ -->\n<title>Marketing Estrat\u00e9gico - Admisiones<\/title>\n<meta name=\"robots\" content=\"index, follow, max-snippet:-1, max-image-preview:large, max-video-preview:-1\" \/>\n<link rel=\"canonical\" href=\"https:\/\/admisiones.ufm.edu\/site\/marketing-estrategico\/\" \/>\n<meta property=\"og:locale\" content=\"es_ES\" \/>\n<meta property=\"og:type\" content=\"article\" \/>\n<meta property=\"og:title\" content=\"Marketing Estrat\u00e9gico - Admisiones\" \/>\n<meta property=\"og:description\" content=\"Marketing Estrat\u00e9gico Regresar PROCESO DE ADMISI\u00d3N M\u00c1S INFORMACI\u00d3N El marketing se ha convertido en un pilar fundamental para el crecimiento y sostenibilidad de las empresas, en un mundo cada vez m\u00e1s competitivo y digitalizado. Sin importar su tama\u00f1o o industria, las compa\u00f1\u00edas reconocen la necesidad de construir marcas s\u00f3lidas, conectar de la manera m\u00e1s aut\u00e9ntica&hellip;\" \/>\n<meta property=\"og:url\" content=\"https:\/\/admisiones.ufm.edu\/site\/marketing-estrategico\/\" \/>\n<meta property=\"og:site_name\" content=\"Admisiones\" \/>\n<meta property=\"article:modified_time\" content=\"2025-12-08T21:36:33+00:00\" \/>\n<meta property=\"og:image\" content=\"https:\/\/admisiones.ufm.edu\/site\/wp-content\/uploads\/2025\/04\/DSC_8547-1024x683.jpg\" \/>\n<meta name=\"twitter:card\" content=\"summary_large_image\" \/>\n<script type=\"application\/ld+json\" class=\"yoast-schema-graph\">{\"@context\":\"https:\/\/schema.org\",\"@graph\":[{\"@type\":\"WebPage\",\"@id\":\"https:\/\/admisiones.ufm.edu\/site\/marketing-estrategico\/\",\"url\":\"https:\/\/admisiones.ufm.edu\/site\/marketing-estrategico\/\",\"name\":\"Marketing Estrat\u00e9gico - Admisiones\",\"isPartOf\":{\"@id\":\"https:\/\/admisiones.ufm.edu\/site\/#website\"},\"datePublished\":\"2025-04-24T17:14:07+00:00\",\"dateModified\":\"2025-12-08T21:36:33+00:00\",\"breadcrumb\":{\"@id\":\"https:\/\/admisiones.ufm.edu\/site\/marketing-estrategico\/#breadcrumb\"},\"inLanguage\":\"es\",\"potentialAction\":[{\"@type\":\"ReadAction\",\"target\":[\"https:\/\/admisiones.ufm.edu\/site\/marketing-estrategico\/\"]}]},{\"@type\":\"BreadcrumbList\",\"@id\":\"https:\/\/admisiones.ufm.edu\/site\/marketing-estrategico\/#breadcrumb\",\"itemListElement\":[{\"@type\":\"ListItem\",\"position\":1,\"name\":\"Home\",\"item\":\"https:\/\/admisiones.ufm.edu\/site\/\"},{\"@type\":\"ListItem\",\"position\":2,\"name\":\"Marketing Estrat\u00e9gico\"}]},{\"@type\":\"WebSite\",\"@id\":\"https:\/\/admisiones.ufm.edu\/site\/#website\",\"url\":\"https:\/\/admisiones.ufm.edu\/site\/\",\"name\":\"Admisiones\",\"description\":\"Universidad Francisco Marroqu\u00edn\",\"potentialAction\":[{\"@type\":\"SearchAction\",\"target\":{\"@type\":\"EntryPoint\",\"urlTemplate\":\"https:\/\/admisiones.ufm.edu\/site\/?s={search_term_string}\"},\"query-input\":\"required name=search_term_string\"}],\"inLanguage\":\"es\"}]}<\/script>\n<!-- \/ Yoast SEO plugin. -->","yoast_head_json":{"title":"Marketing Estrat\u00e9gico - Admisiones","robots":{"index":"index","follow":"follow","max-snippet":"max-snippet:-1","max-image-preview":"max-image-preview:large","max-video-preview":"max-video-preview:-1"},"canonical":"https:\/\/admisiones.ufm.edu\/site\/marketing-estrategico\/","og_locale":"es_ES","og_type":"article","og_title":"Marketing Estrat\u00e9gico - Admisiones","og_description":"Marketing Estrat\u00e9gico Regresar PROCESO DE ADMISI\u00d3N M\u00c1S INFORMACI\u00d3N El marketing se ha convertido en un pilar fundamental para el crecimiento y sostenibilidad de las empresas, en un mundo cada vez m\u00e1s competitivo y digitalizado. Sin importar su tama\u00f1o o industria, las compa\u00f1\u00edas reconocen la necesidad de construir marcas s\u00f3lidas, conectar de la manera m\u00e1s aut\u00e9ntica&hellip;","og_url":"https:\/\/admisiones.ufm.edu\/site\/marketing-estrategico\/","og_site_name":"Admisiones","article_modified_time":"2025-12-08T21:36:33+00:00","og_image":[{"url":"https:\/\/admisiones.ufm.edu\/site\/wp-content\/uploads\/2025\/04\/DSC_8547-1024x683.jpg"}],"twitter_card":"summary_large_image","schema":{"@context":"https:\/\/schema.org","@graph":[{"@type":"WebPage","@id":"https:\/\/admisiones.ufm.edu\/site\/marketing-estrategico\/","url":"https:\/\/admisiones.ufm.edu\/site\/marketing-estrategico\/","name":"Marketing Estrat\u00e9gico - Admisiones","isPartOf":{"@id":"https:\/\/admisiones.ufm.edu\/site\/#website"},"datePublished":"2025-04-24T17:14:07+00:00","dateModified":"2025-12-08T21:36:33+00:00","breadcrumb":{"@id":"https:\/\/admisiones.ufm.edu\/site\/marketing-estrategico\/#breadcrumb"},"inLanguage":"es","potentialAction":[{"@type":"ReadAction","target":["https:\/\/admisiones.ufm.edu\/site\/marketing-estrategico\/"]}]},{"@type":"BreadcrumbList","@id":"https:\/\/admisiones.ufm.edu\/site\/marketing-estrategico\/#breadcrumb","itemListElement":[{"@type":"ListItem","position":1,"name":"Home","item":"https:\/\/admisiones.ufm.edu\/site\/"},{"@type":"ListItem","position":2,"name":"Marketing Estrat\u00e9gico"}]},{"@type":"WebSite","@id":"https:\/\/admisiones.ufm.edu\/site\/#website","url":"https:\/\/admisiones.ufm.edu\/site\/","name":"Admisiones","description":"Universidad Francisco Marroqu\u00edn","potentialAction":[{"@type":"SearchAction","target":{"@type":"EntryPoint","urlTemplate":"https:\/\/admisiones.ufm.edu\/site\/?s={search_term_string}"},"query-input":"required name=search_term_string"}],"inLanguage":"es"}]}},"meta_box":[],"_links":{"self":[{"href":"https:\/\/admisiones.ufm.edu\/site\/wp-json\/wp\/v2\/pages\/4011","targetHints":{"allow":["GET"]}}],"collection":[{"href":"https:\/\/admisiones.ufm.edu\/site\/wp-json\/wp\/v2\/pages"}],"about":[{"href":"https:\/\/admisiones.ufm.edu\/site\/wp-json\/wp\/v2\/types\/page"}],"author":[{"embeddable":true,"href":"https:\/\/admisiones.ufm.edu\/site\/wp-json\/wp\/v2\/users\/1"}],"replies":[{"embeddable":true,"href":"https:\/\/admisiones.ufm.edu\/site\/wp-json\/wp\/v2\/comments?post=4011"}],"version-history":[{"count":7,"href":"https:\/\/admisiones.ufm.edu\/site\/wp-json\/wp\/v2\/pages\/4011\/revisions"}],"predecessor-version":[{"id":4346,"href":"https:\/\/admisiones.ufm.edu\/site\/wp-json\/wp\/v2\/pages\/4011\/revisions\/4346"}],"wp:attachment":[{"href":"https:\/\/admisiones.ufm.edu\/site\/wp-json\/wp\/v2\/media?parent=4011"}],"curies":[{"name":"wp","href":"https:\/\/api.w.org\/{rel}","templated":true}]}}