{"id":414,"date":"2022-10-06T20:29:43","date_gmt":"2022-10-06T20:29:43","guid":{"rendered":"https:\/\/admisiones.ufm.edu\/site\/?page_id=414"},"modified":"2025-12-08T15:38:35","modified_gmt":"2025-12-08T21:38:35","slug":"nutricion-clinica","status":"publish","type":"page","link":"https:\/\/admisiones.ufm.edu\/site\/nutricion-clinica\/","title":{"rendered":"Nutrici\u00f3n Cl\u00ednica"},"content":{"rendered":"\n<h2>\n\t\tNutrici\u00f3n Cl\u00ednica\n\t<\/h2>\n\t\t\t<a href=\"https:\/\/admisiones.ufm.edu\/site\/#carreras\" target=\"_self\" role=\"button\">\n\t\t\t\t\t\t\t Regresar\n\t\t\t\t\t<\/a>\n\t<iframe allowfullscreen allow=\"autoplay\" src=\"https:\/\/www.youtube.com\/embed\/li9LonZfWXs?feature=oembed&amp;autoplay=1&amp;start&amp;end&amp;wmode=opaque&amp;loop=0&amp;controls=1&amp;mute=0&amp;rel=0&amp;modestbranding=0\"><\/iframe>\t\n\t\t\t<a href=\"https:\/\/admisiones.ufm.edu\/aplica\/\" target=\"_self\" role=\"button\">\n\t\t\t\t\t\t\tPROCESO DE ADMISI\u00d3N \n\t\t\t\t\t<\/a>\n\t\t\t<a href=\"https:\/\/nutricion.ufm.edu\/clinica\/\" target=\"_blank\" role=\"button\" rel=\"noopener\">\n\t\t\t\t\t\t\tM\u00c1S INFORMACI\u00d3N \n\t\t\t\t\t<\/a>\n\t<p>En la carrera de Nutrici\u00f3n Cl\u00ednica aprender\u00e1s c\u00f3mo mejorar la calidad de vida de las personas, mediante tratamientos dietoterap\u00e9uticos y educaci\u00f3n alimentaria nutricional.<\/p>\n<p>Desarrollar\u00e1s habilidades para diagnosticar, prevenir enfermedades, interpretar estudios y dar tratamientos nutricionales.\u00a0<\/p>\n<p>Pondr\u00e1s en pr\u00e1ctica tus conocimientos en cl\u00ednicas y hospitales nacionales e internacionales, para potenciar tu perfil profesional.<\/p>\n<p>Ser\u00e1s capaz de integrar aprendizajes multidisciplinarios en diversos sectores competitivos, privados y p\u00fablicos, para emprender en el \u00e1mbito de tu inter\u00e9s.<\/p>\n<p>Duraci\u00f3n: 4.5 a\u00f1os<\/p>\n<table  data-tablesaw-minimap>\n\t\t<thead>\n\t\t<tr>\n\t\t\t<th id=\"pp-table-col-1\" scope=\"col\" data-tablesaw-sortable-col>COSTO DEL PRIMER SEMESTRE:<\/th><th id=\"pp-table-col-2\" scope=\"col\" data-tablesaw-sortable-col><\/th>\t\t<\/tr>\n\t<\/thead>\n\t\t<tbody>\n\t\t<tr><td>Matr\u00edcula (primer pago)<\/td><td>Q8,514.00<\/td><\/tr><tr><td>Mensualidad\u00a0 \u00a0<\/td><td>Q6,811.00<\/td><\/tr><tr><td>Total del semestre<\/td><td>Q42,570.00<\/td><\/tr>\t<\/tbody>\n<\/table>\n\t<p><i><strong>*Sujeto a cambios.<\/strong> Puede variar dependiendo de la cantidad de cursos asignados.<\/i><\/p>\n\n","protected":false},"excerpt":{"rendered":"<p>Nutrici\u00f3n Cl\u00ednica Regresar PROCESO DE ADMISI\u00d3N M\u00c1S INFORMACI\u00d3N En la carrera de Nutrici\u00f3n Cl\u00ednica aprender\u00e1s c\u00f3mo mejorar la calidad de vida de las personas, mediante tratamientos dietoterap\u00e9uticos y educaci\u00f3n alimentaria nutricional. Desarrollar\u00e1s habilidades para diagnosticar, prevenir enfermedades, interpretar estudios y dar tratamientos nutricionales.\u00a0 Pondr\u00e1s en pr\u00e1ctica tus conocimientos en cl\u00ednicas y hospitales nacionales e internacionales,&hellip;<\/p>\n","protected":false},"author":1,"featured_media":0,"parent":0,"menu_order":0,"comment_status":"closed","ping_status":"closed","template":"","meta":{"footnotes":""},"class_list":["post-414","page","type-page","status-publish","hentry"],"yoast_head":"<!-- This site is optimized with the Yoast SEO plugin v19.11 - https:\/\/yoast.com\/wordpress\/plugins\/seo\/ -->\n<title>Nutrici\u00f3n Cl\u00ednica - Admisiones<\/title>\n<meta name=\"robots\" content=\"index, follow, max-snippet:-1, max-image-preview:large, max-video-preview:-1\" \/>\n<link rel=\"canonical\" href=\"https:\/\/admisiones.ufm.edu\/site\/nutricion-clinica\/\" \/>\n<meta property=\"og:locale\" content=\"es_ES\" \/>\n<meta property=\"og:type\" content=\"article\" \/>\n<meta property=\"og:title\" content=\"Nutrici\u00f3n Cl\u00ednica - Admisiones\" \/>\n<meta property=\"og:description\" content=\"Nutrici\u00f3n Cl\u00ednica Regresar PROCESO DE ADMISI\u00d3N M\u00c1S INFORMACI\u00d3N En la carrera de Nutrici\u00f3n Cl\u00ednica aprender\u00e1s c\u00f3mo mejorar la calidad de vida de las personas, mediante tratamientos dietoterap\u00e9uticos y educaci\u00f3n alimentaria nutricional. Desarrollar\u00e1s habilidades para diagnosticar, prevenir enfermedades, interpretar estudios y dar tratamientos nutricionales.\u00a0 Pondr\u00e1s en pr\u00e1ctica tus conocimientos en cl\u00ednicas y hospitales nacionales e internacionales,&hellip;\" \/>\n<meta property=\"og:url\" content=\"https:\/\/admisiones.ufm.edu\/site\/nutricion-clinica\/\" \/>\n<meta property=\"og:site_name\" content=\"Admisiones\" \/>\n<meta property=\"article:modified_time\" content=\"2025-12-08T21:38:35+00:00\" \/>\n<meta name=\"twitter:card\" content=\"summary_large_image\" \/>\n<script type=\"application\/ld+json\" class=\"yoast-schema-graph\">{\"@context\":\"https:\/\/schema.org\",\"@graph\":[{\"@type\":\"WebPage\",\"@id\":\"https:\/\/admisiones.ufm.edu\/site\/nutricion-clinica\/\",\"url\":\"https:\/\/admisiones.ufm.edu\/site\/nutricion-clinica\/\",\"name\":\"Nutrici\u00f3n Cl\u00ednica - Admisiones\",\"isPartOf\":{\"@id\":\"https:\/\/admisiones.ufm.edu\/site\/#website\"},\"datePublished\":\"2022-10-06T20:29:43+00:00\",\"dateModified\":\"2025-12-08T21:38:35+00:00\",\"breadcrumb\":{\"@id\":\"https:\/\/admisiones.ufm.edu\/site\/nutricion-clinica\/#breadcrumb\"},\"inLanguage\":\"es\",\"potentialAction\":[{\"@type\":\"ReadAction\",\"target\":[\"https:\/\/admisiones.ufm.edu\/site\/nutricion-clinica\/\"]}]},{\"@type\":\"BreadcrumbList\",\"@id\":\"https:\/\/admisiones.ufm.edu\/site\/nutricion-clinica\/#breadcrumb\",\"itemListElement\":[{\"@type\":\"ListItem\",\"position\":1,\"name\":\"Home\",\"item\":\"https:\/\/admisiones.ufm.edu\/site\/\"},{\"@type\":\"ListItem\",\"position\":2,\"name\":\"Nutrici\u00f3n Cl\u00ednica\"}]},{\"@type\":\"WebSite\",\"@id\":\"https:\/\/admisiones.ufm.edu\/site\/#website\",\"url\":\"https:\/\/admisiones.ufm.edu\/site\/\",\"name\":\"Admisiones\",\"description\":\"Universidad Francisco Marroqu\u00edn\",\"potentialAction\":[{\"@type\":\"SearchAction\",\"target\":{\"@type\":\"EntryPoint\",\"urlTemplate\":\"https:\/\/admisiones.ufm.edu\/site\/?s={search_term_string}\"},\"query-input\":\"required name=search_term_string\"}],\"inLanguage\":\"es\"}]}<\/script>\n<!-- \/ Yoast SEO plugin. -->","yoast_head_json":{"title":"Nutrici\u00f3n Cl\u00ednica - Admisiones","robots":{"index":"index","follow":"follow","max-snippet":"max-snippet:-1","max-image-preview":"max-image-preview:large","max-video-preview":"max-video-preview:-1"},"canonical":"https:\/\/admisiones.ufm.edu\/site\/nutricion-clinica\/","og_locale":"es_ES","og_type":"article","og_title":"Nutrici\u00f3n Cl\u00ednica - Admisiones","og_description":"Nutrici\u00f3n Cl\u00ednica Regresar PROCESO DE ADMISI\u00d3N M\u00c1S INFORMACI\u00d3N En la carrera de Nutrici\u00f3n Cl\u00ednica aprender\u00e1s c\u00f3mo mejorar la calidad de vida de las personas, mediante tratamientos dietoterap\u00e9uticos y educaci\u00f3n alimentaria nutricional. Desarrollar\u00e1s habilidades para diagnosticar, prevenir enfermedades, interpretar estudios y dar tratamientos nutricionales.\u00a0 Pondr\u00e1s en pr\u00e1ctica tus conocimientos en cl\u00ednicas y hospitales nacionales e internacionales,&hellip;","og_url":"https:\/\/admisiones.ufm.edu\/site\/nutricion-clinica\/","og_site_name":"Admisiones","article_modified_time":"2025-12-08T21:38:35+00:00","twitter_card":"summary_large_image","schema":{"@context":"https:\/\/schema.org","@graph":[{"@type":"WebPage","@id":"https:\/\/admisiones.ufm.edu\/site\/nutricion-clinica\/","url":"https:\/\/admisiones.ufm.edu\/site\/nutricion-clinica\/","name":"Nutrici\u00f3n Cl\u00ednica - Admisiones","isPartOf":{"@id":"https:\/\/admisiones.ufm.edu\/site\/#website"},"datePublished":"2022-10-06T20:29:43+00:00","dateModified":"2025-12-08T21:38:35+00:00","breadcrumb":{"@id":"https:\/\/admisiones.ufm.edu\/site\/nutricion-clinica\/#breadcrumb"},"inLanguage":"es","potentialAction":[{"@type":"ReadAction","target":["https:\/\/admisiones.ufm.edu\/site\/nutricion-clinica\/"]}]},{"@type":"BreadcrumbList","@id":"https:\/\/admisiones.ufm.edu\/site\/nutricion-clinica\/#breadcrumb","itemListElement":[{"@type":"ListItem","position":1,"name":"Home","item":"https:\/\/admisiones.ufm.edu\/site\/"},{"@type":"ListItem","position":2,"name":"Nutrici\u00f3n Cl\u00ednica"}]},{"@type":"WebSite","@id":"https:\/\/admisiones.ufm.edu\/site\/#website","url":"https:\/\/admisiones.ufm.edu\/site\/","name":"Admisiones","description":"Universidad Francisco Marroqu\u00edn","potentialAction":[{"@type":"SearchAction","target":{"@type":"EntryPoint","urlTemplate":"https:\/\/admisiones.ufm.edu\/site\/?s={search_term_string}"},"query-input":"required name=search_term_string"}],"inLanguage":"es"}]}},"meta_box":[],"_links":{"self":[{"href":"https:\/\/admisiones.ufm.edu\/site\/wp-json\/wp\/v2\/pages\/414","targetHints":{"allow":["GET"]}}],"collection":[{"href":"https:\/\/admisiones.ufm.edu\/site\/wp-json\/wp\/v2\/pages"}],"about":[{"href":"https:\/\/admisiones.ufm.edu\/site\/wp-json\/wp\/v2\/types\/page"}],"author":[{"embeddable":true,"href":"https:\/\/admisiones.ufm.edu\/site\/wp-json\/wp\/v2\/users\/1"}],"replies":[{"embeddable":true,"href":"https:\/\/admisiones.ufm.edu\/site\/wp-json\/wp\/v2\/comments?post=414"}],"version-history":[{"count":12,"href":"https:\/\/admisiones.ufm.edu\/site\/wp-json\/wp\/v2\/pages\/414\/revisions"}],"predecessor-version":[{"id":4348,"href":"https:\/\/admisiones.ufm.edu\/site\/wp-json\/wp\/v2\/pages\/414\/revisions\/4348"}],"wp:attachment":[{"href":"https:\/\/admisiones.ufm.edu\/site\/wp-json\/wp\/v2\/media?parent=414"}],"curies":[{"name":"wp","href":"https:\/\/api.w.org\/{rel}","templated":true}]}}