{"id":417,"date":"2022-10-06T20:35:23","date_gmt":"2022-10-06T20:35:23","guid":{"rendered":"https:\/\/admisiones.ufm.edu\/site\/?page_id=417"},"modified":"2025-12-08T15:32:18","modified_gmt":"2025-12-08T21:32:18","slug":"gastronomia-nutricional-y-empresarialidad","status":"publish","type":"page","link":"https:\/\/admisiones.ufm.edu\/site\/gastronomia-nutricional-y-empresarialidad\/","title":{"rendered":"Gastronom\u00eda Nutricional y Empresarialidad"},"content":{"rendered":"\n<h2>\n\t\tGastronom\u00eda Nutricional y Empresarialidad\n\t<\/h2>\n\t\t\t<a href=\"https:\/\/admisiones.ufm.edu\/site\/#carreras\" target=\"_self\" role=\"button\">\n\t\t\t\t\t\t\t Regresar\n\t\t\t\t\t<\/a>\n\t<iframe allowfullscreen allow=\"autoplay\" src=\"https:\/\/www.youtube.com\/embed\/li9LonZfWXs?feature=oembed&amp;autoplay=1&amp;start&amp;end&amp;wmode=opaque&amp;loop=0&amp;controls=1&amp;mute=0&amp;rel=0&amp;modestbranding=0\"><\/iframe>\t\n\t\t\t<a href=\"https:\/\/admisiones.ufm.edu\/aplica\/\" target=\"_self\" role=\"button\">\n\t\t\t\t\t\t\tPROCESO DE ADMISI\u00d3N \n\t\t\t\t\t<\/a>\n\t\t\t<a href=\"https:\/\/nutricion.ufm.edu\/gastronomia\/ \" target=\"_blank\" role=\"button\" rel=\"noopener\">\n\t\t\t\t\t\t\tM\u00c1S INFORMACI\u00d3N \n\t\t\t\t\t<\/a>\n\t<p>Gastronom\u00eda Nutricional y Empresarialidad es una carrera que te formar\u00e1 como emprendedor, apto para la creaci\u00f3n, implementaci\u00f3n y gerencia estrat\u00e9gica de negocios, orientados al sector gastron\u00f3mico, partiendo de la base nutricional.<\/p>\n<p>Adquirir\u00e1s destrezas utilizando metodolog\u00edas activas, proyectos gastron\u00f3micos y experiencias profesionales nacionales e internacionales. Esto te permitir\u00e1 proponer innovaciones gastron\u00f3micas y cultivar tu creatividad culinaria.<\/p>\n<p>Como profesional graduado en esta carrera, tendr\u00e1s amplias oportunidades de trabajo en los sectores privados y p\u00fablicos, tanto como para emprender tu mismo negocio.<\/p>\n<p>Duraci\u00f3n: 4.5 a\u00f1os<\/p>\n<table  data-tablesaw-minimap>\n\t\t<thead>\n\t\t<tr>\n\t\t\t<th id=\"pp-table-col-1\" scope=\"col\" data-tablesaw-sortable-col>COSTO DEL PRIMER SEMESTRE:<\/th><th id=\"pp-table-col-2\" scope=\"col\" data-tablesaw-sortable-col><\/th>\t\t<\/tr>\n\t<\/thead>\n\t\t<tbody>\n\t\t<tr><td>Matr\u00edcula (primer pago)<\/td><td>Q8,514.00<\/td><\/tr><tr><td>Mensualidad\u00a0 \u00a0<\/td><td>Q6,811.00<\/td><\/tr><tr><td>Total del semestre<\/td><td>Q42,570.00<\/td><\/tr>\t<\/tbody>\n<\/table>\n\t<p><i><strong>*Sujeto a cambios.<\/strong> Puede variar dependiendo de la cantidad de cursos asignados.<\/i><\/p>\n\n","protected":false},"excerpt":{"rendered":"<p>Gastronom\u00eda Nutricional y Empresarialidad Regresar PROCESO DE ADMISI\u00d3N M\u00c1S INFORMACI\u00d3N Gastronom\u00eda Nutricional y Empresarialidad es una carrera que te formar\u00e1 como emprendedor, apto para la creaci\u00f3n, implementaci\u00f3n y gerencia estrat\u00e9gica de negocios, orientados al sector gastron\u00f3mico, partiendo de la base nutricional. Adquirir\u00e1s destrezas utilizando metodolog\u00edas activas, proyectos gastron\u00f3micos y experiencias profesionales nacionales e internacionales. Esto&hellip;<\/p>\n","protected":false},"author":1,"featured_media":0,"parent":0,"menu_order":0,"comment_status":"closed","ping_status":"closed","template":"","meta":{"footnotes":""},"class_list":["post-417","page","type-page","status-publish","hentry"],"yoast_head":"<!-- This site is optimized with the Yoast SEO plugin v19.11 - https:\/\/yoast.com\/wordpress\/plugins\/seo\/ -->\n<title>Gastronom\u00eda Nutricional y Empresarialidad - Admisiones<\/title>\n<meta name=\"robots\" content=\"index, follow, max-snippet:-1, max-image-preview:large, max-video-preview:-1\" \/>\n<link rel=\"canonical\" href=\"https:\/\/admisiones.ufm.edu\/site\/gastronomia-nutricional-y-empresarialidad\/\" \/>\n<meta property=\"og:locale\" content=\"es_ES\" \/>\n<meta property=\"og:type\" content=\"article\" \/>\n<meta property=\"og:title\" content=\"Gastronom\u00eda Nutricional y Empresarialidad - Admisiones\" \/>\n<meta property=\"og:description\" content=\"Gastronom\u00eda Nutricional y Empresarialidad Regresar PROCESO DE ADMISI\u00d3N M\u00c1S INFORMACI\u00d3N Gastronom\u00eda Nutricional y Empresarialidad es una carrera que te formar\u00e1 como emprendedor, apto para la creaci\u00f3n, implementaci\u00f3n y gerencia estrat\u00e9gica de negocios, orientados al sector gastron\u00f3mico, partiendo de la base nutricional. Adquirir\u00e1s destrezas utilizando metodolog\u00edas activas, proyectos gastron\u00f3micos y experiencias profesionales nacionales e internacionales. Esto&hellip;\" \/>\n<meta property=\"og:url\" content=\"https:\/\/admisiones.ufm.edu\/site\/gastronomia-nutricional-y-empresarialidad\/\" \/>\n<meta property=\"og:site_name\" content=\"Admisiones\" \/>\n<meta property=\"article:modified_time\" content=\"2025-12-08T21:32:18+00:00\" \/>\n<meta name=\"twitter:card\" content=\"summary_large_image\" \/>\n<meta name=\"twitter:label1\" content=\"Tiempo de lectura\" \/>\n\t<meta name=\"twitter:data1\" content=\"1 minuto\" \/>\n<script type=\"application\/ld+json\" class=\"yoast-schema-graph\">{\"@context\":\"https:\/\/schema.org\",\"@graph\":[{\"@type\":\"WebPage\",\"@id\":\"https:\/\/admisiones.ufm.edu\/site\/gastronomia-nutricional-y-empresarialidad\/\",\"url\":\"https:\/\/admisiones.ufm.edu\/site\/gastronomia-nutricional-y-empresarialidad\/\",\"name\":\"Gastronom\u00eda Nutricional y Empresarialidad - Admisiones\",\"isPartOf\":{\"@id\":\"https:\/\/admisiones.ufm.edu\/site\/#website\"},\"datePublished\":\"2022-10-06T20:35:23+00:00\",\"dateModified\":\"2025-12-08T21:32:18+00:00\",\"breadcrumb\":{\"@id\":\"https:\/\/admisiones.ufm.edu\/site\/gastronomia-nutricional-y-empresarialidad\/#breadcrumb\"},\"inLanguage\":\"es\",\"potentialAction\":[{\"@type\":\"ReadAction\",\"target\":[\"https:\/\/admisiones.ufm.edu\/site\/gastronomia-nutricional-y-empresarialidad\/\"]}]},{\"@type\":\"BreadcrumbList\",\"@id\":\"https:\/\/admisiones.ufm.edu\/site\/gastronomia-nutricional-y-empresarialidad\/#breadcrumb\",\"itemListElement\":[{\"@type\":\"ListItem\",\"position\":1,\"name\":\"Home\",\"item\":\"https:\/\/admisiones.ufm.edu\/site\/\"},{\"@type\":\"ListItem\",\"position\":2,\"name\":\"Gastronom\u00eda Nutricional y Empresarialidad\"}]},{\"@type\":\"WebSite\",\"@id\":\"https:\/\/admisiones.ufm.edu\/site\/#website\",\"url\":\"https:\/\/admisiones.ufm.edu\/site\/\",\"name\":\"Admisiones\",\"description\":\"Universidad Francisco Marroqu\u00edn\",\"potentialAction\":[{\"@type\":\"SearchAction\",\"target\":{\"@type\":\"EntryPoint\",\"urlTemplate\":\"https:\/\/admisiones.ufm.edu\/site\/?s={search_term_string}\"},\"query-input\":\"required name=search_term_string\"}],\"inLanguage\":\"es\"}]}<\/script>\n<!-- \/ Yoast SEO plugin. -->","yoast_head_json":{"title":"Gastronom\u00eda Nutricional y Empresarialidad - Admisiones","robots":{"index":"index","follow":"follow","max-snippet":"max-snippet:-1","max-image-preview":"max-image-preview:large","max-video-preview":"max-video-preview:-1"},"canonical":"https:\/\/admisiones.ufm.edu\/site\/gastronomia-nutricional-y-empresarialidad\/","og_locale":"es_ES","og_type":"article","og_title":"Gastronom\u00eda Nutricional y Empresarialidad - Admisiones","og_description":"Gastronom\u00eda Nutricional y Empresarialidad Regresar PROCESO DE ADMISI\u00d3N M\u00c1S INFORMACI\u00d3N Gastronom\u00eda Nutricional y Empresarialidad es una carrera que te formar\u00e1 como emprendedor, apto para la creaci\u00f3n, implementaci\u00f3n y gerencia estrat\u00e9gica de negocios, orientados al sector gastron\u00f3mico, partiendo de la base nutricional. Adquirir\u00e1s destrezas utilizando metodolog\u00edas activas, proyectos gastron\u00f3micos y experiencias profesionales nacionales e internacionales. Esto&hellip;","og_url":"https:\/\/admisiones.ufm.edu\/site\/gastronomia-nutricional-y-empresarialidad\/","og_site_name":"Admisiones","article_modified_time":"2025-12-08T21:32:18+00:00","twitter_card":"summary_large_image","twitter_misc":{"Tiempo de lectura":"1 minuto"},"schema":{"@context":"https:\/\/schema.org","@graph":[{"@type":"WebPage","@id":"https:\/\/admisiones.ufm.edu\/site\/gastronomia-nutricional-y-empresarialidad\/","url":"https:\/\/admisiones.ufm.edu\/site\/gastronomia-nutricional-y-empresarialidad\/","name":"Gastronom\u00eda Nutricional y Empresarialidad - Admisiones","isPartOf":{"@id":"https:\/\/admisiones.ufm.edu\/site\/#website"},"datePublished":"2022-10-06T20:35:23+00:00","dateModified":"2025-12-08T21:32:18+00:00","breadcrumb":{"@id":"https:\/\/admisiones.ufm.edu\/site\/gastronomia-nutricional-y-empresarialidad\/#breadcrumb"},"inLanguage":"es","potentialAction":[{"@type":"ReadAction","target":["https:\/\/admisiones.ufm.edu\/site\/gastronomia-nutricional-y-empresarialidad\/"]}]},{"@type":"BreadcrumbList","@id":"https:\/\/admisiones.ufm.edu\/site\/gastronomia-nutricional-y-empresarialidad\/#breadcrumb","itemListElement":[{"@type":"ListItem","position":1,"name":"Home","item":"https:\/\/admisiones.ufm.edu\/site\/"},{"@type":"ListItem","position":2,"name":"Gastronom\u00eda Nutricional y Empresarialidad"}]},{"@type":"WebSite","@id":"https:\/\/admisiones.ufm.edu\/site\/#website","url":"https:\/\/admisiones.ufm.edu\/site\/","name":"Admisiones","description":"Universidad Francisco Marroqu\u00edn","potentialAction":[{"@type":"SearchAction","target":{"@type":"EntryPoint","urlTemplate":"https:\/\/admisiones.ufm.edu\/site\/?s={search_term_string}"},"query-input":"required name=search_term_string"}],"inLanguage":"es"}]}},"meta_box":[],"_links":{"self":[{"href":"https:\/\/admisiones.ufm.edu\/site\/wp-json\/wp\/v2\/pages\/417","targetHints":{"allow":["GET"]}}],"collection":[{"href":"https:\/\/admisiones.ufm.edu\/site\/wp-json\/wp\/v2\/pages"}],"about":[{"href":"https:\/\/admisiones.ufm.edu\/site\/wp-json\/wp\/v2\/types\/page"}],"author":[{"embeddable":true,"href":"https:\/\/admisiones.ufm.edu\/site\/wp-json\/wp\/v2\/users\/1"}],"replies":[{"embeddable":true,"href":"https:\/\/admisiones.ufm.edu\/site\/wp-json\/wp\/v2\/comments?post=417"}],"version-history":[{"count":18,"href":"https:\/\/admisiones.ufm.edu\/site\/wp-json\/wp\/v2\/pages\/417\/revisions"}],"predecessor-version":[{"id":4343,"href":"https:\/\/admisiones.ufm.edu\/site\/wp-json\/wp\/v2\/pages\/417\/revisions\/4343"}],"wp:attachment":[{"href":"https:\/\/admisiones.ufm.edu\/site\/wp-json\/wp\/v2\/media?parent=417"}],"curies":[{"name":"wp","href":"https:\/\/api.w.org\/{rel}","templated":true}]}}