{"id":4203,"date":"2025-09-23T10:06:09","date_gmt":"2025-09-23T16:06:09","guid":{"rendered":"https:\/\/admisiones.ufm.edu\/site\/?page_id=4203"},"modified":"2025-09-23T10:14:03","modified_gmt":"2025-09-23T16:14:03","slug":"requisitos-adicionales","status":"publish","type":"page","link":"https:\/\/admisiones.ufm.edu\/site\/requisitos-adicionales\/","title":{"rendered":"Requisitos adicionales"},"content":{"rendered":"\n<h2>\n\t\tRequisitos adicionales\n\t<\/h2>\n\t<p>Hay algunas unidades acad\u00e9micas que piden otros ex\u00e1menes o tienen requisitos adicionales. Recibir\u00e1s las instrucciones y fechas de los mismos por correo electr\u00f3nico.<\/p>\n<table  data-tablesaw-minimap>\n\t\t<thead>\n\t\t<tr>\n\t\t\t<th id=\"pp-table-col-1\" scope=\"col\" data-tablesaw-sortable-col>Facultad y carrera<\/th><th id=\"pp-table-col-2\" scope=\"col\" data-tablesaw-sortable-col>Requisitos adicionales<\/th><th id=\"pp-table-col-3\" scope=\"col\" data-tablesaw-sortable-col>Fechas importantes<\/th>\t\t<\/tr>\n\t<\/thead>\n\t\t<tbody>\n\t\t<tr><td><p><strong>Instituto de Estudios Pol\u00edticos y Relaciones Internacionales:<\/strong><\/p>\n<ul>\n<li>Licenciatura en Ciencias Pol\u00edticas<\/li>\n<li>Licenciatura en Comercio y Relaciones Internacionales<\/li>\n<li>Licenciatura en Asuntos Globales<\/li>\n<\/ul><\/td><td>Declaraci\u00f3n de intereses para que podamos conocerte. Explica por qu\u00e9 consideras que estudiar Ciencias Pol\u00edticas o Relaciones Internacionales es la mejor opci\u00f3n para alcanzar tus metas.<\/td><td>Se realiza el siguiente jueves de la fecha de examen de aptitud a la que te hayas asignado.<\/td><\/tr><tr><td><p><strong>Escuela de Cine:<\/strong><\/p>\n<ul>\n<li>Licenciatura en Cine, Artes Visuales y Emprendimiento<\/li>\n<\/ul><\/td><td>Propuesta creativa: es la forma de mostrarnos lo que puedes hacer con lo que sabes ahora. Puedes enviarla a trav\u00e9s de esta p\u00e1gina.\n<a href=\"https:\/\/cine.ufm.edu\/aplica\/\" target=\"_blank\">https:\/\/cine.ufm.edu\/aplica\/<\/a><\/td><td>Dir\u00edgete a la p\u00e1gina de la Escuela de Cine <a href=\"https:\/\/cine.ufm.edu\" target=\"_blank\">cine.ufm.edu<\/a> y en la secci\u00f3n de Propuesta Creativa, sigue los pasos indicados para enviarla a trav\u00e9s de la p\u00e1gina web.<\/td><\/tr><tr><td><p><strong>Facultad de Derecho:<\/strong><\/p>\n<ul>\n<li>Licenciatura en Derecho<\/li>\n<\/ul><\/td><td>Esta prueba espec\u00edfica evalua tu juicio cr\u00edtico, tus habilidades de comunicaci\u00f3n, tu trabajo en equipo y tus habilidades para resolver problemas. La prueba tiene una duraci\u00f3n de hora y media.<\/td><td>Te enviaremos un correo con la informaci\u00f3n necesaria para que te presentes en la universidad, a fin de completar la prueba espec\u00edfica de la Facultad de Derecho.<\/td><\/tr><tr><td><p><strong>Michael Polanyi College:<\/strong><\/p>\n<ul>\n<li>B.A. in Liberal Studies<\/li>\n<\/ul><\/td><td>Portafolio que muestra tu personalidad. Adicional a esto, tendr\u00e1s que entregar un ensayo sobre una rama de estudio de tu inter\u00e9s.<\/td><td>Te enviaremos un correo con la informaci\u00f3n necesaria para que presentes tu portafolio y ensayo, a fin de completar tu proceso en MPC.<\/td><\/tr><tr><td><p><strong>Madrid \/ Panam\u00e1:<\/strong><\/p>\n<ul>\n<li>La carrera de <strong>Entrepreneurship<\/strong> est\u00e1 disponible en nuestros tres campus (Guatemala, Madrid y Panam\u00e1).\n<\/li><li>La carrera de <strong>Administraci\u00f3n de Empresas<\/strong> se imparte en los campus de Guatemala y Madrid.<\/li>\n<li>Las dem\u00e1s carreras solo se imparten en el campus de Guatemala.<\/li>\n<\/ul><\/td><td>Para los aplicantes a nuestras sedes en Madrid y Panam\u00e1, el proceso de admisi\u00f3n incluye dos entrevistas: una relacionada con la carrera de inter\u00e9s y otra espec\u00edfica para la sede a la que aplicas.<br \/><br \/>Los programas de becas y ayuda financiera, aplican \u00fanicamente para el campus en Guatemala.<\/td><td>Si eres un aplicante que no se encuentra en Guatemala, se te coordinar\u00e1 una fecha para realizar el examen de manera virtual.<\/td><\/tr>\t<\/tbody>\n<\/table>\n\n","protected":false},"excerpt":{"rendered":"<p>Requisitos adicionales Hay algunas unidades acad\u00e9micas que piden otros ex\u00e1menes o tienen requisitos adicionales. Recibir\u00e1s las instrucciones y fechas de los mismos por correo electr\u00f3nico. Facultad y carrera Requisitos adicionales Fechas importantes Instituto de Estudios Pol\u00edticos y Relaciones Internacionales: Licenciatura en Ciencias Pol\u00edticas Licenciatura en Comercio y Relaciones Internacionales Licenciatura en Asuntos Globales Declaraci\u00f3n de&hellip;<\/p>\n","protected":false},"author":1,"featured_media":0,"parent":0,"menu_order":0,"comment_status":"closed","ping_status":"closed","template":"","meta":{"footnotes":""},"class_list":["post-4203","page","type-page","status-publish","hentry"],"yoast_head":"<!-- This site is optimized with the Yoast SEO plugin v19.11 - https:\/\/yoast.com\/wordpress\/plugins\/seo\/ -->\n<title>Requisitos adicionales - Admisiones<\/title>\n<meta name=\"robots\" content=\"index, follow, max-snippet:-1, max-image-preview:large, max-video-preview:-1\" \/>\n<link rel=\"canonical\" href=\"https:\/\/admisiones.ufm.edu\/site\/requisitos-adicionales\/\" \/>\n<meta property=\"og:locale\" content=\"es_ES\" \/>\n<meta property=\"og:type\" content=\"article\" \/>\n<meta property=\"og:title\" content=\"Requisitos adicionales - Admisiones\" \/>\n<meta property=\"og:description\" content=\"Requisitos adicionales Hay algunas unidades acad\u00e9micas que piden otros ex\u00e1menes o tienen requisitos adicionales. Recibir\u00e1s las instrucciones y fechas de los mismos por correo electr\u00f3nico. Facultad y carrera Requisitos adicionales Fechas importantes Instituto de Estudios Pol\u00edticos y Relaciones Internacionales: Licenciatura en Ciencias Pol\u00edticas Licenciatura en Comercio y Relaciones Internacionales Licenciatura en Asuntos Globales Declaraci\u00f3n de&hellip;\" \/>\n<meta property=\"og:url\" content=\"https:\/\/admisiones.ufm.edu\/site\/requisitos-adicionales\/\" \/>\n<meta property=\"og:site_name\" content=\"Admisiones\" \/>\n<meta property=\"article:modified_time\" content=\"2025-09-23T16:14:03+00:00\" \/>\n<meta name=\"twitter:card\" content=\"summary_large_image\" \/>\n<script type=\"application\/ld+json\" class=\"yoast-schema-graph\">{\"@context\":\"https:\/\/schema.org\",\"@graph\":[{\"@type\":\"WebPage\",\"@id\":\"https:\/\/admisiones.ufm.edu\/site\/requisitos-adicionales\/\",\"url\":\"https:\/\/admisiones.ufm.edu\/site\/requisitos-adicionales\/\",\"name\":\"Requisitos adicionales - Admisiones\",\"isPartOf\":{\"@id\":\"https:\/\/admisiones.ufm.edu\/site\/#website\"},\"datePublished\":\"2025-09-23T16:06:09+00:00\",\"dateModified\":\"2025-09-23T16:14:03+00:00\",\"breadcrumb\":{\"@id\":\"https:\/\/admisiones.ufm.edu\/site\/requisitos-adicionales\/#breadcrumb\"},\"inLanguage\":\"es\",\"potentialAction\":[{\"@type\":\"ReadAction\",\"target\":[\"https:\/\/admisiones.ufm.edu\/site\/requisitos-adicionales\/\"]}]},{\"@type\":\"BreadcrumbList\",\"@id\":\"https:\/\/admisiones.ufm.edu\/site\/requisitos-adicionales\/#breadcrumb\",\"itemListElement\":[{\"@type\":\"ListItem\",\"position\":1,\"name\":\"Home\",\"item\":\"https:\/\/admisiones.ufm.edu\/site\/\"},{\"@type\":\"ListItem\",\"position\":2,\"name\":\"Requisitos adicionales\"}]},{\"@type\":\"WebSite\",\"@id\":\"https:\/\/admisiones.ufm.edu\/site\/#website\",\"url\":\"https:\/\/admisiones.ufm.edu\/site\/\",\"name\":\"Admisiones\",\"description\":\"Universidad Francisco Marroqu\u00edn\",\"potentialAction\":[{\"@type\":\"SearchAction\",\"target\":{\"@type\":\"EntryPoint\",\"urlTemplate\":\"https:\/\/admisiones.ufm.edu\/site\/?s={search_term_string}\"},\"query-input\":\"required name=search_term_string\"}],\"inLanguage\":\"es\"}]}<\/script>\n<!-- \/ Yoast SEO plugin. -->","yoast_head_json":{"title":"Requisitos adicionales - Admisiones","robots":{"index":"index","follow":"follow","max-snippet":"max-snippet:-1","max-image-preview":"max-image-preview:large","max-video-preview":"max-video-preview:-1"},"canonical":"https:\/\/admisiones.ufm.edu\/site\/requisitos-adicionales\/","og_locale":"es_ES","og_type":"article","og_title":"Requisitos adicionales - Admisiones","og_description":"Requisitos adicionales Hay algunas unidades acad\u00e9micas que piden otros ex\u00e1menes o tienen requisitos adicionales. Recibir\u00e1s las instrucciones y fechas de los mismos por correo electr\u00f3nico. Facultad y carrera Requisitos adicionales Fechas importantes Instituto de Estudios Pol\u00edticos y Relaciones Internacionales: Licenciatura en Ciencias Pol\u00edticas Licenciatura en Comercio y Relaciones Internacionales Licenciatura en Asuntos Globales Declaraci\u00f3n de&hellip;","og_url":"https:\/\/admisiones.ufm.edu\/site\/requisitos-adicionales\/","og_site_name":"Admisiones","article_modified_time":"2025-09-23T16:14:03+00:00","twitter_card":"summary_large_image","schema":{"@context":"https:\/\/schema.org","@graph":[{"@type":"WebPage","@id":"https:\/\/admisiones.ufm.edu\/site\/requisitos-adicionales\/","url":"https:\/\/admisiones.ufm.edu\/site\/requisitos-adicionales\/","name":"Requisitos adicionales - Admisiones","isPartOf":{"@id":"https:\/\/admisiones.ufm.edu\/site\/#website"},"datePublished":"2025-09-23T16:06:09+00:00","dateModified":"2025-09-23T16:14:03+00:00","breadcrumb":{"@id":"https:\/\/admisiones.ufm.edu\/site\/requisitos-adicionales\/#breadcrumb"},"inLanguage":"es","potentialAction":[{"@type":"ReadAction","target":["https:\/\/admisiones.ufm.edu\/site\/requisitos-adicionales\/"]}]},{"@type":"BreadcrumbList","@id":"https:\/\/admisiones.ufm.edu\/site\/requisitos-adicionales\/#breadcrumb","itemListElement":[{"@type":"ListItem","position":1,"name":"Home","item":"https:\/\/admisiones.ufm.edu\/site\/"},{"@type":"ListItem","position":2,"name":"Requisitos adicionales"}]},{"@type":"WebSite","@id":"https:\/\/admisiones.ufm.edu\/site\/#website","url":"https:\/\/admisiones.ufm.edu\/site\/","name":"Admisiones","description":"Universidad Francisco Marroqu\u00edn","potentialAction":[{"@type":"SearchAction","target":{"@type":"EntryPoint","urlTemplate":"https:\/\/admisiones.ufm.edu\/site\/?s={search_term_string}"},"query-input":"required name=search_term_string"}],"inLanguage":"es"}]}},"meta_box":[],"_links":{"self":[{"href":"https:\/\/admisiones.ufm.edu\/site\/wp-json\/wp\/v2\/pages\/4203","targetHints":{"allow":["GET"]}}],"collection":[{"href":"https:\/\/admisiones.ufm.edu\/site\/wp-json\/wp\/v2\/pages"}],"about":[{"href":"https:\/\/admisiones.ufm.edu\/site\/wp-json\/wp\/v2\/types\/page"}],"author":[{"embeddable":true,"href":"https:\/\/admisiones.ufm.edu\/site\/wp-json\/wp\/v2\/users\/1"}],"replies":[{"embeddable":true,"href":"https:\/\/admisiones.ufm.edu\/site\/wp-json\/wp\/v2\/comments?post=4203"}],"version-history":[{"count":3,"href":"https:\/\/admisiones.ufm.edu\/site\/wp-json\/wp\/v2\/pages\/4203\/revisions"}],"predecessor-version":[{"id":4206,"href":"https:\/\/admisiones.ufm.edu\/site\/wp-json\/wp\/v2\/pages\/4203\/revisions\/4206"}],"wp:attachment":[{"href":"https:\/\/admisiones.ufm.edu\/site\/wp-json\/wp\/v2\/media?parent=4203"}],"curies":[{"name":"wp","href":"https:\/\/api.w.org\/{rel}","templated":true}]}}