{"id":4207,"date":"2025-09-23T10:14:53","date_gmt":"2025-09-23T16:14:53","guid":{"rendered":"https:\/\/admisiones.ufm.edu\/site\/?page_id=4207"},"modified":"2025-09-23T10:20:00","modified_gmt":"2025-09-23T16:20:00","slug":"credito-educativo","status":"publish","type":"page","link":"https:\/\/admisiones.ufm.edu\/site\/credito-educativo\/","title":{"rendered":"Cr\u00e9dito educativo"},"content":{"rendered":"\n<h2>\n\t\tCr\u00e9dito Educativo\n\t<\/h2>\n\t<p>El cr\u00e9dito educativo que otorga la Universidad Francisco Marroqu\u00edn es un pr\u00e9stamo, seg\u00fan el cual el estudiante beneficiado quedar\u00e1 obligado a reembolsarlo, para que otros puedan gozar de la misma ayuda en el futuro.<\/p>\n<p>Este cr\u00e9dito puede ser solicitado por todo alumno que haya sido admitido para cursar una carrera a nivel de licenciatura y pueda comprobar que su situaci\u00f3n econ\u00f3mica no le permite cubrir el costo de sus estudios. Se otorga respecto de todo aquello que es cuantificable en unidades de m\u00e9rito acad\u00e9mico (UMA). El porcentaje m\u00e1ximo que se puede solicitar es de 90 %. Lo dem\u00e1s debe ser cancelado en su totalidad por cuenta del estudiante.<\/p>\n<h3>\n\t\tPASOS PARA SOLICITAR TU CR\u00c9DITO\n\t<\/h3>\n\n","protected":false},"excerpt":{"rendered":"<p>Cr\u00e9dito Educativo El cr\u00e9dito educativo que otorga la Universidad Francisco Marroqu\u00edn es un pr\u00e9stamo, seg\u00fan el cual el estudiante beneficiado quedar\u00e1 obligado a reembolsarlo, para que otros puedan gozar de la misma ayuda en el futuro. Este cr\u00e9dito puede ser solicitado por todo alumno que haya sido admitido para cursar una carrera a nivel de&hellip;<\/p>\n","protected":false},"author":1,"featured_media":0,"parent":0,"menu_order":0,"comment_status":"closed","ping_status":"closed","template":"","meta":{"footnotes":""},"class_list":["post-4207","page","type-page","status-publish","hentry"],"yoast_head":"<!-- This site is optimized with the Yoast SEO plugin v19.11 - https:\/\/yoast.com\/wordpress\/plugins\/seo\/ -->\n<title>Cr\u00e9dito educativo - Admisiones<\/title>\n<meta name=\"robots\" content=\"index, follow, max-snippet:-1, max-image-preview:large, max-video-preview:-1\" \/>\n<link rel=\"canonical\" href=\"https:\/\/admisiones.ufm.edu\/site\/credito-educativo\/\" \/>\n<meta property=\"og:locale\" content=\"es_ES\" \/>\n<meta property=\"og:type\" content=\"article\" \/>\n<meta property=\"og:title\" content=\"Cr\u00e9dito educativo - Admisiones\" \/>\n<meta property=\"og:description\" content=\"Cr\u00e9dito Educativo El cr\u00e9dito educativo que otorga la Universidad Francisco Marroqu\u00edn es un pr\u00e9stamo, seg\u00fan el cual el estudiante beneficiado quedar\u00e1 obligado a reembolsarlo, para que otros puedan gozar de la misma ayuda en el futuro. Este cr\u00e9dito puede ser solicitado por todo alumno que haya sido admitido para cursar una carrera a nivel de&hellip;\" \/>\n<meta property=\"og:url\" content=\"https:\/\/admisiones.ufm.edu\/site\/credito-educativo\/\" \/>\n<meta property=\"og:site_name\" content=\"Admisiones\" \/>\n<meta property=\"article:modified_time\" content=\"2025-09-23T16:20:00+00:00\" \/>\n<meta name=\"twitter:card\" content=\"summary_large_image\" \/>\n<script type=\"application\/ld+json\" class=\"yoast-schema-graph\">{\"@context\":\"https:\/\/schema.org\",\"@graph\":[{\"@type\":\"WebPage\",\"@id\":\"https:\/\/admisiones.ufm.edu\/site\/credito-educativo\/\",\"url\":\"https:\/\/admisiones.ufm.edu\/site\/credito-educativo\/\",\"name\":\"Cr\u00e9dito educativo - Admisiones\",\"isPartOf\":{\"@id\":\"https:\/\/admisiones.ufm.edu\/site\/#website\"},\"datePublished\":\"2025-09-23T16:14:53+00:00\",\"dateModified\":\"2025-09-23T16:20:00+00:00\",\"breadcrumb\":{\"@id\":\"https:\/\/admisiones.ufm.edu\/site\/credito-educativo\/#breadcrumb\"},\"inLanguage\":\"es\",\"potentialAction\":[{\"@type\":\"ReadAction\",\"target\":[\"https:\/\/admisiones.ufm.edu\/site\/credito-educativo\/\"]}]},{\"@type\":\"BreadcrumbList\",\"@id\":\"https:\/\/admisiones.ufm.edu\/site\/credito-educativo\/#breadcrumb\",\"itemListElement\":[{\"@type\":\"ListItem\",\"position\":1,\"name\":\"Home\",\"item\":\"https:\/\/admisiones.ufm.edu\/site\/\"},{\"@type\":\"ListItem\",\"position\":2,\"name\":\"Cr\u00e9dito educativo\"}]},{\"@type\":\"WebSite\",\"@id\":\"https:\/\/admisiones.ufm.edu\/site\/#website\",\"url\":\"https:\/\/admisiones.ufm.edu\/site\/\",\"name\":\"Admisiones\",\"description\":\"Universidad Francisco Marroqu\u00edn\",\"potentialAction\":[{\"@type\":\"SearchAction\",\"target\":{\"@type\":\"EntryPoint\",\"urlTemplate\":\"https:\/\/admisiones.ufm.edu\/site\/?s={search_term_string}\"},\"query-input\":\"required name=search_term_string\"}],\"inLanguage\":\"es\"}]}<\/script>\n<!-- \/ Yoast SEO plugin. -->","yoast_head_json":{"title":"Cr\u00e9dito educativo - Admisiones","robots":{"index":"index","follow":"follow","max-snippet":"max-snippet:-1","max-image-preview":"max-image-preview:large","max-video-preview":"max-video-preview:-1"},"canonical":"https:\/\/admisiones.ufm.edu\/site\/credito-educativo\/","og_locale":"es_ES","og_type":"article","og_title":"Cr\u00e9dito educativo - Admisiones","og_description":"Cr\u00e9dito Educativo El cr\u00e9dito educativo que otorga la Universidad Francisco Marroqu\u00edn es un pr\u00e9stamo, seg\u00fan el cual el estudiante beneficiado quedar\u00e1 obligado a reembolsarlo, para que otros puedan gozar de la misma ayuda en el futuro. Este cr\u00e9dito puede ser solicitado por todo alumno que haya sido admitido para cursar una carrera a nivel de&hellip;","og_url":"https:\/\/admisiones.ufm.edu\/site\/credito-educativo\/","og_site_name":"Admisiones","article_modified_time":"2025-09-23T16:20:00+00:00","twitter_card":"summary_large_image","schema":{"@context":"https:\/\/schema.org","@graph":[{"@type":"WebPage","@id":"https:\/\/admisiones.ufm.edu\/site\/credito-educativo\/","url":"https:\/\/admisiones.ufm.edu\/site\/credito-educativo\/","name":"Cr\u00e9dito educativo - Admisiones","isPartOf":{"@id":"https:\/\/admisiones.ufm.edu\/site\/#website"},"datePublished":"2025-09-23T16:14:53+00:00","dateModified":"2025-09-23T16:20:00+00:00","breadcrumb":{"@id":"https:\/\/admisiones.ufm.edu\/site\/credito-educativo\/#breadcrumb"},"inLanguage":"es","potentialAction":[{"@type":"ReadAction","target":["https:\/\/admisiones.ufm.edu\/site\/credito-educativo\/"]}]},{"@type":"BreadcrumbList","@id":"https:\/\/admisiones.ufm.edu\/site\/credito-educativo\/#breadcrumb","itemListElement":[{"@type":"ListItem","position":1,"name":"Home","item":"https:\/\/admisiones.ufm.edu\/site\/"},{"@type":"ListItem","position":2,"name":"Cr\u00e9dito educativo"}]},{"@type":"WebSite","@id":"https:\/\/admisiones.ufm.edu\/site\/#website","url":"https:\/\/admisiones.ufm.edu\/site\/","name":"Admisiones","description":"Universidad Francisco Marroqu\u00edn","potentialAction":[{"@type":"SearchAction","target":{"@type":"EntryPoint","urlTemplate":"https:\/\/admisiones.ufm.edu\/site\/?s={search_term_string}"},"query-input":"required name=search_term_string"}],"inLanguage":"es"}]}},"meta_box":[],"_links":{"self":[{"href":"https:\/\/admisiones.ufm.edu\/site\/wp-json\/wp\/v2\/pages\/4207","targetHints":{"allow":["GET"]}}],"collection":[{"href":"https:\/\/admisiones.ufm.edu\/site\/wp-json\/wp\/v2\/pages"}],"about":[{"href":"https:\/\/admisiones.ufm.edu\/site\/wp-json\/wp\/v2\/types\/page"}],"author":[{"embeddable":true,"href":"https:\/\/admisiones.ufm.edu\/site\/wp-json\/wp\/v2\/users\/1"}],"replies":[{"embeddable":true,"href":"https:\/\/admisiones.ufm.edu\/site\/wp-json\/wp\/v2\/comments?post=4207"}],"version-history":[{"count":3,"href":"https:\/\/admisiones.ufm.edu\/site\/wp-json\/wp\/v2\/pages\/4207\/revisions"}],"predecessor-version":[{"id":4210,"href":"https:\/\/admisiones.ufm.edu\/site\/wp-json\/wp\/v2\/pages\/4207\/revisions\/4210"}],"wp:attachment":[{"href":"https:\/\/admisiones.ufm.edu\/site\/wp-json\/wp\/v2\/media?parent=4207"}],"curies":[{"name":"wp","href":"https:\/\/api.w.org\/{rel}","templated":true}]}}