{"id":4211,"date":"2025-09-23T10:20:48","date_gmt":"2025-09-23T16:20:48","guid":{"rendered":"https:\/\/admisiones.ufm.edu\/site\/?page_id=4211"},"modified":"2025-09-23T10:23:52","modified_gmt":"2025-09-23T16:23:52","slug":"becas-ita","status":"publish","type":"page","link":"https:\/\/admisiones.ufm.edu\/site\/becas-ita\/","title":{"rendered":"Becas ITA"},"content":{"rendered":"\n<h2>\n\t\tBecas ITA\n\t<\/h2>\n<h2>\n\t\tBecas ITA (Impulso al Talento Acad\u00e9mico)\n\t<\/h2>\n\t<p>Desde 1996, los encargados del programa han identificado a los estudiantes m\u00e1s talentosos, m\u00e1s motivados y de un nivel socioecon\u00f3mico bajo, para brindarles la oportunidad de obtener toda la ayuda necesaria para estudiar una carrera a nivel de licenciatura en Ciencias Econ\u00f3micas, Derecho, Ciencia Pol\u00edtica, Nutrici\u00f3n o Psicolog\u00eda.<\/p>\n<p>La beca completa cubre el pago de cuotas y matr\u00edcula, hospedaje, seguro m\u00e9dico y un estipendio para transporte, libros y gastos personales.<\/p>\n<p>Aplica \u00fanicamente para el campus en Guatemala.<\/p>\n<h2>\n\t\t1.\n\t<\/h2>\n\t<p>Completar el proceso de admisi\u00f3n y ser admitido a la unidad acad\u00e9mica a la que aplicas. (Al ser elegido para el programa de becas ITA, el costo total del examen de admisi\u00f3n ser\u00e1 reembolsado).<\/p>\n<h2>\n\t\t2.\n\t<\/h2>\n\t<p>Completar el informe familiar y econ\u00f3mico, el cual debes solicitar a la unidad acad\u00e9mica a la que aplicaste.<\/p>\n\n","protected":false},"excerpt":{"rendered":"<p>Becas ITA Becas ITA (Impulso al Talento Acad\u00e9mico) Desde 1996, los encargados del programa han identificado a los estudiantes m\u00e1s talentosos, m\u00e1s motivados y de un nivel socioecon\u00f3mico bajo, para brindarles la oportunidad de obtener toda la ayuda necesaria para estudiar una carrera a nivel de licenciatura en Ciencias Econ\u00f3micas, Derecho, Ciencia Pol\u00edtica, Nutrici\u00f3n o&hellip;<\/p>\n","protected":false},"author":1,"featured_media":0,"parent":0,"menu_order":0,"comment_status":"closed","ping_status":"closed","template":"","meta":{"footnotes":""},"class_list":["post-4211","page","type-page","status-publish","hentry"],"yoast_head":"<!-- This site is optimized with the Yoast SEO plugin v19.11 - https:\/\/yoast.com\/wordpress\/plugins\/seo\/ -->\n<title>Becas ITA - Admisiones<\/title>\n<meta name=\"robots\" content=\"index, follow, max-snippet:-1, max-image-preview:large, max-video-preview:-1\" \/>\n<link rel=\"canonical\" href=\"https:\/\/admisiones.ufm.edu\/site\/becas-ita\/\" \/>\n<meta property=\"og:locale\" content=\"es_ES\" \/>\n<meta property=\"og:type\" content=\"article\" \/>\n<meta property=\"og:title\" content=\"Becas ITA - Admisiones\" \/>\n<meta property=\"og:description\" content=\"Becas ITA Becas ITA (Impulso al Talento Acad\u00e9mico) Desde 1996, los encargados del programa han identificado a los estudiantes m\u00e1s talentosos, m\u00e1s motivados y de un nivel socioecon\u00f3mico bajo, para brindarles la oportunidad de obtener toda la ayuda necesaria para estudiar una carrera a nivel de licenciatura en Ciencias Econ\u00f3micas, Derecho, Ciencia Pol\u00edtica, Nutrici\u00f3n o&hellip;\" \/>\n<meta property=\"og:url\" content=\"https:\/\/admisiones.ufm.edu\/site\/becas-ita\/\" \/>\n<meta property=\"og:site_name\" content=\"Admisiones\" \/>\n<meta property=\"article:modified_time\" content=\"2025-09-23T16:23:52+00:00\" \/>\n<meta name=\"twitter:card\" content=\"summary_large_image\" \/>\n<script type=\"application\/ld+json\" class=\"yoast-schema-graph\">{\"@context\":\"https:\/\/schema.org\",\"@graph\":[{\"@type\":\"WebPage\",\"@id\":\"https:\/\/admisiones.ufm.edu\/site\/becas-ita\/\",\"url\":\"https:\/\/admisiones.ufm.edu\/site\/becas-ita\/\",\"name\":\"Becas ITA - Admisiones\",\"isPartOf\":{\"@id\":\"https:\/\/admisiones.ufm.edu\/site\/#website\"},\"datePublished\":\"2025-09-23T16:20:48+00:00\",\"dateModified\":\"2025-09-23T16:23:52+00:00\",\"breadcrumb\":{\"@id\":\"https:\/\/admisiones.ufm.edu\/site\/becas-ita\/#breadcrumb\"},\"inLanguage\":\"es\",\"potentialAction\":[{\"@type\":\"ReadAction\",\"target\":[\"https:\/\/admisiones.ufm.edu\/site\/becas-ita\/\"]}]},{\"@type\":\"BreadcrumbList\",\"@id\":\"https:\/\/admisiones.ufm.edu\/site\/becas-ita\/#breadcrumb\",\"itemListElement\":[{\"@type\":\"ListItem\",\"position\":1,\"name\":\"Home\",\"item\":\"https:\/\/admisiones.ufm.edu\/site\/\"},{\"@type\":\"ListItem\",\"position\":2,\"name\":\"Becas ITA\"}]},{\"@type\":\"WebSite\",\"@id\":\"https:\/\/admisiones.ufm.edu\/site\/#website\",\"url\":\"https:\/\/admisiones.ufm.edu\/site\/\",\"name\":\"Admisiones\",\"description\":\"Universidad Francisco Marroqu\u00edn\",\"potentialAction\":[{\"@type\":\"SearchAction\",\"target\":{\"@type\":\"EntryPoint\",\"urlTemplate\":\"https:\/\/admisiones.ufm.edu\/site\/?s={search_term_string}\"},\"query-input\":\"required name=search_term_string\"}],\"inLanguage\":\"es\"}]}<\/script>\n<!-- \/ Yoast SEO plugin. -->","yoast_head_json":{"title":"Becas ITA - Admisiones","robots":{"index":"index","follow":"follow","max-snippet":"max-snippet:-1","max-image-preview":"max-image-preview:large","max-video-preview":"max-video-preview:-1"},"canonical":"https:\/\/admisiones.ufm.edu\/site\/becas-ita\/","og_locale":"es_ES","og_type":"article","og_title":"Becas ITA - Admisiones","og_description":"Becas ITA Becas ITA (Impulso al Talento Acad\u00e9mico) Desde 1996, los encargados del programa han identificado a los estudiantes m\u00e1s talentosos, m\u00e1s motivados y de un nivel socioecon\u00f3mico bajo, para brindarles la oportunidad de obtener toda la ayuda necesaria para estudiar una carrera a nivel de licenciatura en Ciencias Econ\u00f3micas, Derecho, Ciencia Pol\u00edtica, Nutrici\u00f3n o&hellip;","og_url":"https:\/\/admisiones.ufm.edu\/site\/becas-ita\/","og_site_name":"Admisiones","article_modified_time":"2025-09-23T16:23:52+00:00","twitter_card":"summary_large_image","schema":{"@context":"https:\/\/schema.org","@graph":[{"@type":"WebPage","@id":"https:\/\/admisiones.ufm.edu\/site\/becas-ita\/","url":"https:\/\/admisiones.ufm.edu\/site\/becas-ita\/","name":"Becas ITA - Admisiones","isPartOf":{"@id":"https:\/\/admisiones.ufm.edu\/site\/#website"},"datePublished":"2025-09-23T16:20:48+00:00","dateModified":"2025-09-23T16:23:52+00:00","breadcrumb":{"@id":"https:\/\/admisiones.ufm.edu\/site\/becas-ita\/#breadcrumb"},"inLanguage":"es","potentialAction":[{"@type":"ReadAction","target":["https:\/\/admisiones.ufm.edu\/site\/becas-ita\/"]}]},{"@type":"BreadcrumbList","@id":"https:\/\/admisiones.ufm.edu\/site\/becas-ita\/#breadcrumb","itemListElement":[{"@type":"ListItem","position":1,"name":"Home","item":"https:\/\/admisiones.ufm.edu\/site\/"},{"@type":"ListItem","position":2,"name":"Becas ITA"}]},{"@type":"WebSite","@id":"https:\/\/admisiones.ufm.edu\/site\/#website","url":"https:\/\/admisiones.ufm.edu\/site\/","name":"Admisiones","description":"Universidad Francisco Marroqu\u00edn","potentialAction":[{"@type":"SearchAction","target":{"@type":"EntryPoint","urlTemplate":"https:\/\/admisiones.ufm.edu\/site\/?s={search_term_string}"},"query-input":"required name=search_term_string"}],"inLanguage":"es"}]}},"meta_box":[],"_links":{"self":[{"href":"https:\/\/admisiones.ufm.edu\/site\/wp-json\/wp\/v2\/pages\/4211","targetHints":{"allow":["GET"]}}],"collection":[{"href":"https:\/\/admisiones.ufm.edu\/site\/wp-json\/wp\/v2\/pages"}],"about":[{"href":"https:\/\/admisiones.ufm.edu\/site\/wp-json\/wp\/v2\/types\/page"}],"author":[{"embeddable":true,"href":"https:\/\/admisiones.ufm.edu\/site\/wp-json\/wp\/v2\/users\/1"}],"replies":[{"embeddable":true,"href":"https:\/\/admisiones.ufm.edu\/site\/wp-json\/wp\/v2\/comments?post=4211"}],"version-history":[{"count":2,"href":"https:\/\/admisiones.ufm.edu\/site\/wp-json\/wp\/v2\/pages\/4211\/revisions"}],"predecessor-version":[{"id":4213,"href":"https:\/\/admisiones.ufm.edu\/site\/wp-json\/wp\/v2\/pages\/4211\/revisions\/4213"}],"wp:attachment":[{"href":"https:\/\/admisiones.ufm.edu\/site\/wp-json\/wp\/v2\/media?parent=4211"}],"curies":[{"name":"wp","href":"https:\/\/api.w.org\/{rel}","templated":true}]}}