{"id":423,"date":"2022-10-06T20:48:59","date_gmt":"2022-10-06T20:48:59","guid":{"rendered":"https:\/\/admisiones.ufm.edu\/site\/?page_id=423"},"modified":"2025-12-08T15:40:53","modified_gmt":"2025-12-08T21:40:53","slug":"psicologia-empresarial","status":"publish","type":"page","link":"https:\/\/admisiones.ufm.edu\/site\/psicologia-empresarial\/","title":{"rendered":"Psicolog\u00eda Empresarial"},"content":{"rendered":"\n<h2>\n\t\tPsicolog\u00eda Empresarial \n\t<\/h2>\n\t\t\t<a href=\"https:\/\/admisiones.ufm.edu\/site\/#carreras\" target=\"_self\" role=\"button\">\n\t\t\t\t\t\t\t Regresar\n\t\t\t\t\t<\/a>\n\t<iframe allowfullscreen allow=\"autoplay\" src=\"https:\/\/www.youtube.com\/embed\/igiaQKL3X4I?feature=oembed&amp;autoplay=1&amp;start&amp;end&amp;wmode=opaque&amp;loop=0&amp;controls=1&amp;mute=0&amp;rel=0&amp;modestbranding=0\"><\/iframe>\t\n\t\t\t<a href=\"https:\/\/admisiones.ufm.edu\/aplica\/\" target=\"_self\" role=\"button\">\n\t\t\t\t\t\t\tPROCESO DE ADMISI\u00d3N \n\t\t\t\t\t<\/a>\n\t\t\t<a href=\"https:\/\/psicologia.ufm.edu\/psicologia-empresarial\/ \" target=\"_blank\" role=\"button\" rel=\"noopener\">\n\t\t\t\t\t\t\tM\u00c1S INFORMACI\u00d3N \n\t\t\t\t\t<\/a>\n\t<p>Como estudiante de la carrera de Psicolog\u00eda Empresarial, te formar\u00e1s como profesional especializado en la conducta humana dentro de las empresas.<\/p>\n<p>El programa te permitir\u00e1 obtener conocimientos en diversas disciplinas, como finanzas, administraci\u00f3n, emprendimiento y mercadeo, lo que ayudar\u00e1 a que desarrolles un <i>mindset <\/i>gerencial.<\/p>\n<p>Adquirir\u00e1s competencias y herramientas para desenvolverte integralmente en los diversos campos que el sector ofrece.<\/p>\n<p>Para aplicar los conocimientos, realizar\u00e1s tus pr\u00e1cticas en empresas l\u00edderes y de prestigio, donde podr\u00e1s iniciar tu trayectoria profesional.<\/p>\n<p>Duraci\u00f3n: 5 a\u00f1os<\/p>\n<table  data-tablesaw-minimap>\n\t\t<thead>\n\t\t<tr>\n\t\t\t<th id=\"pp-table-col-1\" scope=\"col\" data-tablesaw-sortable-col>COSTO DEL PRIMER SEMESTRE:<\/th><th id=\"pp-table-col-2\" scope=\"col\" data-tablesaw-sortable-col><\/th>\t\t<\/tr>\n\t<\/thead>\n\t\t<tbody>\n\t\t<tr><td>Matr\u00edcula (primer pago)<\/td><td>Q9,584.40<\/td><\/tr><tr><td>Mensualidad\u00a0 \u00a0<\/td><td>Q7,667.52<\/td><\/tr><tr><td>Total del semestre<\/td><td>Q47,922.00<\/td><\/tr>\t<\/tbody>\n<\/table>\n\t<p><i><strong>*Sujeto a cambios.<\/strong> Puede variar dependiendo de la cantidad de cursos asignados.<\/i><\/p>\n\n","protected":false},"excerpt":{"rendered":"<p>Psicolog\u00eda Empresarial Regresar PROCESO DE ADMISI\u00d3N M\u00c1S INFORMACI\u00d3N Como estudiante de la carrera de Psicolog\u00eda Empresarial, te formar\u00e1s como profesional especializado en la conducta humana dentro de las empresas. El programa te permitir\u00e1 obtener conocimientos en diversas disciplinas, como finanzas, administraci\u00f3n, emprendimiento y mercadeo, lo que ayudar\u00e1 a que desarrolles un mindset gerencial. Adquirir\u00e1s competencias&hellip;<\/p>\n","protected":false},"author":1,"featured_media":0,"parent":0,"menu_order":0,"comment_status":"closed","ping_status":"closed","template":"","meta":{"footnotes":""},"class_list":["post-423","page","type-page","status-publish","hentry"],"yoast_head":"<!-- This site is optimized with the Yoast SEO plugin v19.11 - https:\/\/yoast.com\/wordpress\/plugins\/seo\/ -->\n<title>Psicolog\u00eda Empresarial - Admisiones<\/title>\n<meta name=\"robots\" content=\"index, follow, max-snippet:-1, max-image-preview:large, max-video-preview:-1\" \/>\n<link rel=\"canonical\" href=\"https:\/\/admisiones.ufm.edu\/site\/psicologia-empresarial\/\" \/>\n<meta property=\"og:locale\" content=\"es_ES\" \/>\n<meta property=\"og:type\" content=\"article\" \/>\n<meta property=\"og:title\" content=\"Psicolog\u00eda Empresarial - Admisiones\" \/>\n<meta property=\"og:description\" content=\"Psicolog\u00eda Empresarial Regresar PROCESO DE ADMISI\u00d3N M\u00c1S INFORMACI\u00d3N Como estudiante de la carrera de Psicolog\u00eda Empresarial, te formar\u00e1s como profesional especializado en la conducta humana dentro de las empresas. El programa te permitir\u00e1 obtener conocimientos en diversas disciplinas, como finanzas, administraci\u00f3n, emprendimiento y mercadeo, lo que ayudar\u00e1 a que desarrolles un mindset gerencial. Adquirir\u00e1s competencias&hellip;\" \/>\n<meta property=\"og:url\" content=\"https:\/\/admisiones.ufm.edu\/site\/psicologia-empresarial\/\" \/>\n<meta property=\"og:site_name\" content=\"Admisiones\" \/>\n<meta property=\"article:modified_time\" content=\"2025-12-08T21:40:53+00:00\" \/>\n<meta name=\"twitter:card\" content=\"summary_large_image\" \/>\n<meta name=\"twitter:label1\" content=\"Tiempo de lectura\" \/>\n\t<meta name=\"twitter:data1\" content=\"1 minuto\" \/>\n<script type=\"application\/ld+json\" class=\"yoast-schema-graph\">{\"@context\":\"https:\/\/schema.org\",\"@graph\":[{\"@type\":\"WebPage\",\"@id\":\"https:\/\/admisiones.ufm.edu\/site\/psicologia-empresarial\/\",\"url\":\"https:\/\/admisiones.ufm.edu\/site\/psicologia-empresarial\/\",\"name\":\"Psicolog\u00eda Empresarial - Admisiones\",\"isPartOf\":{\"@id\":\"https:\/\/admisiones.ufm.edu\/site\/#website\"},\"datePublished\":\"2022-10-06T20:48:59+00:00\",\"dateModified\":\"2025-12-08T21:40:53+00:00\",\"breadcrumb\":{\"@id\":\"https:\/\/admisiones.ufm.edu\/site\/psicologia-empresarial\/#breadcrumb\"},\"inLanguage\":\"es\",\"potentialAction\":[{\"@type\":\"ReadAction\",\"target\":[\"https:\/\/admisiones.ufm.edu\/site\/psicologia-empresarial\/\"]}]},{\"@type\":\"BreadcrumbList\",\"@id\":\"https:\/\/admisiones.ufm.edu\/site\/psicologia-empresarial\/#breadcrumb\",\"itemListElement\":[{\"@type\":\"ListItem\",\"position\":1,\"name\":\"Home\",\"item\":\"https:\/\/admisiones.ufm.edu\/site\/\"},{\"@type\":\"ListItem\",\"position\":2,\"name\":\"Psicolog\u00eda Empresarial\"}]},{\"@type\":\"WebSite\",\"@id\":\"https:\/\/admisiones.ufm.edu\/site\/#website\",\"url\":\"https:\/\/admisiones.ufm.edu\/site\/\",\"name\":\"Admisiones\",\"description\":\"Universidad Francisco Marroqu\u00edn\",\"potentialAction\":[{\"@type\":\"SearchAction\",\"target\":{\"@type\":\"EntryPoint\",\"urlTemplate\":\"https:\/\/admisiones.ufm.edu\/site\/?s={search_term_string}\"},\"query-input\":\"required name=search_term_string\"}],\"inLanguage\":\"es\"}]}<\/script>\n<!-- \/ Yoast SEO plugin. -->","yoast_head_json":{"title":"Psicolog\u00eda Empresarial - Admisiones","robots":{"index":"index","follow":"follow","max-snippet":"max-snippet:-1","max-image-preview":"max-image-preview:large","max-video-preview":"max-video-preview:-1"},"canonical":"https:\/\/admisiones.ufm.edu\/site\/psicologia-empresarial\/","og_locale":"es_ES","og_type":"article","og_title":"Psicolog\u00eda Empresarial - Admisiones","og_description":"Psicolog\u00eda Empresarial Regresar PROCESO DE ADMISI\u00d3N M\u00c1S INFORMACI\u00d3N Como estudiante de la carrera de Psicolog\u00eda Empresarial, te formar\u00e1s como profesional especializado en la conducta humana dentro de las empresas. El programa te permitir\u00e1 obtener conocimientos en diversas disciplinas, como finanzas, administraci\u00f3n, emprendimiento y mercadeo, lo que ayudar\u00e1 a que desarrolles un mindset gerencial. Adquirir\u00e1s competencias&hellip;","og_url":"https:\/\/admisiones.ufm.edu\/site\/psicologia-empresarial\/","og_site_name":"Admisiones","article_modified_time":"2025-12-08T21:40:53+00:00","twitter_card":"summary_large_image","twitter_misc":{"Tiempo de lectura":"1 minuto"},"schema":{"@context":"https:\/\/schema.org","@graph":[{"@type":"WebPage","@id":"https:\/\/admisiones.ufm.edu\/site\/psicologia-empresarial\/","url":"https:\/\/admisiones.ufm.edu\/site\/psicologia-empresarial\/","name":"Psicolog\u00eda Empresarial - Admisiones","isPartOf":{"@id":"https:\/\/admisiones.ufm.edu\/site\/#website"},"datePublished":"2022-10-06T20:48:59+00:00","dateModified":"2025-12-08T21:40:53+00:00","breadcrumb":{"@id":"https:\/\/admisiones.ufm.edu\/site\/psicologia-empresarial\/#breadcrumb"},"inLanguage":"es","potentialAction":[{"@type":"ReadAction","target":["https:\/\/admisiones.ufm.edu\/site\/psicologia-empresarial\/"]}]},{"@type":"BreadcrumbList","@id":"https:\/\/admisiones.ufm.edu\/site\/psicologia-empresarial\/#breadcrumb","itemListElement":[{"@type":"ListItem","position":1,"name":"Home","item":"https:\/\/admisiones.ufm.edu\/site\/"},{"@type":"ListItem","position":2,"name":"Psicolog\u00eda Empresarial"}]},{"@type":"WebSite","@id":"https:\/\/admisiones.ufm.edu\/site\/#website","url":"https:\/\/admisiones.ufm.edu\/site\/","name":"Admisiones","description":"Universidad Francisco Marroqu\u00edn","potentialAction":[{"@type":"SearchAction","target":{"@type":"EntryPoint","urlTemplate":"https:\/\/admisiones.ufm.edu\/site\/?s={search_term_string}"},"query-input":"required name=search_term_string"}],"inLanguage":"es"}]}},"meta_box":[],"_links":{"self":[{"href":"https:\/\/admisiones.ufm.edu\/site\/wp-json\/wp\/v2\/pages\/423","targetHints":{"allow":["GET"]}}],"collection":[{"href":"https:\/\/admisiones.ufm.edu\/site\/wp-json\/wp\/v2\/pages"}],"about":[{"href":"https:\/\/admisiones.ufm.edu\/site\/wp-json\/wp\/v2\/types\/page"}],"author":[{"embeddable":true,"href":"https:\/\/admisiones.ufm.edu\/site\/wp-json\/wp\/v2\/users\/1"}],"replies":[{"embeddable":true,"href":"https:\/\/admisiones.ufm.edu\/site\/wp-json\/wp\/v2\/comments?post=423"}],"version-history":[{"count":15,"href":"https:\/\/admisiones.ufm.edu\/site\/wp-json\/wp\/v2\/pages\/423\/revisions"}],"predecessor-version":[{"id":4351,"href":"https:\/\/admisiones.ufm.edu\/site\/wp-json\/wp\/v2\/pages\/423\/revisions\/4351"}],"wp:attachment":[{"href":"https:\/\/admisiones.ufm.edu\/site\/wp-json\/wp\/v2\/media?parent=423"}],"curies":[{"name":"wp","href":"https:\/\/api.w.org\/{rel}","templated":true}]}}