{"id":437,"date":"2022-10-06T21:27:39","date_gmt":"2022-10-06T21:27:39","guid":{"rendered":"https:\/\/admisiones.ufm.edu\/site\/?page_id=437"},"modified":"2025-12-08T15:22:49","modified_gmt":"2025-12-08T21:22:49","slug":"cine","status":"publish","type":"page","link":"https:\/\/admisiones.ufm.edu\/site\/cine\/","title":{"rendered":"Cine, Artes Visuales y Emprendimiento"},"content":{"rendered":"\n<h2>\n\t\tCine, Artes Visuales y Emprendimiento\n\t<\/h2>\n\t\t\t<a href=\"https:\/\/admisiones.ufm.edu\/site\/#carreras\" target=\"_self\" role=\"button\">\n\t\t\t\t\t\t\tRegresar\n\t\t\t\t\t<\/a>\n  <iframe src=\"https:\/\/www.youtube.com\/embed\/msQaMMeEX5k?rel=0&#038;autoplay=0\" title=\"YouTube video player\" allow=\"accelerometer; autoplay; clipboard-write; encrypted-media; gyroscope; picture-in-picture\" allowfullscreen><\/iframe>\n\t\t\t<a href=\"https:\/\/admisiones.ufm.edu\/aplica\/\" target=\"_self\" role=\"button\">\n\t\t\t\t\t\t\tPROCESO DE ADMISI\u00d3N \n\t\t\t\t\t<\/a>\n\t\t\t<a href=\"https:\/\/cine.ufm.edu\/ \" target=\"_blank\" role=\"button\" rel=\"noopener\">\n\t\t\t\t\t\t\tM\u00c1S INFORMACI\u00d3N \n\t\t\t\t\t<\/a>\n\t<p>La Escuela de Cine, Artes Visuales y Emprendimiento, siendo la primera licenciatura de este campo en Guatemala, te permitir\u00e1 formar parte de un espacio de cocreaci\u00f3n, dise\u00f1ado para artistas emprendedores.<\/p>\n<p>Nuestro objetivo es guiarte como artista para tener la capacidad de emprender proyectos cinematogr\u00e1ficos rentables y competitivos a nivel mundial.<\/p>\n<p>Siendo estudiante de cine en la UFM, aprender\u00e1s con un 40 % a 50 % de profesores visitantes, de todo el mundo, y tendr\u00e1s la oportunidad de realizar viajes acad\u00e9micos para ampliar conocimientos, y potenciar tus habilidades y tu portafolio.<\/p>\n<p>Duraci\u00f3n: 4 a\u00f1os<\/p>\n<table  data-tablesaw-minimap>\n\t\t<thead>\n\t\t<tr>\n\t\t\t<th id=\"pp-table-col-1\" scope=\"col\" data-tablesaw-sortable-col>COSTO DEL PRIMER SEMESTRE:<\/th><th id=\"pp-table-col-2\" scope=\"col\" data-tablesaw-sortable-col><\/th>\t\t<\/tr>\n\t<\/thead>\n\t\t<tbody>\n\t\t<tr><td>Matr\u00edcula (primer pago)<\/td><td>Q11,357.00<\/td><\/tr><tr><td>Mensualidad\u00a0 \u00a0<\/td><td>Q9,086.00<\/td><\/tr><tr><td>Total del semestre<\/td><td>Q56,784.00<\/td><\/tr>\t<\/tbody>\n<\/table>\n\t<p><i><strong>*Sujeto a cambios.<\/strong> Puede variar dependiendo de la cantidad de cursos asignados.<\/i><\/p>\n\n","protected":false},"excerpt":{"rendered":"<p>Cine, Artes Visuales y Emprendimiento Regresar PROCESO DE ADMISI\u00d3N M\u00c1S INFORMACI\u00d3N La Escuela de Cine, Artes Visuales y Emprendimiento, siendo la primera licenciatura de este campo en Guatemala, te permitir\u00e1 formar parte de un espacio de cocreaci\u00f3n, dise\u00f1ado para artistas emprendedores. Nuestro objetivo es guiarte como artista para tener la capacidad de emprender proyectos cinematogr\u00e1ficos&hellip;<\/p>\n","protected":false},"author":1,"featured_media":0,"parent":0,"menu_order":0,"comment_status":"closed","ping_status":"closed","template":"","meta":{"footnotes":""},"class_list":["post-437","page","type-page","status-publish","hentry"],"yoast_head":"<!-- This site is optimized with the Yoast SEO plugin v19.11 - https:\/\/yoast.com\/wordpress\/plugins\/seo\/ -->\n<title>Cine, Artes Visuales y Emprendimiento - Admisiones<\/title>\n<meta name=\"robots\" content=\"index, follow, max-snippet:-1, max-image-preview:large, max-video-preview:-1\" \/>\n<link rel=\"canonical\" href=\"https:\/\/admisiones.ufm.edu\/site\/cine\/\" \/>\n<meta property=\"og:locale\" content=\"es_ES\" \/>\n<meta property=\"og:type\" content=\"article\" \/>\n<meta property=\"og:title\" content=\"Cine, Artes Visuales y Emprendimiento - Admisiones\" \/>\n<meta property=\"og:description\" content=\"Cine, Artes Visuales y Emprendimiento Regresar PROCESO DE ADMISI\u00d3N M\u00c1S INFORMACI\u00d3N La Escuela de Cine, Artes Visuales y Emprendimiento, siendo la primera licenciatura de este campo en Guatemala, te permitir\u00e1 formar parte de un espacio de cocreaci\u00f3n, dise\u00f1ado para artistas emprendedores. Nuestro objetivo es guiarte como artista para tener la capacidad de emprender proyectos cinematogr\u00e1ficos&hellip;\" \/>\n<meta property=\"og:url\" content=\"https:\/\/admisiones.ufm.edu\/site\/cine\/\" \/>\n<meta property=\"og:site_name\" content=\"Admisiones\" \/>\n<meta property=\"article:modified_time\" content=\"2025-12-08T21:22:49+00:00\" \/>\n<meta name=\"twitter:card\" content=\"summary_large_image\" \/>\n<meta name=\"twitter:label1\" content=\"Tiempo de lectura\" \/>\n\t<meta name=\"twitter:data1\" content=\"1 minuto\" \/>\n<script type=\"application\/ld+json\" class=\"yoast-schema-graph\">{\"@context\":\"https:\/\/schema.org\",\"@graph\":[{\"@type\":\"WebPage\",\"@id\":\"https:\/\/admisiones.ufm.edu\/site\/cine\/\",\"url\":\"https:\/\/admisiones.ufm.edu\/site\/cine\/\",\"name\":\"Cine, Artes Visuales y Emprendimiento - Admisiones\",\"isPartOf\":{\"@id\":\"https:\/\/admisiones.ufm.edu\/site\/#website\"},\"datePublished\":\"2022-10-06T21:27:39+00:00\",\"dateModified\":\"2025-12-08T21:22:49+00:00\",\"breadcrumb\":{\"@id\":\"https:\/\/admisiones.ufm.edu\/site\/cine\/#breadcrumb\"},\"inLanguage\":\"es\",\"potentialAction\":[{\"@type\":\"ReadAction\",\"target\":[\"https:\/\/admisiones.ufm.edu\/site\/cine\/\"]}]},{\"@type\":\"BreadcrumbList\",\"@id\":\"https:\/\/admisiones.ufm.edu\/site\/cine\/#breadcrumb\",\"itemListElement\":[{\"@type\":\"ListItem\",\"position\":1,\"name\":\"Home\",\"item\":\"https:\/\/admisiones.ufm.edu\/site\/\"},{\"@type\":\"ListItem\",\"position\":2,\"name\":\"Cine, Artes Visuales y Emprendimiento\"}]},{\"@type\":\"WebSite\",\"@id\":\"https:\/\/admisiones.ufm.edu\/site\/#website\",\"url\":\"https:\/\/admisiones.ufm.edu\/site\/\",\"name\":\"Admisiones\",\"description\":\"Universidad Francisco Marroqu\u00edn\",\"potentialAction\":[{\"@type\":\"SearchAction\",\"target\":{\"@type\":\"EntryPoint\",\"urlTemplate\":\"https:\/\/admisiones.ufm.edu\/site\/?s={search_term_string}\"},\"query-input\":\"required name=search_term_string\"}],\"inLanguage\":\"es\"}]}<\/script>\n<!-- \/ Yoast SEO plugin. -->","yoast_head_json":{"title":"Cine, Artes Visuales y Emprendimiento - Admisiones","robots":{"index":"index","follow":"follow","max-snippet":"max-snippet:-1","max-image-preview":"max-image-preview:large","max-video-preview":"max-video-preview:-1"},"canonical":"https:\/\/admisiones.ufm.edu\/site\/cine\/","og_locale":"es_ES","og_type":"article","og_title":"Cine, Artes Visuales y Emprendimiento - Admisiones","og_description":"Cine, Artes Visuales y Emprendimiento Regresar PROCESO DE ADMISI\u00d3N M\u00c1S INFORMACI\u00d3N La Escuela de Cine, Artes Visuales y Emprendimiento, siendo la primera licenciatura de este campo en Guatemala, te permitir\u00e1 formar parte de un espacio de cocreaci\u00f3n, dise\u00f1ado para artistas emprendedores. Nuestro objetivo es guiarte como artista para tener la capacidad de emprender proyectos cinematogr\u00e1ficos&hellip;","og_url":"https:\/\/admisiones.ufm.edu\/site\/cine\/","og_site_name":"Admisiones","article_modified_time":"2025-12-08T21:22:49+00:00","twitter_card":"summary_large_image","twitter_misc":{"Tiempo de lectura":"1 minuto"},"schema":{"@context":"https:\/\/schema.org","@graph":[{"@type":"WebPage","@id":"https:\/\/admisiones.ufm.edu\/site\/cine\/","url":"https:\/\/admisiones.ufm.edu\/site\/cine\/","name":"Cine, Artes Visuales y Emprendimiento - Admisiones","isPartOf":{"@id":"https:\/\/admisiones.ufm.edu\/site\/#website"},"datePublished":"2022-10-06T21:27:39+00:00","dateModified":"2025-12-08T21:22:49+00:00","breadcrumb":{"@id":"https:\/\/admisiones.ufm.edu\/site\/cine\/#breadcrumb"},"inLanguage":"es","potentialAction":[{"@type":"ReadAction","target":["https:\/\/admisiones.ufm.edu\/site\/cine\/"]}]},{"@type":"BreadcrumbList","@id":"https:\/\/admisiones.ufm.edu\/site\/cine\/#breadcrumb","itemListElement":[{"@type":"ListItem","position":1,"name":"Home","item":"https:\/\/admisiones.ufm.edu\/site\/"},{"@type":"ListItem","position":2,"name":"Cine, Artes Visuales y Emprendimiento"}]},{"@type":"WebSite","@id":"https:\/\/admisiones.ufm.edu\/site\/#website","url":"https:\/\/admisiones.ufm.edu\/site\/","name":"Admisiones","description":"Universidad Francisco Marroqu\u00edn","potentialAction":[{"@type":"SearchAction","target":{"@type":"EntryPoint","urlTemplate":"https:\/\/admisiones.ufm.edu\/site\/?s={search_term_string}"},"query-input":"required name=search_term_string"}],"inLanguage":"es"}]}},"meta_box":[],"_links":{"self":[{"href":"https:\/\/admisiones.ufm.edu\/site\/wp-json\/wp\/v2\/pages\/437","targetHints":{"allow":["GET"]}}],"collection":[{"href":"https:\/\/admisiones.ufm.edu\/site\/wp-json\/wp\/v2\/pages"}],"about":[{"href":"https:\/\/admisiones.ufm.edu\/site\/wp-json\/wp\/v2\/types\/page"}],"author":[{"embeddable":true,"href":"https:\/\/admisiones.ufm.edu\/site\/wp-json\/wp\/v2\/users\/1"}],"replies":[{"embeddable":true,"href":"https:\/\/admisiones.ufm.edu\/site\/wp-json\/wp\/v2\/comments?post=437"}],"version-history":[{"count":13,"href":"https:\/\/admisiones.ufm.edu\/site\/wp-json\/wp\/v2\/pages\/437\/revisions"}],"predecessor-version":[{"id":4335,"href":"https:\/\/admisiones.ufm.edu\/site\/wp-json\/wp\/v2\/pages\/437\/revisions\/4335"}],"wp:attachment":[{"href":"https:\/\/admisiones.ufm.edu\/site\/wp-json\/wp\/v2\/media?parent=437"}],"curies":[{"name":"wp","href":"https:\/\/api.w.org\/{rel}","templated":true}]}}