{"id":442,"date":"2022-10-06T21:36:00","date_gmt":"2022-10-06T21:36:00","guid":{"rendered":"https:\/\/admisiones.ufm.edu\/site\/?page_id=442"},"modified":"2025-12-12T10:17:53","modified_gmt":"2025-12-12T16:17:53","slug":"educacion","status":"publish","type":"page","link":"https:\/\/admisiones.ufm.edu\/site\/educacion\/","title":{"rendered":"Educaci\u00f3n"},"content":{"rendered":"\n<h2>\n\t\tEnse\u00f1anza del Lenguaje y la Literatura\n\t<\/h2>\n\t\t\t<a href=\"https:\/\/admisiones.ufm.edu\/site\/#carreras\" target=\"_self\" role=\"button\">\n\t\t\t\t\t\t\t Regresar\n\t\t\t\t\t<\/a>\n\t<iframe allowfullscreen allow=\"autoplay\" src=\"https:\/\/www.youtube.com\/embed\/tMcxRAKNy_g?feature=oembed&amp;autoplay=1&amp;start&amp;end&amp;wmode=opaque&amp;loop=0&amp;controls=1&amp;mute=0&amp;rel=0&amp;modestbranding=0\"><\/iframe>\t\n\t\t\t<a href=\"https:\/\/admisiones.ufm.edu\/aplica\/\" target=\"_self\" role=\"button\">\n\t\t\t\t\t\t\tPROCESO DE ADMISI\u00d3N \n\t\t\t\t\t<\/a>\n\t\t\t<a href=\"https:\/\/educacion.ufm.edu\/licenciatura\/licenciatura-en-la-ensenanza-del-lenguaje-y-la-literatura\/\" target=\"_blank\" role=\"button\" rel=\"noopener\">\n\t\t\t\t\t\t\tM\u00c1S INFORMACI\u00d3N \n\t\t\t\t\t<\/a>\n\t<p>La carrera de Ense\u00f1anza del Lenguaje y la Literatura te permitir\u00e1 descubrir espacios desconocidos, formarte utop\u00edas, y a la vez entender al ser humano.<\/p>\n<p>Nuestro programa te permitir\u00e1 desarrollar habilidades en el arte de la expresi\u00f3n verbal, en un ambiente que fomenta la creatividad y el emprendimiento.<\/p>\n<p>Podr\u00e1s enriquecer tu perfil como docente de lenguaje y literatura, adquirir una s\u00f3lida pr\u00e1ctica educativa orientada a las letras, y desenvolverte profesionalmente en la escritura, formando tus propias opiniones como artista o en el \u00e1mbito de tu inter\u00e9s.<\/p>\n<p>Duraci\u00f3n: 4.5 a\u00f1os<\/p>\n<table  data-tablesaw-minimap>\n\t\t<thead>\n\t\t<tr>\n\t\t\t<th id=\"pp-table-col-1\" scope=\"col\" data-tablesaw-sortable-col>COSTO DEL PRIMER SEMESTRE:<\/th><th id=\"pp-table-col-2\" scope=\"col\" data-tablesaw-sortable-col><\/th>\t\t<\/tr>\n\t<\/thead>\n\t\t<tbody>\n\t\t<tr><td>Matr\u00edcula (primer pago)<\/td><td>Q 1,980.00<\/td><\/tr><tr><td>Mensualidad\u00a0 \u00a0<\/td><td>Q1,584.00<\/td><\/tr><tr><td>Total del semestre<\/td><td>Q 9,900.00<\/td><\/tr>\t<\/tbody>\n<\/table>\n\t<p><i><strong>*Sujeto a cambios.<\/strong> Puede variar dependiendo de la cantidad de cursos asignados.<\/i><\/p>\n\n","protected":false},"excerpt":{"rendered":"<p>Ense\u00f1anza del Lenguaje y la Literatura Regresar PROCESO DE ADMISI\u00d3N M\u00c1S INFORMACI\u00d3N La carrera de Ense\u00f1anza del Lenguaje y la Literatura te permitir\u00e1 descubrir espacios desconocidos, formarte utop\u00edas, y a la vez entender al ser humano. Nuestro programa te permitir\u00e1 desarrollar habilidades en el arte de la expresi\u00f3n verbal, en un ambiente que fomenta la&hellip;<\/p>\n","protected":false},"author":1,"featured_media":0,"parent":0,"menu_order":0,"comment_status":"closed","ping_status":"closed","template":"","meta":{"footnotes":""},"class_list":["post-442","page","type-page","status-publish","hentry"],"yoast_head":"<!-- This site is optimized with the Yoast SEO plugin v19.11 - https:\/\/yoast.com\/wordpress\/plugins\/seo\/ -->\n<title>Educaci\u00f3n - Admisiones<\/title>\n<meta name=\"robots\" content=\"index, follow, max-snippet:-1, max-image-preview:large, max-video-preview:-1\" \/>\n<link rel=\"canonical\" href=\"https:\/\/admisiones.ufm.edu\/site\/educacion\/\" \/>\n<meta property=\"og:locale\" content=\"es_ES\" \/>\n<meta property=\"og:type\" content=\"article\" \/>\n<meta property=\"og:title\" content=\"Educaci\u00f3n - Admisiones\" \/>\n<meta property=\"og:description\" content=\"Ense\u00f1anza del Lenguaje y la Literatura Regresar PROCESO DE ADMISI\u00d3N M\u00c1S INFORMACI\u00d3N La carrera de Ense\u00f1anza del Lenguaje y la Literatura te permitir\u00e1 descubrir espacios desconocidos, formarte utop\u00edas, y a la vez entender al ser humano. Nuestro programa te permitir\u00e1 desarrollar habilidades en el arte de la expresi\u00f3n verbal, en un ambiente que fomenta la&hellip;\" \/>\n<meta property=\"og:url\" content=\"https:\/\/admisiones.ufm.edu\/site\/educacion\/\" \/>\n<meta property=\"og:site_name\" content=\"Admisiones\" \/>\n<meta property=\"article:modified_time\" content=\"2025-12-12T16:17:53+00:00\" \/>\n<meta name=\"twitter:card\" content=\"summary_large_image\" \/>\n<meta name=\"twitter:label1\" content=\"Tiempo de lectura\" \/>\n\t<meta name=\"twitter:data1\" content=\"1 minuto\" \/>\n<script type=\"application\/ld+json\" class=\"yoast-schema-graph\">{\"@context\":\"https:\/\/schema.org\",\"@graph\":[{\"@type\":\"WebPage\",\"@id\":\"https:\/\/admisiones.ufm.edu\/site\/educacion\/\",\"url\":\"https:\/\/admisiones.ufm.edu\/site\/educacion\/\",\"name\":\"Educaci\u00f3n - Admisiones\",\"isPartOf\":{\"@id\":\"https:\/\/admisiones.ufm.edu\/site\/#website\"},\"datePublished\":\"2022-10-06T21:36:00+00:00\",\"dateModified\":\"2025-12-12T16:17:53+00:00\",\"breadcrumb\":{\"@id\":\"https:\/\/admisiones.ufm.edu\/site\/educacion\/#breadcrumb\"},\"inLanguage\":\"es\",\"potentialAction\":[{\"@type\":\"ReadAction\",\"target\":[\"https:\/\/admisiones.ufm.edu\/site\/educacion\/\"]}]},{\"@type\":\"BreadcrumbList\",\"@id\":\"https:\/\/admisiones.ufm.edu\/site\/educacion\/#breadcrumb\",\"itemListElement\":[{\"@type\":\"ListItem\",\"position\":1,\"name\":\"Home\",\"item\":\"https:\/\/admisiones.ufm.edu\/site\/\"},{\"@type\":\"ListItem\",\"position\":2,\"name\":\"Educaci\u00f3n\"}]},{\"@type\":\"WebSite\",\"@id\":\"https:\/\/admisiones.ufm.edu\/site\/#website\",\"url\":\"https:\/\/admisiones.ufm.edu\/site\/\",\"name\":\"Admisiones\",\"description\":\"Universidad Francisco Marroqu\u00edn\",\"potentialAction\":[{\"@type\":\"SearchAction\",\"target\":{\"@type\":\"EntryPoint\",\"urlTemplate\":\"https:\/\/admisiones.ufm.edu\/site\/?s={search_term_string}\"},\"query-input\":\"required name=search_term_string\"}],\"inLanguage\":\"es\"}]}<\/script>\n<!-- \/ Yoast SEO plugin. -->","yoast_head_json":{"title":"Educaci\u00f3n - Admisiones","robots":{"index":"index","follow":"follow","max-snippet":"max-snippet:-1","max-image-preview":"max-image-preview:large","max-video-preview":"max-video-preview:-1"},"canonical":"https:\/\/admisiones.ufm.edu\/site\/educacion\/","og_locale":"es_ES","og_type":"article","og_title":"Educaci\u00f3n - Admisiones","og_description":"Ense\u00f1anza del Lenguaje y la Literatura Regresar PROCESO DE ADMISI\u00d3N M\u00c1S INFORMACI\u00d3N La carrera de Ense\u00f1anza del Lenguaje y la Literatura te permitir\u00e1 descubrir espacios desconocidos, formarte utop\u00edas, y a la vez entender al ser humano. Nuestro programa te permitir\u00e1 desarrollar habilidades en el arte de la expresi\u00f3n verbal, en un ambiente que fomenta la&hellip;","og_url":"https:\/\/admisiones.ufm.edu\/site\/educacion\/","og_site_name":"Admisiones","article_modified_time":"2025-12-12T16:17:53+00:00","twitter_card":"summary_large_image","twitter_misc":{"Tiempo de lectura":"1 minuto"},"schema":{"@context":"https:\/\/schema.org","@graph":[{"@type":"WebPage","@id":"https:\/\/admisiones.ufm.edu\/site\/educacion\/","url":"https:\/\/admisiones.ufm.edu\/site\/educacion\/","name":"Educaci\u00f3n - Admisiones","isPartOf":{"@id":"https:\/\/admisiones.ufm.edu\/site\/#website"},"datePublished":"2022-10-06T21:36:00+00:00","dateModified":"2025-12-12T16:17:53+00:00","breadcrumb":{"@id":"https:\/\/admisiones.ufm.edu\/site\/educacion\/#breadcrumb"},"inLanguage":"es","potentialAction":[{"@type":"ReadAction","target":["https:\/\/admisiones.ufm.edu\/site\/educacion\/"]}]},{"@type":"BreadcrumbList","@id":"https:\/\/admisiones.ufm.edu\/site\/educacion\/#breadcrumb","itemListElement":[{"@type":"ListItem","position":1,"name":"Home","item":"https:\/\/admisiones.ufm.edu\/site\/"},{"@type":"ListItem","position":2,"name":"Educaci\u00f3n"}]},{"@type":"WebSite","@id":"https:\/\/admisiones.ufm.edu\/site\/#website","url":"https:\/\/admisiones.ufm.edu\/site\/","name":"Admisiones","description":"Universidad Francisco Marroqu\u00edn","potentialAction":[{"@type":"SearchAction","target":{"@type":"EntryPoint","urlTemplate":"https:\/\/admisiones.ufm.edu\/site\/?s={search_term_string}"},"query-input":"required name=search_term_string"}],"inLanguage":"es"}]}},"meta_box":[],"_links":{"self":[{"href":"https:\/\/admisiones.ufm.edu\/site\/wp-json\/wp\/v2\/pages\/442","targetHints":{"allow":["GET"]}}],"collection":[{"href":"https:\/\/admisiones.ufm.edu\/site\/wp-json\/wp\/v2\/pages"}],"about":[{"href":"https:\/\/admisiones.ufm.edu\/site\/wp-json\/wp\/v2\/types\/page"}],"author":[{"embeddable":true,"href":"https:\/\/admisiones.ufm.edu\/site\/wp-json\/wp\/v2\/users\/1"}],"replies":[{"embeddable":true,"href":"https:\/\/admisiones.ufm.edu\/site\/wp-json\/wp\/v2\/comments?post=442"}],"version-history":[{"count":13,"href":"https:\/\/admisiones.ufm.edu\/site\/wp-json\/wp\/v2\/pages\/442\/revisions"}],"predecessor-version":[{"id":4359,"href":"https:\/\/admisiones.ufm.edu\/site\/wp-json\/wp\/v2\/pages\/442\/revisions\/4359"}],"wp:attachment":[{"href":"https:\/\/admisiones.ufm.edu\/site\/wp-json\/wp\/v2\/media?parent=442"}],"curies":[{"name":"wp","href":"https:\/\/api.w.org\/{rel}","templated":true}]}}