{"id":452,"date":"2022-10-06T21:49:09","date_gmt":"2022-10-06T21:49:09","guid":{"rendered":"https:\/\/admisiones.ufm.edu\/site\/?page_id=452"},"modified":"2025-12-08T15:26:23","modified_gmt":"2025-12-08T21:26:23","slug":"diseno-de-interiores","status":"publish","type":"page","link":"https:\/\/admisiones.ufm.edu\/site\/diseno-de-interiores\/","title":{"rendered":"Dise\u00f1o de Interiores"},"content":{"rendered":"\n<h2>\n\t\tDise\u00f1o de Interiores\n\t<\/h2>\n\t\t\t<a href=\"https:\/\/admisiones.ufm.edu\/site\/#carreras\" target=\"_self\" role=\"button\">\n\t\t\t\t\t\t\t Regresar\n\t\t\t\t\t<\/a>\n\t<iframe allowfullscreen allow=\"autoplay\" src=\"https:\/\/www.youtube.com\/embed\/6FOvY4ksaTo?feature=oembed&amp;autoplay=1&amp;start&amp;end&amp;wmode=opaque&amp;loop=0&amp;controls=1&amp;mute=0&amp;rel=0&amp;modestbranding=0\"><\/iframe>\t\n\t\t\t<a href=\"https:\/\/admisiones.ufm.edu\/aplica\/\" target=\"_self\" role=\"button\">\n\t\t\t\t\t\t\tPROCESO DE ADMISI\u00d3N \n\t\t\t\t\t<\/a>\n\t\t\t<a href=\"https:\/\/arquitectura.ufm.edu\/diseno-de-interiores\/ \" target=\"_blank\" role=\"button\" rel=\"noopener\">\n\t\t\t\t\t\t\tM\u00c1S INFORMACI\u00d3N \n\t\t\t\t\t<\/a>\n\t<p>El dise\u00f1o de interiores te abrir\u00e1 un campo de posibilidades creativas, como respuesta a las necesidades y tendencias de los mercados contempor\u00e1neos.<\/p>\n<p>Obtendr\u00e1s las bases te\u00f3ricas, el conocimiento t\u00e9cnico y las herramientas adecuadas, para desarrollar proyectos de interiorismo con base en la experiencia y personalizaci\u00f3n de los ambientes.<\/p>\n<p>Con nuestro programa podr\u00e1s conceptualizar y formarte una visi\u00f3n empresarial, que te permitir\u00e1 ejecutar proyectos innovadores desde la ideaci\u00f3n y la planeaci\u00f3n hasta la ejecuci\u00f3n, aportando valor a la sociedad y al mundo.<\/p>\n<p>Duraci\u00f3n: 4 a\u00f1os<\/p>\n<table  data-tablesaw-minimap>\n\t\t<thead>\n\t\t<tr>\n\t\t\t<th id=\"pp-table-col-1\" scope=\"col\" data-tablesaw-sortable-col>Costo del primer semestre:<\/th><th id=\"pp-table-col-2\" scope=\"col\" data-tablesaw-sortable-col><\/th>\t\t<\/tr>\n\t<\/thead>\n\t\t<tbody>\n\t\t<tr><td>Matr\u00edcula (primer pago)<\/td><td>Q11,205.00<\/td><\/tr><tr><td>Mensualidad\u00a0 \u00a0<\/td><td>Q8,964.00<\/td><\/tr><tr><td>Total del semestre<\/td><td>Q56,025.00<\/td><\/tr>\t<\/tbody>\n<\/table>\n\t<p><i><strong>*Sujeto a cambios.<\/strong> Puede variar dependiendo de la cantidad de cursos asignados.<\/i><\/p>\n\n","protected":false},"excerpt":{"rendered":"<p>Dise\u00f1o de Interiores Regresar PROCESO DE ADMISI\u00d3N M\u00c1S INFORMACI\u00d3N El dise\u00f1o de interiores te abrir\u00e1 un campo de posibilidades creativas, como respuesta a las necesidades y tendencias de los mercados contempor\u00e1neos. Obtendr\u00e1s las bases te\u00f3ricas, el conocimiento t\u00e9cnico y las herramientas adecuadas, para desarrollar proyectos de interiorismo con base en la experiencia y personalizaci\u00f3n de&hellip;<\/p>\n","protected":false},"author":1,"featured_media":0,"parent":0,"menu_order":0,"comment_status":"closed","ping_status":"closed","template":"","meta":{"footnotes":""},"class_list":["post-452","page","type-page","status-publish","hentry"],"yoast_head":"<!-- This site is optimized with the Yoast SEO plugin v19.11 - https:\/\/yoast.com\/wordpress\/plugins\/seo\/ -->\n<title>Dise\u00f1o de Interiores - Admisiones<\/title>\n<meta name=\"robots\" content=\"index, follow, max-snippet:-1, max-image-preview:large, max-video-preview:-1\" \/>\n<link rel=\"canonical\" href=\"https:\/\/admisiones.ufm.edu\/site\/diseno-de-interiores\/\" \/>\n<meta property=\"og:locale\" content=\"es_ES\" \/>\n<meta property=\"og:type\" content=\"article\" \/>\n<meta property=\"og:title\" content=\"Dise\u00f1o de Interiores - Admisiones\" \/>\n<meta property=\"og:description\" content=\"Dise\u00f1o de Interiores Regresar PROCESO DE ADMISI\u00d3N M\u00c1S INFORMACI\u00d3N El dise\u00f1o de interiores te abrir\u00e1 un campo de posibilidades creativas, como respuesta a las necesidades y tendencias de los mercados contempor\u00e1neos. Obtendr\u00e1s las bases te\u00f3ricas, el conocimiento t\u00e9cnico y las herramientas adecuadas, para desarrollar proyectos de interiorismo con base en la experiencia y personalizaci\u00f3n de&hellip;\" \/>\n<meta property=\"og:url\" content=\"https:\/\/admisiones.ufm.edu\/site\/diseno-de-interiores\/\" \/>\n<meta property=\"og:site_name\" content=\"Admisiones\" \/>\n<meta property=\"article:modified_time\" content=\"2025-12-08T21:26:23+00:00\" \/>\n<meta name=\"twitter:card\" content=\"summary_large_image\" \/>\n<meta name=\"twitter:label1\" content=\"Tiempo de lectura\" \/>\n\t<meta name=\"twitter:data1\" content=\"1 minuto\" \/>\n<script type=\"application\/ld+json\" class=\"yoast-schema-graph\">{\"@context\":\"https:\/\/schema.org\",\"@graph\":[{\"@type\":\"WebPage\",\"@id\":\"https:\/\/admisiones.ufm.edu\/site\/diseno-de-interiores\/\",\"url\":\"https:\/\/admisiones.ufm.edu\/site\/diseno-de-interiores\/\",\"name\":\"Dise\u00f1o de Interiores - Admisiones\",\"isPartOf\":{\"@id\":\"https:\/\/admisiones.ufm.edu\/site\/#website\"},\"datePublished\":\"2022-10-06T21:49:09+00:00\",\"dateModified\":\"2025-12-08T21:26:23+00:00\",\"breadcrumb\":{\"@id\":\"https:\/\/admisiones.ufm.edu\/site\/diseno-de-interiores\/#breadcrumb\"},\"inLanguage\":\"es\",\"potentialAction\":[{\"@type\":\"ReadAction\",\"target\":[\"https:\/\/admisiones.ufm.edu\/site\/diseno-de-interiores\/\"]}]},{\"@type\":\"BreadcrumbList\",\"@id\":\"https:\/\/admisiones.ufm.edu\/site\/diseno-de-interiores\/#breadcrumb\",\"itemListElement\":[{\"@type\":\"ListItem\",\"position\":1,\"name\":\"Home\",\"item\":\"https:\/\/admisiones.ufm.edu\/site\/\"},{\"@type\":\"ListItem\",\"position\":2,\"name\":\"Dise\u00f1o de Interiores\"}]},{\"@type\":\"WebSite\",\"@id\":\"https:\/\/admisiones.ufm.edu\/site\/#website\",\"url\":\"https:\/\/admisiones.ufm.edu\/site\/\",\"name\":\"Admisiones\",\"description\":\"Universidad Francisco Marroqu\u00edn\",\"potentialAction\":[{\"@type\":\"SearchAction\",\"target\":{\"@type\":\"EntryPoint\",\"urlTemplate\":\"https:\/\/admisiones.ufm.edu\/site\/?s={search_term_string}\"},\"query-input\":\"required name=search_term_string\"}],\"inLanguage\":\"es\"}]}<\/script>\n<!-- \/ Yoast SEO plugin. -->","yoast_head_json":{"title":"Dise\u00f1o de Interiores - Admisiones","robots":{"index":"index","follow":"follow","max-snippet":"max-snippet:-1","max-image-preview":"max-image-preview:large","max-video-preview":"max-video-preview:-1"},"canonical":"https:\/\/admisiones.ufm.edu\/site\/diseno-de-interiores\/","og_locale":"es_ES","og_type":"article","og_title":"Dise\u00f1o de Interiores - Admisiones","og_description":"Dise\u00f1o de Interiores Regresar PROCESO DE ADMISI\u00d3N M\u00c1S INFORMACI\u00d3N El dise\u00f1o de interiores te abrir\u00e1 un campo de posibilidades creativas, como respuesta a las necesidades y tendencias de los mercados contempor\u00e1neos. Obtendr\u00e1s las bases te\u00f3ricas, el conocimiento t\u00e9cnico y las herramientas adecuadas, para desarrollar proyectos de interiorismo con base en la experiencia y personalizaci\u00f3n de&hellip;","og_url":"https:\/\/admisiones.ufm.edu\/site\/diseno-de-interiores\/","og_site_name":"Admisiones","article_modified_time":"2025-12-08T21:26:23+00:00","twitter_card":"summary_large_image","twitter_misc":{"Tiempo de lectura":"1 minuto"},"schema":{"@context":"https:\/\/schema.org","@graph":[{"@type":"WebPage","@id":"https:\/\/admisiones.ufm.edu\/site\/diseno-de-interiores\/","url":"https:\/\/admisiones.ufm.edu\/site\/diseno-de-interiores\/","name":"Dise\u00f1o de Interiores - Admisiones","isPartOf":{"@id":"https:\/\/admisiones.ufm.edu\/site\/#website"},"datePublished":"2022-10-06T21:49:09+00:00","dateModified":"2025-12-08T21:26:23+00:00","breadcrumb":{"@id":"https:\/\/admisiones.ufm.edu\/site\/diseno-de-interiores\/#breadcrumb"},"inLanguage":"es","potentialAction":[{"@type":"ReadAction","target":["https:\/\/admisiones.ufm.edu\/site\/diseno-de-interiores\/"]}]},{"@type":"BreadcrumbList","@id":"https:\/\/admisiones.ufm.edu\/site\/diseno-de-interiores\/#breadcrumb","itemListElement":[{"@type":"ListItem","position":1,"name":"Home","item":"https:\/\/admisiones.ufm.edu\/site\/"},{"@type":"ListItem","position":2,"name":"Dise\u00f1o de Interiores"}]},{"@type":"WebSite","@id":"https:\/\/admisiones.ufm.edu\/site\/#website","url":"https:\/\/admisiones.ufm.edu\/site\/","name":"Admisiones","description":"Universidad Francisco Marroqu\u00edn","potentialAction":[{"@type":"SearchAction","target":{"@type":"EntryPoint","urlTemplate":"https:\/\/admisiones.ufm.edu\/site\/?s={search_term_string}"},"query-input":"required name=search_term_string"}],"inLanguage":"es"}]}},"meta_box":[],"_links":{"self":[{"href":"https:\/\/admisiones.ufm.edu\/site\/wp-json\/wp\/v2\/pages\/452","targetHints":{"allow":["GET"]}}],"collection":[{"href":"https:\/\/admisiones.ufm.edu\/site\/wp-json\/wp\/v2\/pages"}],"about":[{"href":"https:\/\/admisiones.ufm.edu\/site\/wp-json\/wp\/v2\/types\/page"}],"author":[{"embeddable":true,"href":"https:\/\/admisiones.ufm.edu\/site\/wp-json\/wp\/v2\/users\/1"}],"replies":[{"embeddable":true,"href":"https:\/\/admisiones.ufm.edu\/site\/wp-json\/wp\/v2\/comments?post=452"}],"version-history":[{"count":13,"href":"https:\/\/admisiones.ufm.edu\/site\/wp-json\/wp\/v2\/pages\/452\/revisions"}],"predecessor-version":[{"id":4338,"href":"https:\/\/admisiones.ufm.edu\/site\/wp-json\/wp\/v2\/pages\/452\/revisions\/4338"}],"wp:attachment":[{"href":"https:\/\/admisiones.ufm.edu\/site\/wp-json\/wp\/v2\/media?parent=452"}],"curies":[{"name":"wp","href":"https:\/\/api.w.org\/{rel}","templated":true}]}}