{"id":458,"date":"2022-10-06T21:55:22","date_gmt":"2022-10-06T21:55:22","guid":{"rendered":"https:\/\/admisiones.ufm.edu\/site\/?page_id=458"},"modified":"2025-12-08T15:27:51","modified_gmt":"2025-12-08T21:27:51","slug":"diseno-de-producto","status":"publish","type":"page","link":"https:\/\/admisiones.ufm.edu\/site\/diseno-de-producto\/","title":{"rendered":"Dise\u00f1o de Producto"},"content":{"rendered":"\n<h2>\n\t\tDise\u00f1o de Producto\n\t<\/h2>\n\t\t\t<a href=\"https:\/\/admisiones.ufm.edu\/site\/#carreras\" target=\"_self\" role=\"button\">\n\t\t\t\t\t\t\t Regresar\n\t\t\t\t\t<\/a>\n\t\t\t\t<img loading=\"lazy\" decoding=\"async\" src=\"https:\/\/admisiones.ufm.edu\/site\/wp-content\/uploads\/2022\/10\/UFM-Carrera-Diseno-de-Producto-1.jpg-1024x577.jpeg\" alt=\"UFM Carrera Dise\u00f1o de Producto 1.jpg\" itemprop=\"image\" height=\"577\" width=\"1024\" title=\"UFM Carrera Dise\u00f1o de Producto 1.jpg\" onerror=\"this.style.display='none'\"  \/>\n\t\t\t<a href=\"https:\/\/admisiones.ufm.edu\/aplica\/\" target=\"_self\" role=\"button\">\n\t\t\t\t\t\t\tPROCESO DE ADMISI\u00d3N \n\t\t\t\t\t<\/a>\n\t\t\t<a href=\"https:\/\/arquitectura.ufm.edu\/diseno-de-producto\/ \" target=\"_blank\" role=\"button\" rel=\"noopener\">\n\t\t\t\t\t\t\tM\u00c1S INFORMACI\u00d3N \n\t\t\t\t\t<\/a>\n\t<p>Estudiando la carrera de Dise\u00f1o de Producto, desarrollar\u00e1s habilidades creativas y empresariales para el dise\u00f1o, as\u00ed como la propia creaci\u00f3n de productos, servicios e inventos centrados en el usuario.<\/p>\n<p>Experimentar\u00e1s con tecnolog\u00eda avanzada, talleres especializados y metodolog\u00edas activas, que te permitir\u00e1n realizar tus ideas y formarte un perfil profesional competitivo.<\/p>\n<p>Cultivar\u00e1s tu talento para elaborar soluciones pr\u00e1cticas de valor, con un enfoque est\u00e9tico e innovador, que te dar\u00e1 la oportunidad de desenvolverte en diversas industrias, como dise\u00f1o de servicios, joyer\u00eda, aplicaciones, empaques y muchas m\u00e1s.<\/p>\n<p>Duraci\u00f3n: 4 a\u00f1os<\/p>\n<table  data-tablesaw-minimap>\n\t\t<thead>\n\t\t<tr>\n\t\t\t<th id=\"pp-table-col-1\" scope=\"col\" data-tablesaw-sortable-col>Costo del primer semestre:<\/th><th id=\"pp-table-col-2\" scope=\"col\" data-tablesaw-sortable-col><\/th>\t\t<\/tr>\n\t<\/thead>\n\t\t<tbody>\n\t\t<tr><td>Matr\u00edcula (primer pago)<\/td><td>Q11,205.00<\/td><\/tr><tr><td>Mensualidad\u00a0 \u00a0<\/td><td>Q8,964.00<\/td><\/tr><tr><td>Total del semestre<\/td><td>Q56,025.00<\/td><\/tr>\t<\/tbody>\n<\/table>\n\t<p><i><strong>*Sujeto a cambios.<\/strong> Puede variar dependiendo de la cantidad de cursos asignados.<\/i><\/p>\n\n","protected":false},"excerpt":{"rendered":"<p>Dise\u00f1o de Producto Regresar PROCESO DE ADMISI\u00d3N M\u00c1S INFORMACI\u00d3N Estudiando la carrera de Dise\u00f1o de Producto, desarrollar\u00e1s habilidades creativas y empresariales para el dise\u00f1o, as\u00ed como la propia creaci\u00f3n de productos, servicios e inventos centrados en el usuario. Experimentar\u00e1s con tecnolog\u00eda avanzada, talleres especializados y metodolog\u00edas activas, que te permitir\u00e1n realizar tus ideas y formarte&hellip;<\/p>\n","protected":false},"author":1,"featured_media":0,"parent":0,"menu_order":0,"comment_status":"closed","ping_status":"closed","template":"","meta":{"footnotes":""},"class_list":["post-458","page","type-page","status-publish","hentry"],"yoast_head":"<!-- This site is optimized with the Yoast SEO plugin v19.11 - https:\/\/yoast.com\/wordpress\/plugins\/seo\/ -->\n<title>Dise\u00f1o de Producto - Admisiones<\/title>\n<meta name=\"robots\" content=\"index, follow, max-snippet:-1, max-image-preview:large, max-video-preview:-1\" \/>\n<link rel=\"canonical\" href=\"https:\/\/admisiones.ufm.edu\/site\/diseno-de-producto\/\" \/>\n<meta property=\"og:locale\" content=\"es_ES\" \/>\n<meta property=\"og:type\" content=\"article\" \/>\n<meta property=\"og:title\" content=\"Dise\u00f1o de Producto - Admisiones\" \/>\n<meta property=\"og:description\" content=\"Dise\u00f1o de Producto Regresar PROCESO DE ADMISI\u00d3N M\u00c1S INFORMACI\u00d3N Estudiando la carrera de Dise\u00f1o de Producto, desarrollar\u00e1s habilidades creativas y empresariales para el dise\u00f1o, as\u00ed como la propia creaci\u00f3n de productos, servicios e inventos centrados en el usuario. Experimentar\u00e1s con tecnolog\u00eda avanzada, talleres especializados y metodolog\u00edas activas, que te permitir\u00e1n realizar tus ideas y formarte&hellip;\" \/>\n<meta property=\"og:url\" content=\"https:\/\/admisiones.ufm.edu\/site\/diseno-de-producto\/\" \/>\n<meta property=\"og:site_name\" content=\"Admisiones\" \/>\n<meta property=\"article:modified_time\" content=\"2025-12-08T21:27:51+00:00\" \/>\n<meta property=\"og:image\" content=\"https:\/\/admisiones.ufm.edu\/site\/wp-content\/uploads\/2022\/10\/UFM-Carrera-Diseno-de-Producto-1.jpg-1024x577.jpeg\" \/>\n<meta name=\"twitter:card\" content=\"summary_large_image\" \/>\n<script type=\"application\/ld+json\" class=\"yoast-schema-graph\">{\"@context\":\"https:\/\/schema.org\",\"@graph\":[{\"@type\":\"WebPage\",\"@id\":\"https:\/\/admisiones.ufm.edu\/site\/diseno-de-producto\/\",\"url\":\"https:\/\/admisiones.ufm.edu\/site\/diseno-de-producto\/\",\"name\":\"Dise\u00f1o de Producto - Admisiones\",\"isPartOf\":{\"@id\":\"https:\/\/admisiones.ufm.edu\/site\/#website\"},\"datePublished\":\"2022-10-06T21:55:22+00:00\",\"dateModified\":\"2025-12-08T21:27:51+00:00\",\"breadcrumb\":{\"@id\":\"https:\/\/admisiones.ufm.edu\/site\/diseno-de-producto\/#breadcrumb\"},\"inLanguage\":\"es\",\"potentialAction\":[{\"@type\":\"ReadAction\",\"target\":[\"https:\/\/admisiones.ufm.edu\/site\/diseno-de-producto\/\"]}]},{\"@type\":\"BreadcrumbList\",\"@id\":\"https:\/\/admisiones.ufm.edu\/site\/diseno-de-producto\/#breadcrumb\",\"itemListElement\":[{\"@type\":\"ListItem\",\"position\":1,\"name\":\"Home\",\"item\":\"https:\/\/admisiones.ufm.edu\/site\/\"},{\"@type\":\"ListItem\",\"position\":2,\"name\":\"Dise\u00f1o de Producto\"}]},{\"@type\":\"WebSite\",\"@id\":\"https:\/\/admisiones.ufm.edu\/site\/#website\",\"url\":\"https:\/\/admisiones.ufm.edu\/site\/\",\"name\":\"Admisiones\",\"description\":\"Universidad Francisco Marroqu\u00edn\",\"potentialAction\":[{\"@type\":\"SearchAction\",\"target\":{\"@type\":\"EntryPoint\",\"urlTemplate\":\"https:\/\/admisiones.ufm.edu\/site\/?s={search_term_string}\"},\"query-input\":\"required name=search_term_string\"}],\"inLanguage\":\"es\"}]}<\/script>\n<!-- \/ Yoast SEO plugin. -->","yoast_head_json":{"title":"Dise\u00f1o de Producto - Admisiones","robots":{"index":"index","follow":"follow","max-snippet":"max-snippet:-1","max-image-preview":"max-image-preview:large","max-video-preview":"max-video-preview:-1"},"canonical":"https:\/\/admisiones.ufm.edu\/site\/diseno-de-producto\/","og_locale":"es_ES","og_type":"article","og_title":"Dise\u00f1o de Producto - Admisiones","og_description":"Dise\u00f1o de Producto Regresar PROCESO DE ADMISI\u00d3N M\u00c1S INFORMACI\u00d3N Estudiando la carrera de Dise\u00f1o de Producto, desarrollar\u00e1s habilidades creativas y empresariales para el dise\u00f1o, as\u00ed como la propia creaci\u00f3n de productos, servicios e inventos centrados en el usuario. Experimentar\u00e1s con tecnolog\u00eda avanzada, talleres especializados y metodolog\u00edas activas, que te permitir\u00e1n realizar tus ideas y formarte&hellip;","og_url":"https:\/\/admisiones.ufm.edu\/site\/diseno-de-producto\/","og_site_name":"Admisiones","article_modified_time":"2025-12-08T21:27:51+00:00","og_image":[{"url":"https:\/\/admisiones.ufm.edu\/site\/wp-content\/uploads\/2022\/10\/UFM-Carrera-Diseno-de-Producto-1.jpg-1024x577.jpeg"}],"twitter_card":"summary_large_image","schema":{"@context":"https:\/\/schema.org","@graph":[{"@type":"WebPage","@id":"https:\/\/admisiones.ufm.edu\/site\/diseno-de-producto\/","url":"https:\/\/admisiones.ufm.edu\/site\/diseno-de-producto\/","name":"Dise\u00f1o de Producto - Admisiones","isPartOf":{"@id":"https:\/\/admisiones.ufm.edu\/site\/#website"},"datePublished":"2022-10-06T21:55:22+00:00","dateModified":"2025-12-08T21:27:51+00:00","breadcrumb":{"@id":"https:\/\/admisiones.ufm.edu\/site\/diseno-de-producto\/#breadcrumb"},"inLanguage":"es","potentialAction":[{"@type":"ReadAction","target":["https:\/\/admisiones.ufm.edu\/site\/diseno-de-producto\/"]}]},{"@type":"BreadcrumbList","@id":"https:\/\/admisiones.ufm.edu\/site\/diseno-de-producto\/#breadcrumb","itemListElement":[{"@type":"ListItem","position":1,"name":"Home","item":"https:\/\/admisiones.ufm.edu\/site\/"},{"@type":"ListItem","position":2,"name":"Dise\u00f1o de Producto"}]},{"@type":"WebSite","@id":"https:\/\/admisiones.ufm.edu\/site\/#website","url":"https:\/\/admisiones.ufm.edu\/site\/","name":"Admisiones","description":"Universidad Francisco Marroqu\u00edn","potentialAction":[{"@type":"SearchAction","target":{"@type":"EntryPoint","urlTemplate":"https:\/\/admisiones.ufm.edu\/site\/?s={search_term_string}"},"query-input":"required name=search_term_string"}],"inLanguage":"es"}]}},"meta_box":[],"_links":{"self":[{"href":"https:\/\/admisiones.ufm.edu\/site\/wp-json\/wp\/v2\/pages\/458","targetHints":{"allow":["GET"]}}],"collection":[{"href":"https:\/\/admisiones.ufm.edu\/site\/wp-json\/wp\/v2\/pages"}],"about":[{"href":"https:\/\/admisiones.ufm.edu\/site\/wp-json\/wp\/v2\/types\/page"}],"author":[{"embeddable":true,"href":"https:\/\/admisiones.ufm.edu\/site\/wp-json\/wp\/v2\/users\/1"}],"replies":[{"embeddable":true,"href":"https:\/\/admisiones.ufm.edu\/site\/wp-json\/wp\/v2\/comments?post=458"}],"version-history":[{"count":12,"href":"https:\/\/admisiones.ufm.edu\/site\/wp-json\/wp\/v2\/pages\/458\/revisions"}],"predecessor-version":[{"id":4339,"href":"https:\/\/admisiones.ufm.edu\/site\/wp-json\/wp\/v2\/pages\/458\/revisions\/4339"}],"wp:attachment":[{"href":"https:\/\/admisiones.ufm.edu\/site\/wp-json\/wp\/v2\/media?parent=458"}],"curies":[{"name":"wp","href":"https:\/\/api.w.org\/{rel}","templated":true}]}}