{"id":83,"date":"2022-03-09T14:16:13","date_gmt":"2022-03-09T14:16:13","guid":{"rendered":"https:\/\/admisiones.ufm.edu\/vivelaufm\/?page_id=83"},"modified":"2026-02-06T09:43:16","modified_gmt":"2026-02-06T15:43:16","slug":"preguntas-frecuentes","status":"publish","type":"page","link":"https:\/\/admisiones.ufm.edu\/vivelaufm\/preguntas-frecuentes\/","title":{"rendered":"Preguntas frecuentes"},"content":{"rendered":"\n\n\t\t\t\t<img loading=\"lazy\" decoding=\"async\" src=\"https:\/\/admisiones.ufm.edu\/vivelaufm\/wp-content\/uploads\/2026\/02\/BANNERWEB1_VIVE_UFM.png\" alt=\"BANNERWEB1_VIVE_UFM\" itemprop=\"image\" height=\"601\" width=\"1921\" title=\"BANNERWEB1_VIVE_UFM\" onerror=\"this.style.display='none'\"  \/>\n<h2>\n\t\t\n\t<\/h2>\n\t<h5><strong>\u00bfEl evento tiene alg\u00fan costo?<\/strong><\/h5>\n<p>No, este es un evento completamente gratis. A los que participen en Vive la UFM presencial les daremos parqueo gratis.<\/p>\n<h5><strong>\u00bfMe pueden acompa\u00f1ar mis pap\u00e1s?<\/strong><\/h5>\n<p>S\u00ed, tendremos un \u00e1rea especial con actividades para padres de familia. El parqueo ser\u00e1 gratis.<\/p>\n<h5><strong>\u00bfHabr\u00e1 actividades virtuales?<\/strong><\/h5>\n<p>Todas las actividades ser\u00e1n presenciales.<\/p>\n<h5><strong>\u00bfEn cu\u00e1ntas actividades presenciales puedo participar?<\/strong><\/h5>\n<p>Puedes participar en dos actividades, una en el primer horario y otra en el segundo horario.<\/p>\n<h5><strong>\u00bfLas actividades tienen cupo limitado?<\/strong><\/h5>\n<p>S\u00ed, para respetar el aforo de los salones que utilizaremos.<\/p>\n<h5><strong>\u00bfC\u00f3mo s\u00e9 si estoy inscrito a alguna actividad?<\/strong><\/h5>\n<p>Con el formulario de registro de asistencia que llenaste en la p\u00e1gina web confirmaste tu participaci\u00f3n al Vive la UFM. El d\u00eda antes del evento recibir\u00e1s un recordatorio con las actividades a las que te inscribiste.<\/p>\n\n","protected":false},"excerpt":{"rendered":"<p>\u00bfEl evento tiene alg\u00fan costo? No, este es un evento completamente gratis. A los que participen en Vive la UFM presencial les daremos parqueo gratis. \u00bfMe pueden acompa\u00f1ar mis pap\u00e1s? S\u00ed, tendremos un \u00e1rea especial con actividades para padres de familia. El parqueo ser\u00e1 gratis. \u00bfHabr\u00e1 actividades virtuales? Todas las actividades ser\u00e1n presenciales. \u00bfEn cu\u00e1ntas&hellip;<\/p>\n","protected":false},"author":1,"featured_media":0,"parent":0,"menu_order":0,"comment_status":"closed","ping_status":"closed","template":"","meta":{"footnotes":""},"class_list":["post-83","page","type-page","status-publish","hentry"],"yoast_head":"<!-- This site is optimized with the Yoast SEO plugin v19.2 - https:\/\/yoast.com\/wordpress\/plugins\/seo\/ -->\n<title>Preguntas frecuentes - Vive la UFM<\/title>\n<meta name=\"robots\" content=\"index, follow, max-snippet:-1, max-image-preview:large, max-video-preview:-1\" \/>\n<link rel=\"canonical\" href=\"https:\/\/admisiones.ufm.edu\/vivelaufm\/preguntas-frecuentes\/\" \/>\n<meta property=\"og:locale\" content=\"es_ES\" \/>\n<meta property=\"og:type\" content=\"article\" \/>\n<meta property=\"og:title\" content=\"Preguntas frecuentes - Vive la UFM\" \/>\n<meta property=\"og:description\" content=\"\u00bfEl evento tiene alg\u00fan costo? No, este es un evento completamente gratis. A los que participen en Vive la UFM presencial les daremos parqueo gratis. \u00bfMe pueden acompa\u00f1ar mis pap\u00e1s? S\u00ed, tendremos un \u00e1rea especial con actividades para padres de familia. El parqueo ser\u00e1 gratis. \u00bfHabr\u00e1 actividades virtuales? Todas las actividades ser\u00e1n presenciales. \u00bfEn cu\u00e1ntas&hellip;\" \/>\n<meta property=\"og:url\" content=\"https:\/\/admisiones.ufm.edu\/vivelaufm\/preguntas-frecuentes\/\" \/>\n<meta property=\"og:site_name\" content=\"Vive la UFM\" \/>\n<meta property=\"article:modified_time\" content=\"2026-02-06T15:43:16+00:00\" \/>\n<meta property=\"og:image\" content=\"https:\/\/admisiones.ufm.edu\/vivelaufm\/wp-content\/uploads\/2026\/02\/BANNERWEB1_VIVE_UFM.png\" \/>\n<meta name=\"author\" content=\"ufmlabs\" \/>\n<meta name=\"twitter:card\" content=\"summary_large_image\" \/>\n<meta name=\"twitter:label1\" content=\"Tiempo de lectura\" \/>\n\t<meta name=\"twitter:data1\" content=\"1 minuto\" \/>\n<script type=\"application\/ld+json\" class=\"yoast-schema-graph\">{\"@context\":\"https:\/\/schema.org\",\"@graph\":[{\"@type\":\"WebSite\",\"@id\":\"https:\/\/dev.ufm.edu\/vivelaufm\/#website\",\"url\":\"https:\/\/dev.ufm.edu\/vivelaufm\/\",\"name\":\"Vive la UFM\",\"description\":\"Universidad Francisco Marroqu\u00edn\",\"potentialAction\":[{\"@type\":\"SearchAction\",\"target\":{\"@type\":\"EntryPoint\",\"urlTemplate\":\"https:\/\/dev.ufm.edu\/vivelaufm\/?s={search_term_string}\"},\"query-input\":\"required name=search_term_string\"}],\"inLanguage\":\"es\"},{\"@type\":\"ImageObject\",\"inLanguage\":\"es\",\"@id\":\"https:\/\/admisiones.ufm.edu\/vivelaufm\/preguntas-frecuentes\/#primaryimage\",\"url\":\"https:\/\/admisiones.ufm.edu\/vivelaufm\/wp-content\/uploads\/2026\/02\/BANNERWEB1_VIVE_UFM.png\",\"contentUrl\":\"https:\/\/admisiones.ufm.edu\/vivelaufm\/wp-content\/uploads\/2026\/02\/BANNERWEB1_VIVE_UFM.png\",\"width\":1921,\"height\":601},{\"@type\":\"WebPage\",\"@id\":\"https:\/\/admisiones.ufm.edu\/vivelaufm\/preguntas-frecuentes\/#webpage\",\"url\":\"https:\/\/admisiones.ufm.edu\/vivelaufm\/preguntas-frecuentes\/\",\"name\":\"Preguntas frecuentes - Vive la UFM\",\"isPartOf\":{\"@id\":\"https:\/\/dev.ufm.edu\/vivelaufm\/#website\"},\"primaryImageOfPage\":{\"@id\":\"https:\/\/admisiones.ufm.edu\/vivelaufm\/preguntas-frecuentes\/#primaryimage\"},\"datePublished\":\"2022-03-09T14:16:13+00:00\",\"dateModified\":\"2026-02-06T15:43:16+00:00\",\"breadcrumb\":{\"@id\":\"https:\/\/admisiones.ufm.edu\/vivelaufm\/preguntas-frecuentes\/#breadcrumb\"},\"inLanguage\":\"es\",\"potentialAction\":[{\"@type\":\"ReadAction\",\"target\":[\"https:\/\/admisiones.ufm.edu\/vivelaufm\/preguntas-frecuentes\/\"]}]},{\"@type\":\"BreadcrumbList\",\"@id\":\"https:\/\/admisiones.ufm.edu\/vivelaufm\/preguntas-frecuentes\/#breadcrumb\",\"itemListElement\":[{\"@type\":\"ListItem\",\"position\":1,\"name\":\"Portada\",\"item\":\"https:\/\/admisiones.ufm.edu\/vivelaufm\/\"},{\"@type\":\"ListItem\",\"position\":2,\"name\":\"Preguntas frecuentes\"}]}]}<\/script>\n<!-- \/ Yoast SEO plugin. -->","yoast_head_json":{"title":"Preguntas frecuentes - Vive la UFM","robots":{"index":"index","follow":"follow","max-snippet":"max-snippet:-1","max-image-preview":"max-image-preview:large","max-video-preview":"max-video-preview:-1"},"canonical":"https:\/\/admisiones.ufm.edu\/vivelaufm\/preguntas-frecuentes\/","og_locale":"es_ES","og_type":"article","og_title":"Preguntas frecuentes - Vive la UFM","og_description":"\u00bfEl evento tiene alg\u00fan costo? No, este es un evento completamente gratis. A los que participen en Vive la UFM presencial les daremos parqueo gratis. \u00bfMe pueden acompa\u00f1ar mis pap\u00e1s? S\u00ed, tendremos un \u00e1rea especial con actividades para padres de familia. El parqueo ser\u00e1 gratis. \u00bfHabr\u00e1 actividades virtuales? Todas las actividades ser\u00e1n presenciales. \u00bfEn cu\u00e1ntas&hellip;","og_url":"https:\/\/admisiones.ufm.edu\/vivelaufm\/preguntas-frecuentes\/","og_site_name":"Vive la UFM","article_modified_time":"2026-02-06T15:43:16+00:00","og_image":[{"url":"https:\/\/admisiones.ufm.edu\/vivelaufm\/wp-content\/uploads\/2026\/02\/BANNERWEB1_VIVE_UFM.png"}],"author":"ufmlabs","twitter_card":"summary_large_image","twitter_misc":{"Tiempo de lectura":"1 minuto"},"schema":{"@context":"https:\/\/schema.org","@graph":[{"@type":"WebSite","@id":"https:\/\/dev.ufm.edu\/vivelaufm\/#website","url":"https:\/\/dev.ufm.edu\/vivelaufm\/","name":"Vive la UFM","description":"Universidad Francisco Marroqu\u00edn","potentialAction":[{"@type":"SearchAction","target":{"@type":"EntryPoint","urlTemplate":"https:\/\/dev.ufm.edu\/vivelaufm\/?s={search_term_string}"},"query-input":"required name=search_term_string"}],"inLanguage":"es"},{"@type":"ImageObject","inLanguage":"es","@id":"https:\/\/admisiones.ufm.edu\/vivelaufm\/preguntas-frecuentes\/#primaryimage","url":"https:\/\/admisiones.ufm.edu\/vivelaufm\/wp-content\/uploads\/2026\/02\/BANNERWEB1_VIVE_UFM.png","contentUrl":"https:\/\/admisiones.ufm.edu\/vivelaufm\/wp-content\/uploads\/2026\/02\/BANNERWEB1_VIVE_UFM.png","width":1921,"height":601},{"@type":"WebPage","@id":"https:\/\/admisiones.ufm.edu\/vivelaufm\/preguntas-frecuentes\/#webpage","url":"https:\/\/admisiones.ufm.edu\/vivelaufm\/preguntas-frecuentes\/","name":"Preguntas frecuentes - Vive la UFM","isPartOf":{"@id":"https:\/\/dev.ufm.edu\/vivelaufm\/#website"},"primaryImageOfPage":{"@id":"https:\/\/admisiones.ufm.edu\/vivelaufm\/preguntas-frecuentes\/#primaryimage"},"datePublished":"2022-03-09T14:16:13+00:00","dateModified":"2026-02-06T15:43:16+00:00","breadcrumb":{"@id":"https:\/\/admisiones.ufm.edu\/vivelaufm\/preguntas-frecuentes\/#breadcrumb"},"inLanguage":"es","potentialAction":[{"@type":"ReadAction","target":["https:\/\/admisiones.ufm.edu\/vivelaufm\/preguntas-frecuentes\/"]}]},{"@type":"BreadcrumbList","@id":"https:\/\/admisiones.ufm.edu\/vivelaufm\/preguntas-frecuentes\/#breadcrumb","itemListElement":[{"@type":"ListItem","position":1,"name":"Portada","item":"https:\/\/admisiones.ufm.edu\/vivelaufm\/"},{"@type":"ListItem","position":2,"name":"Preguntas frecuentes"}]}]}},"meta_box":[],"_links":{"self":[{"href":"https:\/\/admisiones.ufm.edu\/vivelaufm\/wp-json\/wp\/v2\/pages\/83","targetHints":{"allow":["GET"]}}],"collection":[{"href":"https:\/\/admisiones.ufm.edu\/vivelaufm\/wp-json\/wp\/v2\/pages"}],"about":[{"href":"https:\/\/admisiones.ufm.edu\/vivelaufm\/wp-json\/wp\/v2\/types\/page"}],"author":[{"embeddable":true,"href":"https:\/\/admisiones.ufm.edu\/vivelaufm\/wp-json\/wp\/v2\/users\/1"}],"replies":[{"embeddable":true,"href":"https:\/\/admisiones.ufm.edu\/vivelaufm\/wp-json\/wp\/v2\/comments?post=83"}],"version-history":[{"count":15,"href":"https:\/\/admisiones.ufm.edu\/vivelaufm\/wp-json\/wp\/v2\/pages\/83\/revisions"}],"predecessor-version":[{"id":12605,"href":"https:\/\/admisiones.ufm.edu\/vivelaufm\/wp-json\/wp\/v2\/pages\/83\/revisions\/12605"}],"wp:attachment":[{"href":"https:\/\/admisiones.ufm.edu\/vivelaufm\/wp-json\/wp\/v2\/media?parent=83"}],"curies":[{"name":"wp","href":"https:\/\/api.w.org\/{rel}","templated":true}]}}